{"id":8843,"date":"2023-08-16T10:30:44","date_gmt":"2023-08-16T08:30:44","guid":{"rendered":"https:\/\/prodemo.lemon.ch\/produit\/kuechenmaschine-choppy-stahlmesser-schwingscheibe-rezepte\/"},"modified":"2025-09-02T11:09:07","modified_gmt":"2025-09-02T09:09:07","slug":"stahlmesser-schwingscheibe-rezepte","status":"publish","type":"product","link":"https:\/\/prodemo.com\/de\/produit\/stahlmesser-schwingscheibe-rezepte\/","title":{"rendered":"Choppy Mixer"},"content":{"rendered":"<p>Mit einer Leistung von 500 W ist Choppy in der Kategorie der Mini-K\u00fcchenmaschinen unschlagbar.<\/p>\n<p>Fassungsverm\u00f6gen des Beh\u00e4lters: 800 ml<\/p>\n<p>Er f\u00fchrt die verschiedensten Arbeitsschritte aus: Kr\u00e4uter hacken, Zwiebeln und Knoblauch schneiden, eine Salatso\u00dfe, ein raffiniertes Tartar oder eine fabelhafte Fischf\u00fcllung herstellen. Eine k\u00f6stliche Suppe aus Gem\u00fcse\u00adresten zubereiten, einen Milkshake mixen oder Cocktails kreieren \u2013 f\u00fcr ihn kein Problem.<br \/>\nDas durchdachte Deckeldesign erm\u00f6glicht sogar das Hinzuf\u00fcgen von Fl\u00fcssigkeiten, w\u00e4hrend das Ger\u00e4t weiterarbeitet.<\/p>\n","protected":false},"excerpt":{"rendered":"<p>Lieferung mit Metallmesser, wei\u00dfem Mixer und Rezepten der Serien 1 und 2<\/p>\n<p>500W starker Motor<\/p>\n<p>1 Choppy Kochsch\u00fcrze<\/p>\n","protected":false},"featured_media":8830,"template":"","meta":{"_acf_changed":false,"_relevanssi_hide_post":"","_relevanssi_hide_content":"","_relevanssi_pin_for_all":"","_relevanssi_pin_keywords":"","_relevanssi_unpin_keywords":"","_relevanssi_related_keywords":"","_relevanssi_related_include_ids":"","_relevanssi_related_exclude_ids":"","_relevanssi_related_no_append":"","_relevanssi_related_not_related":"","_relevanssi_related_posts":"","_relevanssi_noindex_reason":"","inline_featured_image":false},"product_cat":[1356],"product_tag":[1324],"product_label":[],"brand":[1372],"class_list":{"0":"post-8843","1":"product","2":"type-product","3":"status-publish","4":"has-post-thumbnail","6":"product_cat-choppy-de","7":"product_tag-choppy-de","8":"brand-choppy-de","10":"first","11":"instock","12":"sale","13":"taxable","14":"shipping-taxable","15":"purchasable","16":"product-type-variable","17":"has-default-attributes"},"acf":[],"yoast_head":"<!-- This site is optimized with the Yoast SEO plugin v27.5 - https:\/\/yoast.com\/product\/yoast-seo-wordpress\/ -->\n<title>Choppy Mixer - Prodemo<\/title>\n<meta name=\"robots\" content=\"index, follow, max-snippet:-1, max-image-preview:large, max-video-preview:-1\" \/>\n<link rel=\"canonical\" href=\"https:\/\/prodemo.com\/de\/produit\/stahlmesser-schwingscheibe-rezepte\/\" \/>\n<meta property=\"og:locale\" content=\"de_DE\" \/>\n<meta property=\"og:type\" content=\"article\" \/>\n<meta property=\"og:title\" content=\"Choppy Mixer - Prodemo\" \/>\n<meta property=\"og:description\" content=\"Lieferung mit Metallmesser, wei\u00dfem Mixer und Rezepten der Serien 1 und 2  500W starker Motor  1 Choppy Kochsch\u00fcrze\" \/>\n<meta property=\"og:url\" content=\"https:\/\/prodemo.com\/de\/produit\/stahlmesser-schwingscheibe-rezepte\/\" \/>\n<meta property=\"og:site_name\" content=\"Prodemo\" \/>\n<meta property=\"article:modified_time\" content=\"2025-09-02T09:09:07+00:00\" \/>\n<meta property=\"og:image\" content=\"https:\/\/prodemo.com\/wp-content\/uploads\/2023\/08\/Choppy-mixer-bleu-.jpg\" \/>\n\t<meta property=\"og:image:width\" content=\"600\" \/>\n\t<meta property=\"og:image:height\" content=\"600\" \/>\n\t<meta property=\"og:image:type\" content=\"image\/jpeg\" \/>\n<meta name=\"twitter:card\" content=\"summary_large_image\" \/>\n<meta name=\"twitter:label1\" content=\"Gesch\u00e4tzte Lesezeit\" \/>\n\t<meta name=\"twitter:data1\" content=\"1\u00a0Minute\" \/>\n<script type=\"application\/ld+json\" class=\"yoast-schema-graph\">{\"@context\":\"https:\\\/\\\/schema.org\",\"@graph\":[{\"@type\":\"WebPage\",\"@id\":\"https:\\\/\\\/prodemo.com\\\/de\\\/produit\\\/stahlmesser-schwingscheibe-rezepte\\\/\",\"url\":\"https:\\\/\\\/prodemo.com\\\/de\\\/produit\\\/stahlmesser-schwingscheibe-rezepte\\\/\",\"name\":\"Choppy Mixer - Prodemo\",\"isPartOf\":{\"@id\":\"https:\\\/\\\/prodemo.com\\\/de\\\/#website\"},\"primaryImageOfPage\":{\"@id\":\"https:\\\/\\\/prodemo.com\\\/de\\\/produit\\\/stahlmesser-schwingscheibe-rezepte\\\/#primaryimage\"},\"image\":{\"@id\":\"https:\\\/\\\/prodemo.com\\\/de\\\/produit\\\/stahlmesser-schwingscheibe-rezepte\\\/#primaryimage\"},\"thumbnailUrl\":\"https:\\\/\\\/prodemo.com\\\/wp-content\\\/uploads\\\/2023\\\/08\\\/Choppy-mixer-bleu-.jpg\",\"datePublished\":\"2023-08-16T08:30:44+00:00\",\"dateModified\":\"2025-09-02T09:09:07+00:00\",\"breadcrumb\":{\"@id\":\"https:\\\/\\\/prodemo.com\\\/de\\\/produit\\\/stahlmesser-schwingscheibe-rezepte\\\/#breadcrumb\"},\"inLanguage\":\"de\",\"potentialAction\":[{\"@type\":\"ReadAction\",\"target\":[\"https:\\\/\\\/prodemo.com\\\/de\\\/produit\\\/stahlmesser-schwingscheibe-rezepte\\\/\"]}]},{\"@type\":\"ImageObject\",\"inLanguage\":\"de\",\"@id\":\"https:\\\/\\\/prodemo.com\\\/de\\\/produit\\\/stahlmesser-schwingscheibe-rezepte\\\/#primaryimage\",\"url\":\"https:\\\/\\\/prodemo.com\\\/wp-content\\\/uploads\\\/2023\\\/08\\\/Choppy-mixer-bleu-.jpg\",\"contentUrl\":\"https:\\\/\\\/prodemo.com\\\/wp-content\\\/uploads\\\/2023\\\/08\\\/Choppy-mixer-bleu-.jpg\",\"width\":600,\"height\":600},{\"@type\":\"BreadcrumbList\",\"@id\":\"https:\\\/\\\/prodemo.com\\\/de\\\/produit\\\/stahlmesser-schwingscheibe-rezepte\\\/#breadcrumb\",\"itemListElement\":[{\"@type\":\"ListItem\",\"position\":1,\"name\":\"Accueil\",\"item\":\"https:\\\/\\\/prodemo.com\\\/de\\\/home\\\/\"},{\"@type\":\"ListItem\",\"position\":2,\"name\":\"Shop\",\"item\":\"https:\\\/\\\/prodemo.com\\\/de\\\/shop\\\/\"},{\"@type\":\"ListItem\",\"position\":3,\"name\":\"Choppy Mixer\"}]},{\"@type\":\"WebSite\",\"@id\":\"https:\\\/\\\/prodemo.com\\\/de\\\/#website\",\"url\":\"https:\\\/\\\/prodemo.com\\\/de\\\/\",\"name\":\"Prodemo SA\",\"description\":\"Au service de votre cuisine depuis 1974\",\"potentialAction\":[{\"@type\":\"SearchAction\",\"target\":{\"@type\":\"EntryPoint\",\"urlTemplate\":\"https:\\\/\\\/prodemo.com\\\/de\\\/?s={search_term_string}\"},\"query-input\":{\"@type\":\"PropertyValueSpecification\",\"valueRequired\":true,\"valueName\":\"search_term_string\"}}],\"inLanguage\":\"de\"}]}<\/script>\n<!-- \/ Yoast SEO plugin. -->","yoast_head_json":{"title":"Choppy Mixer - Prodemo","robots":{"index":"index","follow":"follow","max-snippet":"max-snippet:-1","max-image-preview":"max-image-preview:large","max-video-preview":"max-video-preview:-1"},"canonical":"https:\/\/prodemo.com\/de\/produit\/stahlmesser-schwingscheibe-rezepte\/","og_locale":"de_DE","og_type":"article","og_title":"Choppy Mixer - Prodemo","og_description":"Lieferung mit Metallmesser, wei\u00dfem Mixer und Rezepten der Serien 1 und 2  500W starker Motor  1 Choppy Kochsch\u00fcrze","og_url":"https:\/\/prodemo.com\/de\/produit\/stahlmesser-schwingscheibe-rezepte\/","og_site_name":"Prodemo","article_modified_time":"2025-09-02T09:09:07+00:00","og_image":[{"width":600,"height":600,"url":"https:\/\/prodemo.com\/wp-content\/uploads\/2023\/08\/Choppy-mixer-bleu-.jpg","type":"image\/jpeg"}],"twitter_card":"summary_large_image","twitter_misc":{"Gesch\u00e4tzte Lesezeit":"1\u00a0Minute"},"schema":{"@context":"https:\/\/schema.org","@graph":[{"@type":"WebPage","@id":"https:\/\/prodemo.com\/de\/produit\/stahlmesser-schwingscheibe-rezepte\/","url":"https:\/\/prodemo.com\/de\/produit\/stahlmesser-schwingscheibe-rezepte\/","name":"Choppy Mixer - Prodemo","isPartOf":{"@id":"https:\/\/prodemo.com\/de\/#website"},"primaryImageOfPage":{"@id":"https:\/\/prodemo.com\/de\/produit\/stahlmesser-schwingscheibe-rezepte\/#primaryimage"},"image":{"@id":"https:\/\/prodemo.com\/de\/produit\/stahlmesser-schwingscheibe-rezepte\/#primaryimage"},"thumbnailUrl":"https:\/\/prodemo.com\/wp-content\/uploads\/2023\/08\/Choppy-mixer-bleu-.jpg","datePublished":"2023-08-16T08:30:44+00:00","dateModified":"2025-09-02T09:09:07+00:00","breadcrumb":{"@id":"https:\/\/prodemo.com\/de\/produit\/stahlmesser-schwingscheibe-rezepte\/#breadcrumb"},"inLanguage":"de","potentialAction":[{"@type":"ReadAction","target":["https:\/\/prodemo.com\/de\/produit\/stahlmesser-schwingscheibe-rezepte\/"]}]},{"@type":"ImageObject","inLanguage":"de","@id":"https:\/\/prodemo.com\/de\/produit\/stahlmesser-schwingscheibe-rezepte\/#primaryimage","url":"https:\/\/prodemo.com\/wp-content\/uploads\/2023\/08\/Choppy-mixer-bleu-.jpg","contentUrl":"https:\/\/prodemo.com\/wp-content\/uploads\/2023\/08\/Choppy-mixer-bleu-.jpg","width":600,"height":600},{"@type":"BreadcrumbList","@id":"https:\/\/prodemo.com\/de\/produit\/stahlmesser-schwingscheibe-rezepte\/#breadcrumb","itemListElement":[{"@type":"ListItem","position":1,"name":"Accueil","item":"https:\/\/prodemo.com\/de\/home\/"},{"@type":"ListItem","position":2,"name":"Shop","item":"https:\/\/prodemo.com\/de\/shop\/"},{"@type":"ListItem","position":3,"name":"Choppy Mixer"}]},{"@type":"WebSite","@id":"https:\/\/prodemo.com\/de\/#website","url":"https:\/\/prodemo.com\/de\/","name":"Prodemo SA","description":"Au service de votre cuisine depuis 1974","potentialAction":[{"@type":"SearchAction","target":{"@type":"EntryPoint","urlTemplate":"https:\/\/prodemo.com\/de\/?s={search_term_string}"},"query-input":{"@type":"PropertyValueSpecification","valueRequired":true,"valueName":"search_term_string"}}],"inLanguage":"de"}]}},"jetpack_sharing_enabled":true,"_links":{"self":[{"href":"https:\/\/prodemo.com\/de\/wp-json\/wp\/v2\/product\/8843","targetHints":{"allow":["GET"]}}],"collection":[{"href":"https:\/\/prodemo.com\/de\/wp-json\/wp\/v2\/product"}],"about":[{"href":"https:\/\/prodemo.com\/de\/wp-json\/wp\/v2\/types\/product"}],"wp:featuredmedia":[{"embeddable":true,"href":"https:\/\/prodemo.com\/de\/wp-json\/wp\/v2\/media\/8830"}],"wp:attachment":[{"href":"https:\/\/prodemo.com\/de\/wp-json\/wp\/v2\/media?parent=8843"}],"wp:term":[{"taxonomy":"product_cat","embeddable":true,"href":"https:\/\/prodemo.com\/de\/wp-json\/wp\/v2\/product_cat?post=8843"},{"taxonomy":"product_tag","embeddable":true,"href":"https:\/\/prodemo.com\/de\/wp-json\/wp\/v2\/product_tag?post=8843"},{"taxonomy":"product_label","embeddable":true,"href":"https:\/\/prodemo.com\/de\/wp-json\/wp\/v2\/product_label?post=8843"},{"taxonomy":"brand","embeddable":true,"href":"https:\/\/prodemo.com\/de\/wp-json\/wp\/v2\/brand?post=8843"}],"curies":[{"name":"wp","href":"https:\/\/api.w.org\/{rel}","templated":true}]}}