{"id":33827,"date":"2025-11-21T08:48:18","date_gmt":"2025-11-21T07:48:18","guid":{"rendered":"https:\/\/prodemo.com\/?post_type=product&#038;p=33827"},"modified":"2026-02-24T08:25:31","modified_gmt":"2026-02-24T07:25:31","slug":"gastrolux-bratpfanne-20cm-ausstellungsmodell-copie-2","status":"publish","type":"product","link":"https:\/\/prodemo.com\/de\/produit\/gastrolux-bratpfanne-20cm-ausstellungsmodell-copie-2\/","title":{"rendered":"Angebot &#8211; GASTROLUX Bratpfanne 20cm"},"content":{"rendered":"<p>Fleisch und\/oder Gem\u00fcse mit Biotan\u00ae Plus antihaftbeschichteter Bratpfanne perfekt braten, um intensiven, authentischen Geschmack, wertvolle Vitamine und Mineralien zu bewahren.  <\/p>\n","protected":false},"excerpt":{"rendered":"<p>F\u00fcr alle Herdarten geeignet, auch f\u00fcr Induktion.<\/p>\n<ul>\n<li>Durchm. oberer 20cm<\/li>\n<li>H\u00f6he 4.5cm<\/li>\n<li>Vol. 1.4L<\/li>\n<li>Durchm. 15cm Herdplatte<\/li>\n<li>Abnehmbarer Stiel<\/li>\n<\/ul>\n","protected":false},"featured_media":12632,"template":"","meta":{"_acf_changed":false,"_relevanssi_hide_post":"","_relevanssi_hide_content":"","_relevanssi_pin_for_all":"","_relevanssi_pin_keywords":"","_relevanssi_unpin_keywords":"","_relevanssi_related_keywords":"","_relevanssi_related_include_ids":"","_relevanssi_related_exclude_ids":"","_relevanssi_related_no_append":"","_relevanssi_related_not_related":"","_relevanssi_related_posts":"","_relevanssi_noindex_reason":"","inline_featured_image":false},"product_cat":[786,879,891],"product_tag":[1330,1396],"product_label":[],"brand":[1375],"class_list":{"0":"post-33827","1":"product","2":"type-product","3":"status-publish","4":"has-post-thumbnail","6":"product_cat-gute-angebote-sets","7":"product_cat-pfannen-hochrandpfannen","8":"product_cat-spezialpfannen-wok-braeter","9":"product_tag-gastrolux-de","10":"product_tag-showroom-de","11":"brand-gastrolux-de","13":"first","14":"instock","15":"sale","16":"taxable","17":"shipping-taxable","18":"purchasable","19":"product-type-simple"},"acf":[],"yoast_head":"<!-- This site is optimized with the Yoast SEO plugin v27.3 - https:\/\/yoast.com\/product\/yoast-seo-wordpress\/ -->\n<title>Angebot - GASTROLUX Bratpfanne 20cm - Prodemo<\/title>\n<meta name=\"robots\" content=\"index, follow, max-snippet:-1, max-image-preview:large, max-video-preview:-1\" \/>\n<link rel=\"canonical\" href=\"https:\/\/prodemo.com\/de\/produit\/gastrolux-bratpfanne-20cm-ausstellungsmodell-copie-2\/\" \/>\n<meta property=\"og:locale\" content=\"de_DE\" \/>\n<meta property=\"og:type\" content=\"article\" \/>\n<meta property=\"og:title\" content=\"Angebot - GASTROLUX Bratpfanne 20cm - Prodemo\" \/>\n<meta property=\"og:description\" content=\"F\u00fcr alle Herdarten geeignet, auch f\u00fcr Induktion.  Durchm. oberer 20cm  H\u00f6he 4.5cm  Vol. 1.4L  Durchm. 15cm Herdplatte  Abnehmbarer Stiel\" \/>\n<meta property=\"og:url\" content=\"https:\/\/prodemo.com\/de\/produit\/gastrolux-bratpfanne-20cm-ausstellungsmodell-copie-2\/\" \/>\n<meta property=\"og:site_name\" content=\"Prodemo\" \/>\n<meta property=\"article:modified_time\" content=\"2026-02-24T07:25:31+00:00\" \/>\n<meta property=\"og:image\" content=\"https:\/\/prodemo.com\/wp-content\/uploads\/2023\/09\/17120_34_2020-scaled.jpg\" \/>\n\t<meta property=\"og:image:width\" content=\"2048\" \/>\n\t<meta property=\"og:image:height\" content=\"2048\" \/>\n\t<meta property=\"og:image:type\" content=\"image\/jpeg\" \/>\n<meta name=\"twitter:card\" content=\"summary_large_image\" \/>\n<meta name=\"twitter:label1\" content=\"Gesch\u00e4tzte Lesezeit\" \/>\n\t<meta name=\"twitter:data1\" content=\"1\u00a0Minute\" \/>\n<script type=\"application\/ld+json\" class=\"yoast-schema-graph\">{\"@context\":\"https:\\\/\\\/schema.org\",\"@graph\":[{\"@type\":\"WebPage\",\"@id\":\"https:\\\/\\\/prodemo.com\\\/de\\\/produit\\\/gastrolux-bratpfanne-20cm-ausstellungsmodell-copie-2\\\/\",\"url\":\"https:\\\/\\\/prodemo.com\\\/de\\\/produit\\\/gastrolux-bratpfanne-20cm-ausstellungsmodell-copie-2\\\/\",\"name\":\"Angebot - GASTROLUX Bratpfanne 20cm - Prodemo\",\"isPartOf\":{\"@id\":\"https:\\\/\\\/prodemo.com\\\/de\\\/#website\"},\"primaryImageOfPage\":{\"@id\":\"https:\\\/\\\/prodemo.com\\\/de\\\/produit\\\/gastrolux-bratpfanne-20cm-ausstellungsmodell-copie-2\\\/#primaryimage\"},\"image\":{\"@id\":\"https:\\\/\\\/prodemo.com\\\/de\\\/produit\\\/gastrolux-bratpfanne-20cm-ausstellungsmodell-copie-2\\\/#primaryimage\"},\"thumbnailUrl\":\"https:\\\/\\\/prodemo.com\\\/wp-content\\\/uploads\\\/2023\\\/09\\\/17120_34_2020-scaled.jpg\",\"datePublished\":\"2025-11-21T07:48:18+00:00\",\"dateModified\":\"2026-02-24T07:25:31+00:00\",\"breadcrumb\":{\"@id\":\"https:\\\/\\\/prodemo.com\\\/de\\\/produit\\\/gastrolux-bratpfanne-20cm-ausstellungsmodell-copie-2\\\/#breadcrumb\"},\"inLanguage\":\"de\",\"potentialAction\":[{\"@type\":\"ReadAction\",\"target\":[\"https:\\\/\\\/prodemo.com\\\/de\\\/produit\\\/gastrolux-bratpfanne-20cm-ausstellungsmodell-copie-2\\\/\"]}]},{\"@type\":\"ImageObject\",\"inLanguage\":\"de\",\"@id\":\"https:\\\/\\\/prodemo.com\\\/de\\\/produit\\\/gastrolux-bratpfanne-20cm-ausstellungsmodell-copie-2\\\/#primaryimage\",\"url\":\"https:\\\/\\\/prodemo.com\\\/wp-content\\\/uploads\\\/2023\\\/09\\\/17120_34_2020-scaled.jpg\",\"contentUrl\":\"https:\\\/\\\/prodemo.com\\\/wp-content\\\/uploads\\\/2023\\\/09\\\/17120_34_2020-scaled.jpg\",\"width\":2048,\"height\":2048},{\"@type\":\"BreadcrumbList\",\"@id\":\"https:\\\/\\\/prodemo.com\\\/de\\\/produit\\\/gastrolux-bratpfanne-20cm-ausstellungsmodell-copie-2\\\/#breadcrumb\",\"itemListElement\":[{\"@type\":\"ListItem\",\"position\":1,\"name\":\"Accueil\",\"item\":\"https:\\\/\\\/prodemo.com\\\/de\\\/home\\\/\"},{\"@type\":\"ListItem\",\"position\":2,\"name\":\"Shop\",\"item\":\"https:\\\/\\\/prodemo.com\\\/de\\\/shop\\\/\"},{\"@type\":\"ListItem\",\"position\":3,\"name\":\"Angebot &#8211; GASTROLUX Bratpfanne 20cm\"}]},{\"@type\":\"WebSite\",\"@id\":\"https:\\\/\\\/prodemo.com\\\/de\\\/#website\",\"url\":\"https:\\\/\\\/prodemo.com\\\/de\\\/\",\"name\":\"Prodemo SA\",\"description\":\"Au service de votre cuisine depuis 1974\",\"potentialAction\":[{\"@type\":\"SearchAction\",\"target\":{\"@type\":\"EntryPoint\",\"urlTemplate\":\"https:\\\/\\\/prodemo.com\\\/de\\\/?s={search_term_string}\"},\"query-input\":{\"@type\":\"PropertyValueSpecification\",\"valueRequired\":true,\"valueName\":\"search_term_string\"}}],\"inLanguage\":\"de\"}]}<\/script>\n<!-- \/ Yoast SEO plugin. -->","yoast_head_json":{"title":"Angebot - GASTROLUX Bratpfanne 20cm - Prodemo","robots":{"index":"index","follow":"follow","max-snippet":"max-snippet:-1","max-image-preview":"max-image-preview:large","max-video-preview":"max-video-preview:-1"},"canonical":"https:\/\/prodemo.com\/de\/produit\/gastrolux-bratpfanne-20cm-ausstellungsmodell-copie-2\/","og_locale":"de_DE","og_type":"article","og_title":"Angebot - GASTROLUX Bratpfanne 20cm - Prodemo","og_description":"F\u00fcr alle Herdarten geeignet, auch f\u00fcr Induktion.  Durchm. oberer 20cm  H\u00f6he 4.5cm  Vol. 1.4L  Durchm. 15cm Herdplatte  Abnehmbarer Stiel","og_url":"https:\/\/prodemo.com\/de\/produit\/gastrolux-bratpfanne-20cm-ausstellungsmodell-copie-2\/","og_site_name":"Prodemo","article_modified_time":"2026-02-24T07:25:31+00:00","og_image":[{"width":2048,"height":2048,"url":"https:\/\/prodemo.com\/wp-content\/uploads\/2023\/09\/17120_34_2020-scaled.jpg","type":"image\/jpeg"}],"twitter_card":"summary_large_image","twitter_misc":{"Gesch\u00e4tzte Lesezeit":"1\u00a0Minute"},"schema":{"@context":"https:\/\/schema.org","@graph":[{"@type":"WebPage","@id":"https:\/\/prodemo.com\/de\/produit\/gastrolux-bratpfanne-20cm-ausstellungsmodell-copie-2\/","url":"https:\/\/prodemo.com\/de\/produit\/gastrolux-bratpfanne-20cm-ausstellungsmodell-copie-2\/","name":"Angebot - GASTROLUX Bratpfanne 20cm - Prodemo","isPartOf":{"@id":"https:\/\/prodemo.com\/de\/#website"},"primaryImageOfPage":{"@id":"https:\/\/prodemo.com\/de\/produit\/gastrolux-bratpfanne-20cm-ausstellungsmodell-copie-2\/#primaryimage"},"image":{"@id":"https:\/\/prodemo.com\/de\/produit\/gastrolux-bratpfanne-20cm-ausstellungsmodell-copie-2\/#primaryimage"},"thumbnailUrl":"https:\/\/prodemo.com\/wp-content\/uploads\/2023\/09\/17120_34_2020-scaled.jpg","datePublished":"2025-11-21T07:48:18+00:00","dateModified":"2026-02-24T07:25:31+00:00","breadcrumb":{"@id":"https:\/\/prodemo.com\/de\/produit\/gastrolux-bratpfanne-20cm-ausstellungsmodell-copie-2\/#breadcrumb"},"inLanguage":"de","potentialAction":[{"@type":"ReadAction","target":["https:\/\/prodemo.com\/de\/produit\/gastrolux-bratpfanne-20cm-ausstellungsmodell-copie-2\/"]}]},{"@type":"ImageObject","inLanguage":"de","@id":"https:\/\/prodemo.com\/de\/produit\/gastrolux-bratpfanne-20cm-ausstellungsmodell-copie-2\/#primaryimage","url":"https:\/\/prodemo.com\/wp-content\/uploads\/2023\/09\/17120_34_2020-scaled.jpg","contentUrl":"https:\/\/prodemo.com\/wp-content\/uploads\/2023\/09\/17120_34_2020-scaled.jpg","width":2048,"height":2048},{"@type":"BreadcrumbList","@id":"https:\/\/prodemo.com\/de\/produit\/gastrolux-bratpfanne-20cm-ausstellungsmodell-copie-2\/#breadcrumb","itemListElement":[{"@type":"ListItem","position":1,"name":"Accueil","item":"https:\/\/prodemo.com\/de\/home\/"},{"@type":"ListItem","position":2,"name":"Shop","item":"https:\/\/prodemo.com\/de\/shop\/"},{"@type":"ListItem","position":3,"name":"Angebot &#8211; GASTROLUX Bratpfanne 20cm"}]},{"@type":"WebSite","@id":"https:\/\/prodemo.com\/de\/#website","url":"https:\/\/prodemo.com\/de\/","name":"Prodemo SA","description":"Au service de votre cuisine depuis 1974","potentialAction":[{"@type":"SearchAction","target":{"@type":"EntryPoint","urlTemplate":"https:\/\/prodemo.com\/de\/?s={search_term_string}"},"query-input":{"@type":"PropertyValueSpecification","valueRequired":true,"valueName":"search_term_string"}}],"inLanguage":"de"}]}},"jetpack_sharing_enabled":true,"_links":{"self":[{"href":"https:\/\/prodemo.com\/de\/wp-json\/wp\/v2\/product\/33827","targetHints":{"allow":["GET"]}}],"collection":[{"href":"https:\/\/prodemo.com\/de\/wp-json\/wp\/v2\/product"}],"about":[{"href":"https:\/\/prodemo.com\/de\/wp-json\/wp\/v2\/types\/product"}],"wp:featuredmedia":[{"embeddable":true,"href":"https:\/\/prodemo.com\/de\/wp-json\/wp\/v2\/media\/12632"}],"wp:attachment":[{"href":"https:\/\/prodemo.com\/de\/wp-json\/wp\/v2\/media?parent=33827"}],"wp:term":[{"taxonomy":"product_cat","embeddable":true,"href":"https:\/\/prodemo.com\/de\/wp-json\/wp\/v2\/product_cat?post=33827"},{"taxonomy":"product_tag","embeddable":true,"href":"https:\/\/prodemo.com\/de\/wp-json\/wp\/v2\/product_tag?post=33827"},{"taxonomy":"product_label","embeddable":true,"href":"https:\/\/prodemo.com\/de\/wp-json\/wp\/v2\/product_label?post=33827"},{"taxonomy":"brand","embeddable":true,"href":"https:\/\/prodemo.com\/de\/wp-json\/wp\/v2\/brand?post=33827"}],"curies":[{"name":"wp","href":"https:\/\/api.w.org\/{rel}","templated":true}]}}