{"id":29057,"date":"2025-06-04T10:52:11","date_gmt":"2025-06-04T08:52:22","guid":{"rendered":"https:\/\/prodemo.com\/?post_type=product&#038;p=29057"},"modified":"2025-06-13T14:55:29","modified_gmt":"2025-06-13T12:55:29","slug":"kochtopf-copie","status":"publish","type":"product","link":"https:\/\/prodemo.com\/de\/produit\/kochtopf-copie\/","title":{"rendered":"SQUALITY Kochtopf (Verkauf von Ausstellungsmodellen)"},"content":{"rendered":"<p>\u00ab AUSSTELLUNGSMODELL \u00bb<\/p>\n<p>Die unter dem Label \u201e<strong>AUSSTELLUNGSMODELL<\/strong>\u201c angebotenen Produkte wurden sorgf\u00e4ltig \u00fcberpr\u00fcft.<br \/>\nSie sind <strong>in einwandfreiem Funktionszustand <\/strong>und <strong>wurden niemals benutzt.<\/strong> Sie wurden lediglich w\u00e4hrend Ausstellungen entweder in unserem Gesch\u00e4ft oder an unseren Messest\u00e4nden bei Messen und Ausstellungen gehandhabt.<br \/>\n\u00c4u\u00dfere und innere Gebrauchsspuren wie Kratzer sind m\u00f6glich, beeintr\u00e4chtigen jedoch die Nutzung in keiner Weise.<br \/>\nDiese Artikel werden ohne Herstellergarantie verkauft, Prodemo SA garantiert jedoch, dass diese Produkte identisch mit neuen Produkten sind.<\/p>\n","protected":false},"excerpt":{"rendered":"<p>\u201e<strong>AUSSTELLUNGSMODELL<\/strong>\u201c \u2013 Was bedeutet das?<br \/>\nDie Informationen dazu finden Sie etwas weiter unten unter \u201eBESCHREIBUNG\u201c.<\/p>\n<ul>\n<li>Eignet sich f\u00fcr die Zubereitung von Schmorgerichten.<\/li>\n<li>Mit der Biotan\u00ae Oberfl\u00e4chen- Veredelung bleiben Gerichte wie Tajines, Suppen und Risotto nicht kleben.<\/li>\n<li>Dank seinem Deckel mit Entl\u00fcftungsknopf ist ein sanftes Garen ohne W\u00e4rmeverluste m\u00f6glich. Sie sparen also auch noch Energie.<\/li>\n<\/ul>\n<p>&nbsp;<\/p>\n","protected":false},"featured_media":13354,"template":"","meta":{"_acf_changed":false,"_relevanssi_hide_post":"","_relevanssi_hide_content":"","_relevanssi_pin_for_all":"","_relevanssi_pin_keywords":"","_relevanssi_unpin_keywords":"","_relevanssi_related_keywords":"","_relevanssi_related_include_ids":"","_relevanssi_related_exclude_ids":"","_relevanssi_related_no_append":"","_relevanssi_related_not_related":"","_relevanssi_related_posts":"","_relevanssi_noindex_reason":"","inline_featured_image":false},"product_cat":[786],"product_tag":[],"product_label":[],"brand":[],"class_list":{"0":"post-29057","1":"product","2":"type-product","3":"status-publish","4":"has-post-thumbnail","6":"product_cat-gute-angebote-sets","8":"first","9":"instock","10":"sale","11":"taxable","12":"shipping-taxable","13":"purchasable","14":"product-type-variable","15":"has-default-attributes"},"acf":[],"yoast_head":"<!-- This site is optimized with the Yoast SEO plugin v27.3 - https:\/\/yoast.com\/product\/yoast-seo-wordpress\/ -->\n<title>SQUALITY Kochtopf (Verkauf von Ausstellungsmodellen) - Prodemo<\/title>\n<meta name=\"robots\" content=\"index, follow, max-snippet:-1, max-image-preview:large, max-video-preview:-1\" \/>\n<link rel=\"canonical\" href=\"https:\/\/prodemo.com\/de\/produit\/kochtopf-copie\/\" \/>\n<meta property=\"og:locale\" content=\"de_DE\" \/>\n<meta property=\"og:type\" content=\"article\" \/>\n<meta property=\"og:title\" content=\"SQUALITY Kochtopf (Verkauf von Ausstellungsmodellen) - Prodemo\" \/>\n<meta property=\"og:description\" content=\"\u201eAUSSTELLUNGSMODELL\u201c \u2013 Was bedeutet das? Die Informationen dazu finden Sie etwas weiter unten unter \u201eBESCHREIBUNG\u201c.   Eignet sich f\u00fcr die Zubereitung von Schmorgerichten.  Mit der Biotan\u00ae Oberfl\u00e4chen- Veredelung bleiben Gerichte wie Tajines, Suppen und Risotto nicht kleben.  Dank seinem Deckel mit Entl\u00fcftungsknopf ist ein sanftes Garen ohne W\u00e4rmeverluste m\u00f6glich. Sie sparen also auch noch Energie.  &nbsp;\" \/>\n<meta property=\"og:url\" content=\"https:\/\/prodemo.com\/de\/produit\/kochtopf-copie\/\" \/>\n<meta property=\"og:site_name\" content=\"Prodemo\" \/>\n<meta property=\"article:modified_time\" content=\"2025-06-13T12:55:29+00:00\" \/>\n<meta property=\"og:image\" content=\"https:\/\/prodemo.com\/wp-content\/uploads\/2023\/10\/37250a_34_2020-1024x1024.jpg\" \/>\n\t<meta property=\"og:image:width\" content=\"1024\" \/>\n\t<meta property=\"og:image:height\" content=\"1024\" \/>\n\t<meta property=\"og:image:type\" content=\"image\/jpeg\" \/>\n<meta name=\"twitter:card\" content=\"summary_large_image\" \/>\n<meta name=\"twitter:label1\" content=\"Gesch\u00e4tzte Lesezeit\" \/>\n\t<meta name=\"twitter:data1\" content=\"1\u00a0Minute\" \/>\n<script type=\"application\/ld+json\" class=\"yoast-schema-graph\">{\"@context\":\"https:\\\/\\\/schema.org\",\"@graph\":[{\"@type\":\"WebPage\",\"@id\":\"https:\\\/\\\/prodemo.com\\\/de\\\/produit\\\/kochtopf-copie\\\/\",\"url\":\"https:\\\/\\\/prodemo.com\\\/de\\\/produit\\\/kochtopf-copie\\\/\",\"name\":\"SQUALITY Kochtopf (Verkauf von Ausstellungsmodellen) - Prodemo\",\"isPartOf\":{\"@id\":\"https:\\\/\\\/prodemo.com\\\/de\\\/#website\"},\"primaryImageOfPage\":{\"@id\":\"https:\\\/\\\/prodemo.com\\\/de\\\/produit\\\/kochtopf-copie\\\/#primaryimage\"},\"image\":{\"@id\":\"https:\\\/\\\/prodemo.com\\\/de\\\/produit\\\/kochtopf-copie\\\/#primaryimage\"},\"thumbnailUrl\":\"https:\\\/\\\/prodemo.com\\\/wp-content\\\/uploads\\\/2023\\\/10\\\/37250a_34_2020-scaled.jpg\",\"datePublished\":\"2025-06-04T08:52:22+00:00\",\"dateModified\":\"2025-06-13T12:55:29+00:00\",\"breadcrumb\":{\"@id\":\"https:\\\/\\\/prodemo.com\\\/de\\\/produit\\\/kochtopf-copie\\\/#breadcrumb\"},\"inLanguage\":\"de\",\"potentialAction\":[{\"@type\":\"ReadAction\",\"target\":[\"https:\\\/\\\/prodemo.com\\\/de\\\/produit\\\/kochtopf-copie\\\/\"]}]},{\"@type\":\"ImageObject\",\"inLanguage\":\"de\",\"@id\":\"https:\\\/\\\/prodemo.com\\\/de\\\/produit\\\/kochtopf-copie\\\/#primaryimage\",\"url\":\"https:\\\/\\\/prodemo.com\\\/wp-content\\\/uploads\\\/2023\\\/10\\\/37250a_34_2020-scaled.jpg\",\"contentUrl\":\"https:\\\/\\\/prodemo.com\\\/wp-content\\\/uploads\\\/2023\\\/10\\\/37250a_34_2020-scaled.jpg\",\"width\":2048,\"height\":2048},{\"@type\":\"BreadcrumbList\",\"@id\":\"https:\\\/\\\/prodemo.com\\\/de\\\/produit\\\/kochtopf-copie\\\/#breadcrumb\",\"itemListElement\":[{\"@type\":\"ListItem\",\"position\":1,\"name\":\"Accueil\",\"item\":\"https:\\\/\\\/prodemo.com\\\/de\\\/home\\\/\"},{\"@type\":\"ListItem\",\"position\":2,\"name\":\"Shop\",\"item\":\"https:\\\/\\\/prodemo.com\\\/de\\\/shop\\\/\"},{\"@type\":\"ListItem\",\"position\":3,\"name\":\"SQUALITY Kochtopf (Verkauf von Ausstellungsmodellen)\"}]},{\"@type\":\"WebSite\",\"@id\":\"https:\\\/\\\/prodemo.com\\\/de\\\/#website\",\"url\":\"https:\\\/\\\/prodemo.com\\\/de\\\/\",\"name\":\"Prodemo SA\",\"description\":\"Au service de votre cuisine depuis 1974\",\"potentialAction\":[{\"@type\":\"SearchAction\",\"target\":{\"@type\":\"EntryPoint\",\"urlTemplate\":\"https:\\\/\\\/prodemo.com\\\/de\\\/?s={search_term_string}\"},\"query-input\":{\"@type\":\"PropertyValueSpecification\",\"valueRequired\":true,\"valueName\":\"search_term_string\"}}],\"inLanguage\":\"de\"}]}<\/script>\n<!-- \/ Yoast SEO plugin. -->","yoast_head_json":{"title":"SQUALITY Kochtopf (Verkauf von Ausstellungsmodellen) - Prodemo","robots":{"index":"index","follow":"follow","max-snippet":"max-snippet:-1","max-image-preview":"max-image-preview:large","max-video-preview":"max-video-preview:-1"},"canonical":"https:\/\/prodemo.com\/de\/produit\/kochtopf-copie\/","og_locale":"de_DE","og_type":"article","og_title":"SQUALITY Kochtopf (Verkauf von Ausstellungsmodellen) - Prodemo","og_description":"\u201eAUSSTELLUNGSMODELL\u201c \u2013 Was bedeutet das? Die Informationen dazu finden Sie etwas weiter unten unter \u201eBESCHREIBUNG\u201c.   Eignet sich f\u00fcr die Zubereitung von Schmorgerichten.  Mit der Biotan\u00ae Oberfl\u00e4chen- Veredelung bleiben Gerichte wie Tajines, Suppen und Risotto nicht kleben.  Dank seinem Deckel mit Entl\u00fcftungsknopf ist ein sanftes Garen ohne W\u00e4rmeverluste m\u00f6glich. Sie sparen also auch noch Energie.  &nbsp;","og_url":"https:\/\/prodemo.com\/de\/produit\/kochtopf-copie\/","og_site_name":"Prodemo","article_modified_time":"2025-06-13T12:55:29+00:00","og_image":[{"width":1024,"height":1024,"url":"https:\/\/prodemo.com\/wp-content\/uploads\/2023\/10\/37250a_34_2020-1024x1024.jpg","type":"image\/jpeg"}],"twitter_card":"summary_large_image","twitter_misc":{"Gesch\u00e4tzte Lesezeit":"1\u00a0Minute"},"schema":{"@context":"https:\/\/schema.org","@graph":[{"@type":"WebPage","@id":"https:\/\/prodemo.com\/de\/produit\/kochtopf-copie\/","url":"https:\/\/prodemo.com\/de\/produit\/kochtopf-copie\/","name":"SQUALITY Kochtopf (Verkauf von Ausstellungsmodellen) - Prodemo","isPartOf":{"@id":"https:\/\/prodemo.com\/de\/#website"},"primaryImageOfPage":{"@id":"https:\/\/prodemo.com\/de\/produit\/kochtopf-copie\/#primaryimage"},"image":{"@id":"https:\/\/prodemo.com\/de\/produit\/kochtopf-copie\/#primaryimage"},"thumbnailUrl":"https:\/\/prodemo.com\/wp-content\/uploads\/2023\/10\/37250a_34_2020-scaled.jpg","datePublished":"2025-06-04T08:52:22+00:00","dateModified":"2025-06-13T12:55:29+00:00","breadcrumb":{"@id":"https:\/\/prodemo.com\/de\/produit\/kochtopf-copie\/#breadcrumb"},"inLanguage":"de","potentialAction":[{"@type":"ReadAction","target":["https:\/\/prodemo.com\/de\/produit\/kochtopf-copie\/"]}]},{"@type":"ImageObject","inLanguage":"de","@id":"https:\/\/prodemo.com\/de\/produit\/kochtopf-copie\/#primaryimage","url":"https:\/\/prodemo.com\/wp-content\/uploads\/2023\/10\/37250a_34_2020-scaled.jpg","contentUrl":"https:\/\/prodemo.com\/wp-content\/uploads\/2023\/10\/37250a_34_2020-scaled.jpg","width":2048,"height":2048},{"@type":"BreadcrumbList","@id":"https:\/\/prodemo.com\/de\/produit\/kochtopf-copie\/#breadcrumb","itemListElement":[{"@type":"ListItem","position":1,"name":"Accueil","item":"https:\/\/prodemo.com\/de\/home\/"},{"@type":"ListItem","position":2,"name":"Shop","item":"https:\/\/prodemo.com\/de\/shop\/"},{"@type":"ListItem","position":3,"name":"SQUALITY Kochtopf (Verkauf von Ausstellungsmodellen)"}]},{"@type":"WebSite","@id":"https:\/\/prodemo.com\/de\/#website","url":"https:\/\/prodemo.com\/de\/","name":"Prodemo SA","description":"Au service de votre cuisine depuis 1974","potentialAction":[{"@type":"SearchAction","target":{"@type":"EntryPoint","urlTemplate":"https:\/\/prodemo.com\/de\/?s={search_term_string}"},"query-input":{"@type":"PropertyValueSpecification","valueRequired":true,"valueName":"search_term_string"}}],"inLanguage":"de"}]}},"jetpack_sharing_enabled":true,"_links":{"self":[{"href":"https:\/\/prodemo.com\/de\/wp-json\/wp\/v2\/product\/29057","targetHints":{"allow":["GET"]}}],"collection":[{"href":"https:\/\/prodemo.com\/de\/wp-json\/wp\/v2\/product"}],"about":[{"href":"https:\/\/prodemo.com\/de\/wp-json\/wp\/v2\/types\/product"}],"wp:featuredmedia":[{"embeddable":true,"href":"https:\/\/prodemo.com\/de\/wp-json\/wp\/v2\/media\/13354"}],"wp:attachment":[{"href":"https:\/\/prodemo.com\/de\/wp-json\/wp\/v2\/media?parent=29057"}],"wp:term":[{"taxonomy":"product_cat","embeddable":true,"href":"https:\/\/prodemo.com\/de\/wp-json\/wp\/v2\/product_cat?post=29057"},{"taxonomy":"product_tag","embeddable":true,"href":"https:\/\/prodemo.com\/de\/wp-json\/wp\/v2\/product_tag?post=29057"},{"taxonomy":"product_label","embeddable":true,"href":"https:\/\/prodemo.com\/de\/wp-json\/wp\/v2\/product_label?post=29057"},{"taxonomy":"brand","embeddable":true,"href":"https:\/\/prodemo.com\/de\/wp-json\/wp\/v2\/brand?post=29057"}],"curies":[{"name":"wp","href":"https:\/\/api.w.org\/{rel}","templated":true}]}}