{"id":18457,"date":"2023-11-08T10:26:01","date_gmt":"2023-11-08T09:26:01","guid":{"rendered":"https:\/\/prodemo.lemon.ch\/produit\/set-mit-2-eiswuerfel-formen\/"},"modified":"2025-11-23T15:43:57","modified_gmt":"2025-11-23T14:43:57","slug":"set-mit-2-eiswuerfel-formen","status":"publish","type":"product","link":"https:\/\/prodemo.com\/de\/produit\/set-mit-2-eiswuerfel-formen\/","title":{"rendered":"Set mit 2 Eisw\u00fcrfelformen"},"content":{"rendered":"<p>Durch unsere flexiblen Formen aus Silikon ist die Entnahme der gefrorenen Eisw\u00fcrfel besonders einfach. Dank dem Deckel sind die stabilen Formen vor dem Auslaufen gesch\u00fctzt und k\u00f6nnen im Gefrierschrank sogar gestapelt werden. Erh\u00e4ltlich in drei verschiedenen gr\u00f6ssen.<\/p>\n","protected":false},"excerpt":{"rendered":"<p>Durch unsere flexiblen Formen aus Silikon ist die Entnahme der gefrorenen Eisw\u00fcrfel besonders einfach. Dank dem Deckel sind die stabilen Formen vor dem Auslaufen gesch\u00fctzt und k\u00f6nnen im Gefrierschrank sogar gestapelt werden. Erh\u00e4ltlich in drei verschiedenen gr\u00f6ssen.<\/p>\n","protected":false},"featured_media":17473,"template":"","meta":{"_acf_changed":false,"_relevanssi_hide_post":"","_relevanssi_hide_content":"","_relevanssi_pin_for_all":"","_relevanssi_pin_keywords":"","_relevanssi_unpin_keywords":"","_relevanssi_related_keywords":"","_relevanssi_related_include_ids":"","_relevanssi_related_exclude_ids":"","_relevanssi_related_no_append":"","_relevanssi_related_not_related":"","_relevanssi_related_posts":"","_relevanssi_noindex_reason":"","inline_featured_image":false},"product_cat":[786,795],"product_tag":[1328],"product_label":[],"brand":[1373],"class_list":{"0":"post-18457","1":"product","2":"type-product","3":"status-publish","4":"has-post-thumbnail","6":"product_cat-gute-angebote-sets","7":"product_cat-kochblume-zubehoer","8":"product_tag-sommer","9":"brand-kochblume-de","11":"first","12":"instock","13":"sale","14":"taxable","15":"shipping-taxable","16":"purchasable","17":"product-type-variable","18":"has-default-attributes"},"acf":[],"yoast_head":"<!-- This site is optimized with the Yoast SEO plugin v27.3 - https:\/\/yoast.com\/product\/yoast-seo-wordpress\/ -->\n<title>Set mit 2 Eisw\u00fcrfelformen - Prodemo<\/title>\n<meta name=\"robots\" content=\"index, follow, max-snippet:-1, max-image-preview:large, max-video-preview:-1\" \/>\n<link rel=\"canonical\" href=\"https:\/\/prodemo.com\/de\/produit\/set-mit-2-eiswuerfel-formen\/\" \/>\n<meta property=\"og:locale\" content=\"de_DE\" \/>\n<meta property=\"og:type\" content=\"article\" \/>\n<meta property=\"og:title\" content=\"Set mit 2 Eisw\u00fcrfelformen - Prodemo\" \/>\n<meta property=\"og:description\" content=\"Durch unsere flexiblen Formen aus Silikon ist die Entnahme der gefrorenen Eisw\u00fcrfel besonders einfach. Dank dem Deckel sind die stabilen Formen vor dem Auslaufen gesch\u00fctzt und k\u00f6nnen im Gefrierschrank sogar gestapelt werden. Erh\u00e4ltlich in drei verschiedenen gr\u00f6ssen.\" \/>\n<meta property=\"og:url\" content=\"https:\/\/prodemo.com\/de\/produit\/set-mit-2-eiswuerfel-formen\/\" \/>\n<meta property=\"og:site_name\" content=\"Prodemo\" \/>\n<meta property=\"article:modified_time\" content=\"2025-11-23T14:43:57+00:00\" \/>\n<meta property=\"og:image\" content=\"https:\/\/prodemo.com\/wp-content\/uploads\/2023\/11\/40078.png\" \/>\n\t<meta property=\"og:image:width\" content=\"2000\" \/>\n\t<meta property=\"og:image:height\" content=\"2000\" \/>\n\t<meta property=\"og:image:type\" content=\"image\/png\" \/>\n<meta name=\"twitter:card\" content=\"summary_large_image\" \/>\n<meta name=\"twitter:label1\" content=\"Gesch\u00e4tzte Lesezeit\" \/>\n\t<meta name=\"twitter:data1\" content=\"1\u00a0Minute\" \/>\n<script type=\"application\/ld+json\" class=\"yoast-schema-graph\">{\"@context\":\"https:\\\/\\\/schema.org\",\"@graph\":[{\"@type\":\"WebPage\",\"@id\":\"https:\\\/\\\/prodemo.com\\\/de\\\/produit\\\/set-mit-2-eiswuerfel-formen\\\/\",\"url\":\"https:\\\/\\\/prodemo.com\\\/de\\\/produit\\\/set-mit-2-eiswuerfel-formen\\\/\",\"name\":\"Set mit 2 Eisw\u00fcrfelformen - Prodemo\",\"isPartOf\":{\"@id\":\"https:\\\/\\\/prodemo.com\\\/de\\\/#website\"},\"primaryImageOfPage\":{\"@id\":\"https:\\\/\\\/prodemo.com\\\/de\\\/produit\\\/set-mit-2-eiswuerfel-formen\\\/#primaryimage\"},\"image\":{\"@id\":\"https:\\\/\\\/prodemo.com\\\/de\\\/produit\\\/set-mit-2-eiswuerfel-formen\\\/#primaryimage\"},\"thumbnailUrl\":\"https:\\\/\\\/prodemo.com\\\/wp-content\\\/uploads\\\/2023\\\/11\\\/40078.png\",\"datePublished\":\"2023-11-08T09:26:01+00:00\",\"dateModified\":\"2025-11-23T14:43:57+00:00\",\"breadcrumb\":{\"@id\":\"https:\\\/\\\/prodemo.com\\\/de\\\/produit\\\/set-mit-2-eiswuerfel-formen\\\/#breadcrumb\"},\"inLanguage\":\"de\",\"potentialAction\":[{\"@type\":\"ReadAction\",\"target\":[\"https:\\\/\\\/prodemo.com\\\/de\\\/produit\\\/set-mit-2-eiswuerfel-formen\\\/\"]}]},{\"@type\":\"ImageObject\",\"inLanguage\":\"de\",\"@id\":\"https:\\\/\\\/prodemo.com\\\/de\\\/produit\\\/set-mit-2-eiswuerfel-formen\\\/#primaryimage\",\"url\":\"https:\\\/\\\/prodemo.com\\\/wp-content\\\/uploads\\\/2023\\\/11\\\/40078.png\",\"contentUrl\":\"https:\\\/\\\/prodemo.com\\\/wp-content\\\/uploads\\\/2023\\\/11\\\/40078.png\",\"width\":2000,\"height\":2000},{\"@type\":\"BreadcrumbList\",\"@id\":\"https:\\\/\\\/prodemo.com\\\/de\\\/produit\\\/set-mit-2-eiswuerfel-formen\\\/#breadcrumb\",\"itemListElement\":[{\"@type\":\"ListItem\",\"position\":1,\"name\":\"Accueil\",\"item\":\"https:\\\/\\\/prodemo.com\\\/de\\\/home\\\/\"},{\"@type\":\"ListItem\",\"position\":2,\"name\":\"Shop\",\"item\":\"https:\\\/\\\/prodemo.com\\\/de\\\/shop\\\/\"},{\"@type\":\"ListItem\",\"position\":3,\"name\":\"Set mit 2 Eisw\u00fcrfelformen\"}]},{\"@type\":\"WebSite\",\"@id\":\"https:\\\/\\\/prodemo.com\\\/de\\\/#website\",\"url\":\"https:\\\/\\\/prodemo.com\\\/de\\\/\",\"name\":\"Prodemo SA\",\"description\":\"Au service de votre cuisine depuis 1974\",\"potentialAction\":[{\"@type\":\"SearchAction\",\"target\":{\"@type\":\"EntryPoint\",\"urlTemplate\":\"https:\\\/\\\/prodemo.com\\\/de\\\/?s={search_term_string}\"},\"query-input\":{\"@type\":\"PropertyValueSpecification\",\"valueRequired\":true,\"valueName\":\"search_term_string\"}}],\"inLanguage\":\"de\"}]}<\/script>\n<!-- \/ Yoast SEO plugin. -->","yoast_head_json":{"title":"Set mit 2 Eisw\u00fcrfelformen - Prodemo","robots":{"index":"index","follow":"follow","max-snippet":"max-snippet:-1","max-image-preview":"max-image-preview:large","max-video-preview":"max-video-preview:-1"},"canonical":"https:\/\/prodemo.com\/de\/produit\/set-mit-2-eiswuerfel-formen\/","og_locale":"de_DE","og_type":"article","og_title":"Set mit 2 Eisw\u00fcrfelformen - Prodemo","og_description":"Durch unsere flexiblen Formen aus Silikon ist die Entnahme der gefrorenen Eisw\u00fcrfel besonders einfach. Dank dem Deckel sind die stabilen Formen vor dem Auslaufen gesch\u00fctzt und k\u00f6nnen im Gefrierschrank sogar gestapelt werden. Erh\u00e4ltlich in drei verschiedenen gr\u00f6ssen.","og_url":"https:\/\/prodemo.com\/de\/produit\/set-mit-2-eiswuerfel-formen\/","og_site_name":"Prodemo","article_modified_time":"2025-11-23T14:43:57+00:00","og_image":[{"width":2000,"height":2000,"url":"https:\/\/prodemo.com\/wp-content\/uploads\/2023\/11\/40078.png","type":"image\/png"}],"twitter_card":"summary_large_image","twitter_misc":{"Gesch\u00e4tzte Lesezeit":"1\u00a0Minute"},"schema":{"@context":"https:\/\/schema.org","@graph":[{"@type":"WebPage","@id":"https:\/\/prodemo.com\/de\/produit\/set-mit-2-eiswuerfel-formen\/","url":"https:\/\/prodemo.com\/de\/produit\/set-mit-2-eiswuerfel-formen\/","name":"Set mit 2 Eisw\u00fcrfelformen - Prodemo","isPartOf":{"@id":"https:\/\/prodemo.com\/de\/#website"},"primaryImageOfPage":{"@id":"https:\/\/prodemo.com\/de\/produit\/set-mit-2-eiswuerfel-formen\/#primaryimage"},"image":{"@id":"https:\/\/prodemo.com\/de\/produit\/set-mit-2-eiswuerfel-formen\/#primaryimage"},"thumbnailUrl":"https:\/\/prodemo.com\/wp-content\/uploads\/2023\/11\/40078.png","datePublished":"2023-11-08T09:26:01+00:00","dateModified":"2025-11-23T14:43:57+00:00","breadcrumb":{"@id":"https:\/\/prodemo.com\/de\/produit\/set-mit-2-eiswuerfel-formen\/#breadcrumb"},"inLanguage":"de","potentialAction":[{"@type":"ReadAction","target":["https:\/\/prodemo.com\/de\/produit\/set-mit-2-eiswuerfel-formen\/"]}]},{"@type":"ImageObject","inLanguage":"de","@id":"https:\/\/prodemo.com\/de\/produit\/set-mit-2-eiswuerfel-formen\/#primaryimage","url":"https:\/\/prodemo.com\/wp-content\/uploads\/2023\/11\/40078.png","contentUrl":"https:\/\/prodemo.com\/wp-content\/uploads\/2023\/11\/40078.png","width":2000,"height":2000},{"@type":"BreadcrumbList","@id":"https:\/\/prodemo.com\/de\/produit\/set-mit-2-eiswuerfel-formen\/#breadcrumb","itemListElement":[{"@type":"ListItem","position":1,"name":"Accueil","item":"https:\/\/prodemo.com\/de\/home\/"},{"@type":"ListItem","position":2,"name":"Shop","item":"https:\/\/prodemo.com\/de\/shop\/"},{"@type":"ListItem","position":3,"name":"Set mit 2 Eisw\u00fcrfelformen"}]},{"@type":"WebSite","@id":"https:\/\/prodemo.com\/de\/#website","url":"https:\/\/prodemo.com\/de\/","name":"Prodemo SA","description":"Au service de votre cuisine depuis 1974","potentialAction":[{"@type":"SearchAction","target":{"@type":"EntryPoint","urlTemplate":"https:\/\/prodemo.com\/de\/?s={search_term_string}"},"query-input":{"@type":"PropertyValueSpecification","valueRequired":true,"valueName":"search_term_string"}}],"inLanguage":"de"}]}},"jetpack_sharing_enabled":true,"_links":{"self":[{"href":"https:\/\/prodemo.com\/de\/wp-json\/wp\/v2\/product\/18457","targetHints":{"allow":["GET"]}}],"collection":[{"href":"https:\/\/prodemo.com\/de\/wp-json\/wp\/v2\/product"}],"about":[{"href":"https:\/\/prodemo.com\/de\/wp-json\/wp\/v2\/types\/product"}],"wp:featuredmedia":[{"embeddable":true,"href":"https:\/\/prodemo.com\/de\/wp-json\/wp\/v2\/media\/17473"}],"wp:attachment":[{"href":"https:\/\/prodemo.com\/de\/wp-json\/wp\/v2\/media?parent=18457"}],"wp:term":[{"taxonomy":"product_cat","embeddable":true,"href":"https:\/\/prodemo.com\/de\/wp-json\/wp\/v2\/product_cat?post=18457"},{"taxonomy":"product_tag","embeddable":true,"href":"https:\/\/prodemo.com\/de\/wp-json\/wp\/v2\/product_tag?post=18457"},{"taxonomy":"product_label","embeddable":true,"href":"https:\/\/prodemo.com\/de\/wp-json\/wp\/v2\/product_label?post=18457"},{"taxonomy":"brand","embeddable":true,"href":"https:\/\/prodemo.com\/de\/wp-json\/wp\/v2\/brand?post=18457"}],"curies":[{"name":"wp","href":"https:\/\/api.w.org\/{rel}","templated":true}]}}