{"id":17138,"date":"2023-11-08T09:52:09","date_gmt":"2023-11-08T08:52:09","guid":{"rendered":"https:\/\/prodemo.lemon.ch\/produit\/backloeffel-kochloeffel\/"},"modified":"2025-11-23T15:42:09","modified_gmt":"2025-11-23T14:42:09","slug":"backloffel-kochloffel","status":"publish","type":"product","link":"https:\/\/prodemo.com\/de\/produit\/backloffel-kochloffel\/","title":{"rendered":"Koch- Backl\u00f6ffelset"},"content":{"rendered":"<p>Der Backl\u00f6ffel kann beides \u2013 Du kannst ihn zum Backen und zum Kochen verwenden. Als Backl\u00f6ffel eignet er sich besonders gut f\u00fcr alle Arten von Teig. Als Backl\u00f6ffel eignet er sich besonders gut f\u00fcr alle Arten von Teig.<\/p>\n<p>Klassiker unter den Kochl\u00f6ffeln! Selbst bei Oma hat dieses Teil schon Tradition in der K\u00fcche. Dieser ist perfekt zum R\u00fchren und Vermengen von Suppen und So\u00dfen.<\/p>\n","protected":false},"excerpt":{"rendered":"<p>Koch- &amp; Backl\u00f6ffel &#8211; diese beiden sind einfach unzertrennlich!<\/p>\n<p>L\u00e4nge 30 cm<\/p>\n","protected":false},"featured_media":17527,"template":"","meta":{"_acf_changed":false,"_relevanssi_hide_post":"","_relevanssi_hide_content":"","_relevanssi_pin_for_all":"","_relevanssi_pin_keywords":"","_relevanssi_unpin_keywords":"","_relevanssi_related_keywords":"","_relevanssi_related_include_ids":"","_relevanssi_related_exclude_ids":"","_relevanssi_related_no_append":"","_relevanssi_related_not_related":"","_relevanssi_related_posts":"","_relevanssi_noindex_reason":"","inline_featured_image":false},"product_cat":[786,930],"product_tag":[],"product_label":[],"brand":[1373],"class_list":{"0":"post-17138","1":"product","2":"type-product","3":"status-publish","4":"has-post-thumbnail","6":"product_cat-gute-angebote-sets","7":"product_cat-kochblume-kuechenhelfer","8":"brand-kochblume-de","10":"first","11":"instock","12":"sale","13":"taxable","14":"shipping-taxable","15":"purchasable","16":"product-type-variable","17":"has-default-attributes"},"acf":[],"yoast_head":"<!-- This site is optimized with the Yoast SEO plugin v27.3 - https:\/\/yoast.com\/product\/yoast-seo-wordpress\/ -->\n<title>Koch- Backl\u00f6ffelset - Prodemo<\/title>\n<meta name=\"robots\" content=\"index, follow, max-snippet:-1, max-image-preview:large, max-video-preview:-1\" \/>\n<link rel=\"canonical\" href=\"https:\/\/prodemo.com\/de\/produit\/backloffel-kochloffel\/\" \/>\n<meta property=\"og:locale\" content=\"de_DE\" \/>\n<meta property=\"og:type\" content=\"article\" \/>\n<meta property=\"og:title\" content=\"Koch- Backl\u00f6ffelset - Prodemo\" \/>\n<meta property=\"og:description\" content=\"Koch- &amp; Backl\u00f6ffel - diese beiden sind einfach unzertrennlich! L\u00e4nge 30 cm\" \/>\n<meta property=\"og:url\" content=\"https:\/\/prodemo.com\/de\/produit\/backloffel-kochloffel\/\" \/>\n<meta property=\"og:site_name\" content=\"Prodemo\" \/>\n<meta property=\"article:modified_time\" content=\"2025-11-23T14:42:09+00:00\" \/>\n<meta property=\"og:image\" content=\"https:\/\/prodemo.com\/wp-content\/uploads\/2023\/11\/11.637.png\" \/>\n\t<meta property=\"og:image:width\" content=\"2000\" \/>\n\t<meta property=\"og:image:height\" content=\"2000\" \/>\n\t<meta property=\"og:image:type\" content=\"image\/png\" \/>\n<meta name=\"twitter:card\" content=\"summary_large_image\" \/>\n<script type=\"application\/ld+json\" class=\"yoast-schema-graph\">{\"@context\":\"https:\\\/\\\/schema.org\",\"@graph\":[{\"@type\":\"WebPage\",\"@id\":\"https:\\\/\\\/prodemo.com\\\/de\\\/produit\\\/backloffel-kochloffel\\\/\",\"url\":\"https:\\\/\\\/prodemo.com\\\/de\\\/produit\\\/backloffel-kochloffel\\\/\",\"name\":\"Koch- Backl\u00f6ffelset - Prodemo\",\"isPartOf\":{\"@id\":\"https:\\\/\\\/prodemo.com\\\/de\\\/#website\"},\"primaryImageOfPage\":{\"@id\":\"https:\\\/\\\/prodemo.com\\\/de\\\/produit\\\/backloffel-kochloffel\\\/#primaryimage\"},\"image\":{\"@id\":\"https:\\\/\\\/prodemo.com\\\/de\\\/produit\\\/backloffel-kochloffel\\\/#primaryimage\"},\"thumbnailUrl\":\"https:\\\/\\\/prodemo.com\\\/wp-content\\\/uploads\\\/2023\\\/11\\\/11.637.png\",\"datePublished\":\"2023-11-08T08:52:09+00:00\",\"dateModified\":\"2025-11-23T14:42:09+00:00\",\"breadcrumb\":{\"@id\":\"https:\\\/\\\/prodemo.com\\\/de\\\/produit\\\/backloffel-kochloffel\\\/#breadcrumb\"},\"inLanguage\":\"de\",\"potentialAction\":[{\"@type\":\"ReadAction\",\"target\":[\"https:\\\/\\\/prodemo.com\\\/de\\\/produit\\\/backloffel-kochloffel\\\/\"]}]},{\"@type\":\"ImageObject\",\"inLanguage\":\"de\",\"@id\":\"https:\\\/\\\/prodemo.com\\\/de\\\/produit\\\/backloffel-kochloffel\\\/#primaryimage\",\"url\":\"https:\\\/\\\/prodemo.com\\\/wp-content\\\/uploads\\\/2023\\\/11\\\/11.637.png\",\"contentUrl\":\"https:\\\/\\\/prodemo.com\\\/wp-content\\\/uploads\\\/2023\\\/11\\\/11.637.png\",\"width\":2000,\"height\":2000},{\"@type\":\"BreadcrumbList\",\"@id\":\"https:\\\/\\\/prodemo.com\\\/de\\\/produit\\\/backloffel-kochloffel\\\/#breadcrumb\",\"itemListElement\":[{\"@type\":\"ListItem\",\"position\":1,\"name\":\"Accueil\",\"item\":\"https:\\\/\\\/prodemo.com\\\/de\\\/home\\\/\"},{\"@type\":\"ListItem\",\"position\":2,\"name\":\"Shop\",\"item\":\"https:\\\/\\\/prodemo.com\\\/de\\\/shop\\\/\"},{\"@type\":\"ListItem\",\"position\":3,\"name\":\"Koch- Backl\u00f6ffelset\"}]},{\"@type\":\"WebSite\",\"@id\":\"https:\\\/\\\/prodemo.com\\\/de\\\/#website\",\"url\":\"https:\\\/\\\/prodemo.com\\\/de\\\/\",\"name\":\"Prodemo SA\",\"description\":\"Au service de votre cuisine depuis 1974\",\"potentialAction\":[{\"@type\":\"SearchAction\",\"target\":{\"@type\":\"EntryPoint\",\"urlTemplate\":\"https:\\\/\\\/prodemo.com\\\/de\\\/?s={search_term_string}\"},\"query-input\":{\"@type\":\"PropertyValueSpecification\",\"valueRequired\":true,\"valueName\":\"search_term_string\"}}],\"inLanguage\":\"de\"}]}<\/script>\n<!-- \/ Yoast SEO plugin. -->","yoast_head_json":{"title":"Koch- Backl\u00f6ffelset - Prodemo","robots":{"index":"index","follow":"follow","max-snippet":"max-snippet:-1","max-image-preview":"max-image-preview:large","max-video-preview":"max-video-preview:-1"},"canonical":"https:\/\/prodemo.com\/de\/produit\/backloffel-kochloffel\/","og_locale":"de_DE","og_type":"article","og_title":"Koch- Backl\u00f6ffelset - Prodemo","og_description":"Koch- &amp; Backl\u00f6ffel - diese beiden sind einfach unzertrennlich! L\u00e4nge 30 cm","og_url":"https:\/\/prodemo.com\/de\/produit\/backloffel-kochloffel\/","og_site_name":"Prodemo","article_modified_time":"2025-11-23T14:42:09+00:00","og_image":[{"width":2000,"height":2000,"url":"https:\/\/prodemo.com\/wp-content\/uploads\/2023\/11\/11.637.png","type":"image\/png"}],"twitter_card":"summary_large_image","schema":{"@context":"https:\/\/schema.org","@graph":[{"@type":"WebPage","@id":"https:\/\/prodemo.com\/de\/produit\/backloffel-kochloffel\/","url":"https:\/\/prodemo.com\/de\/produit\/backloffel-kochloffel\/","name":"Koch- Backl\u00f6ffelset - Prodemo","isPartOf":{"@id":"https:\/\/prodemo.com\/de\/#website"},"primaryImageOfPage":{"@id":"https:\/\/prodemo.com\/de\/produit\/backloffel-kochloffel\/#primaryimage"},"image":{"@id":"https:\/\/prodemo.com\/de\/produit\/backloffel-kochloffel\/#primaryimage"},"thumbnailUrl":"https:\/\/prodemo.com\/wp-content\/uploads\/2023\/11\/11.637.png","datePublished":"2023-11-08T08:52:09+00:00","dateModified":"2025-11-23T14:42:09+00:00","breadcrumb":{"@id":"https:\/\/prodemo.com\/de\/produit\/backloffel-kochloffel\/#breadcrumb"},"inLanguage":"de","potentialAction":[{"@type":"ReadAction","target":["https:\/\/prodemo.com\/de\/produit\/backloffel-kochloffel\/"]}]},{"@type":"ImageObject","inLanguage":"de","@id":"https:\/\/prodemo.com\/de\/produit\/backloffel-kochloffel\/#primaryimage","url":"https:\/\/prodemo.com\/wp-content\/uploads\/2023\/11\/11.637.png","contentUrl":"https:\/\/prodemo.com\/wp-content\/uploads\/2023\/11\/11.637.png","width":2000,"height":2000},{"@type":"BreadcrumbList","@id":"https:\/\/prodemo.com\/de\/produit\/backloffel-kochloffel\/#breadcrumb","itemListElement":[{"@type":"ListItem","position":1,"name":"Accueil","item":"https:\/\/prodemo.com\/de\/home\/"},{"@type":"ListItem","position":2,"name":"Shop","item":"https:\/\/prodemo.com\/de\/shop\/"},{"@type":"ListItem","position":3,"name":"Koch- Backl\u00f6ffelset"}]},{"@type":"WebSite","@id":"https:\/\/prodemo.com\/de\/#website","url":"https:\/\/prodemo.com\/de\/","name":"Prodemo SA","description":"Au service de votre cuisine depuis 1974","potentialAction":[{"@type":"SearchAction","target":{"@type":"EntryPoint","urlTemplate":"https:\/\/prodemo.com\/de\/?s={search_term_string}"},"query-input":{"@type":"PropertyValueSpecification","valueRequired":true,"valueName":"search_term_string"}}],"inLanguage":"de"}]}},"jetpack_sharing_enabled":true,"_links":{"self":[{"href":"https:\/\/prodemo.com\/de\/wp-json\/wp\/v2\/product\/17138","targetHints":{"allow":["GET"]}}],"collection":[{"href":"https:\/\/prodemo.com\/de\/wp-json\/wp\/v2\/product"}],"about":[{"href":"https:\/\/prodemo.com\/de\/wp-json\/wp\/v2\/types\/product"}],"wp:featuredmedia":[{"embeddable":true,"href":"https:\/\/prodemo.com\/de\/wp-json\/wp\/v2\/media\/17527"}],"wp:attachment":[{"href":"https:\/\/prodemo.com\/de\/wp-json\/wp\/v2\/media?parent=17138"}],"wp:term":[{"taxonomy":"product_cat","embeddable":true,"href":"https:\/\/prodemo.com\/de\/wp-json\/wp\/v2\/product_cat?post=17138"},{"taxonomy":"product_tag","embeddable":true,"href":"https:\/\/prodemo.com\/de\/wp-json\/wp\/v2\/product_tag?post=17138"},{"taxonomy":"product_label","embeddable":true,"href":"https:\/\/prodemo.com\/de\/wp-json\/wp\/v2\/product_label?post=17138"},{"taxonomy":"brand","embeddable":true,"href":"https:\/\/prodemo.com\/de\/wp-json\/wp\/v2\/brand?post=17138"}],"curies":[{"name":"wp","href":"https:\/\/api.w.org\/{rel}","templated":true}]}}