{"id":14126,"date":"2023-10-05T13:10:37","date_gmt":"2023-10-05T11:10:37","guid":{"rendered":"https:\/\/prodemo.lemon.ch\/produit\/design-schaber\/"},"modified":"2025-11-23T15:42:17","modified_gmt":"2025-11-23T14:42:17","slug":"design-schaber","status":"publish","type":"product","link":"https:\/\/prodemo.com\/de\/produit\/design-schaber\/","title":{"rendered":"Design Schaber"},"content":{"rendered":"<p>Unsere Schaber sind Deine perfekten K\u00fcchenhilfen und hinterlassen Deine T\u00f6pfe und Sch\u00fcsseln so, wie Du diese vorgefunden hast \u2013 und das fast ohne Absp\u00fclen! Dabei sind sie nat\u00fcrlich besonders gut zum Ausschaben geeignet, aber auch beim Dekorieren und Verzieren zeigen sie, was sie so alles draufhaben.<\/p>\n","protected":false},"excerpt":{"rendered":"<p>Unsere Schaber sind Deine perfekten K\u00fcchenhilfen und hinterlassen Deine T\u00f6pfe und Sch\u00fcsseln so, wie Du diese vorgefunden hast \u2013 und das fast ohne Absp\u00fclen! Dabei sind sie nat\u00fcrlich besonders gut zum Ausschaben geeignet, aber auch beim Dekorieren und Verzieren zeigen sie, was sie so alles draufhaben.<\/p>\n","protected":false},"featured_media":15592,"template":"","meta":{"_acf_changed":false,"_relevanssi_hide_post":"","_relevanssi_hide_content":"","_relevanssi_pin_for_all":"","_relevanssi_pin_keywords":"","_relevanssi_unpin_keywords":"","_relevanssi_related_keywords":"","_relevanssi_related_include_ids":"","_relevanssi_related_exclude_ids":"","_relevanssi_related_no_append":"","_relevanssi_related_not_related":"","_relevanssi_related_posts":"","_relevanssi_noindex_reason":"","inline_featured_image":false},"product_cat":[786,930],"product_tag":[],"product_label":[],"brand":[1373],"class_list":{"0":"post-14126","1":"product","2":"type-product","3":"status-publish","4":"has-post-thumbnail","6":"product_cat-gute-angebote-sets","7":"product_cat-kochblume-kuechenhelfer","8":"brand-kochblume-de","10":"first","11":"instock","12":"taxable","13":"shipping-taxable","14":"purchasable","15":"product-type-variable","16":"has-default-attributes"},"acf":[],"yoast_head":"<!-- This site is optimized with the Yoast SEO plugin v27.5 - https:\/\/yoast.com\/product\/yoast-seo-wordpress\/ -->\n<title>Design Schaber - Prodemo<\/title>\n<meta name=\"robots\" content=\"index, follow, max-snippet:-1, max-image-preview:large, max-video-preview:-1\" \/>\n<link rel=\"canonical\" href=\"https:\/\/prodemo.com\/de\/produit\/design-schaber\/\" \/>\n<meta property=\"og:locale\" content=\"de_DE\" \/>\n<meta property=\"og:type\" content=\"article\" \/>\n<meta property=\"og:title\" content=\"Design Schaber - Prodemo\" \/>\n<meta property=\"og:description\" content=\"Unsere Schaber sind Deine perfekten K\u00fcchenhilfen und hinterlassen Deine T\u00f6pfe und Sch\u00fcsseln so, wie Du diese vorgefunden hast \u2013 und das fast ohne Absp\u00fclen! Dabei sind sie nat\u00fcrlich besonders gut zum Ausschaben geeignet, aber auch beim Dekorieren und Verzieren zeigen sie, was sie so alles draufhaben.\" \/>\n<meta property=\"og:url\" content=\"https:\/\/prodemo.com\/de\/produit\/design-schaber\/\" \/>\n<meta property=\"og:site_name\" content=\"Prodemo\" \/>\n<meta property=\"article:modified_time\" content=\"2025-11-23T14:42:17+00:00\" \/>\n<meta property=\"og:image\" content=\"https:\/\/prodemo.com\/wp-content\/uploads\/2023\/10\/Design-Teigschaber-L_1-2-1.png\" \/>\n\t<meta property=\"og:image:width\" content=\"3033\" \/>\n\t<meta property=\"og:image:height\" content=\"3033\" \/>\n\t<meta property=\"og:image:type\" content=\"image\/png\" \/>\n<meta name=\"twitter:card\" content=\"summary_large_image\" \/>\n<meta name=\"twitter:label1\" content=\"Gesch\u00e4tzte Lesezeit\" \/>\n\t<meta name=\"twitter:data1\" content=\"1\u00a0Minute\" \/>\n<script type=\"application\/ld+json\" class=\"yoast-schema-graph\">{\"@context\":\"https:\\\/\\\/schema.org\",\"@graph\":[{\"@type\":\"WebPage\",\"@id\":\"https:\\\/\\\/prodemo.com\\\/de\\\/produit\\\/design-schaber\\\/\",\"url\":\"https:\\\/\\\/prodemo.com\\\/de\\\/produit\\\/design-schaber\\\/\",\"name\":\"Design Schaber - Prodemo\",\"isPartOf\":{\"@id\":\"https:\\\/\\\/prodemo.com\\\/de\\\/#website\"},\"primaryImageOfPage\":{\"@id\":\"https:\\\/\\\/prodemo.com\\\/de\\\/produit\\\/design-schaber\\\/#primaryimage\"},\"image\":{\"@id\":\"https:\\\/\\\/prodemo.com\\\/de\\\/produit\\\/design-schaber\\\/#primaryimage\"},\"thumbnailUrl\":\"https:\\\/\\\/prodemo.com\\\/wp-content\\\/uploads\\\/2023\\\/10\\\/Design-Teigschaber-L_1-2-1.png\",\"datePublished\":\"2023-10-05T11:10:37+00:00\",\"dateModified\":\"2025-11-23T14:42:17+00:00\",\"breadcrumb\":{\"@id\":\"https:\\\/\\\/prodemo.com\\\/de\\\/produit\\\/design-schaber\\\/#breadcrumb\"},\"inLanguage\":\"de\",\"potentialAction\":[{\"@type\":\"ReadAction\",\"target\":[\"https:\\\/\\\/prodemo.com\\\/de\\\/produit\\\/design-schaber\\\/\"]}]},{\"@type\":\"ImageObject\",\"inLanguage\":\"de\",\"@id\":\"https:\\\/\\\/prodemo.com\\\/de\\\/produit\\\/design-schaber\\\/#primaryimage\",\"url\":\"https:\\\/\\\/prodemo.com\\\/wp-content\\\/uploads\\\/2023\\\/10\\\/Design-Teigschaber-L_1-2-1.png\",\"contentUrl\":\"https:\\\/\\\/prodemo.com\\\/wp-content\\\/uploads\\\/2023\\\/10\\\/Design-Teigschaber-L_1-2-1.png\",\"width\":3033,\"height\":3033},{\"@type\":\"BreadcrumbList\",\"@id\":\"https:\\\/\\\/prodemo.com\\\/de\\\/produit\\\/design-schaber\\\/#breadcrumb\",\"itemListElement\":[{\"@type\":\"ListItem\",\"position\":1,\"name\":\"Accueil\",\"item\":\"https:\\\/\\\/prodemo.com\\\/de\\\/home\\\/\"},{\"@type\":\"ListItem\",\"position\":2,\"name\":\"Shop\",\"item\":\"https:\\\/\\\/prodemo.com\\\/de\\\/shop\\\/\"},{\"@type\":\"ListItem\",\"position\":3,\"name\":\"Design Schaber\"}]},{\"@type\":\"WebSite\",\"@id\":\"https:\\\/\\\/prodemo.com\\\/de\\\/#website\",\"url\":\"https:\\\/\\\/prodemo.com\\\/de\\\/\",\"name\":\"Prodemo SA\",\"description\":\"Au service de votre cuisine depuis 1974\",\"potentialAction\":[{\"@type\":\"SearchAction\",\"target\":{\"@type\":\"EntryPoint\",\"urlTemplate\":\"https:\\\/\\\/prodemo.com\\\/de\\\/?s={search_term_string}\"},\"query-input\":{\"@type\":\"PropertyValueSpecification\",\"valueRequired\":true,\"valueName\":\"search_term_string\"}}],\"inLanguage\":\"de\"}]}<\/script>\n<!-- \/ Yoast SEO plugin. -->","yoast_head_json":{"title":"Design Schaber - Prodemo","robots":{"index":"index","follow":"follow","max-snippet":"max-snippet:-1","max-image-preview":"max-image-preview:large","max-video-preview":"max-video-preview:-1"},"canonical":"https:\/\/prodemo.com\/de\/produit\/design-schaber\/","og_locale":"de_DE","og_type":"article","og_title":"Design Schaber - Prodemo","og_description":"Unsere Schaber sind Deine perfekten K\u00fcchenhilfen und hinterlassen Deine T\u00f6pfe und Sch\u00fcsseln so, wie Du diese vorgefunden hast \u2013 und das fast ohne Absp\u00fclen! Dabei sind sie nat\u00fcrlich besonders gut zum Ausschaben geeignet, aber auch beim Dekorieren und Verzieren zeigen sie, was sie so alles draufhaben.","og_url":"https:\/\/prodemo.com\/de\/produit\/design-schaber\/","og_site_name":"Prodemo","article_modified_time":"2025-11-23T14:42:17+00:00","og_image":[{"width":3033,"height":3033,"url":"https:\/\/prodemo.com\/wp-content\/uploads\/2023\/10\/Design-Teigschaber-L_1-2-1.png","type":"image\/png"}],"twitter_card":"summary_large_image","twitter_misc":{"Gesch\u00e4tzte Lesezeit":"1\u00a0Minute"},"schema":{"@context":"https:\/\/schema.org","@graph":[{"@type":"WebPage","@id":"https:\/\/prodemo.com\/de\/produit\/design-schaber\/","url":"https:\/\/prodemo.com\/de\/produit\/design-schaber\/","name":"Design Schaber - Prodemo","isPartOf":{"@id":"https:\/\/prodemo.com\/de\/#website"},"primaryImageOfPage":{"@id":"https:\/\/prodemo.com\/de\/produit\/design-schaber\/#primaryimage"},"image":{"@id":"https:\/\/prodemo.com\/de\/produit\/design-schaber\/#primaryimage"},"thumbnailUrl":"https:\/\/prodemo.com\/wp-content\/uploads\/2023\/10\/Design-Teigschaber-L_1-2-1.png","datePublished":"2023-10-05T11:10:37+00:00","dateModified":"2025-11-23T14:42:17+00:00","breadcrumb":{"@id":"https:\/\/prodemo.com\/de\/produit\/design-schaber\/#breadcrumb"},"inLanguage":"de","potentialAction":[{"@type":"ReadAction","target":["https:\/\/prodemo.com\/de\/produit\/design-schaber\/"]}]},{"@type":"ImageObject","inLanguage":"de","@id":"https:\/\/prodemo.com\/de\/produit\/design-schaber\/#primaryimage","url":"https:\/\/prodemo.com\/wp-content\/uploads\/2023\/10\/Design-Teigschaber-L_1-2-1.png","contentUrl":"https:\/\/prodemo.com\/wp-content\/uploads\/2023\/10\/Design-Teigschaber-L_1-2-1.png","width":3033,"height":3033},{"@type":"BreadcrumbList","@id":"https:\/\/prodemo.com\/de\/produit\/design-schaber\/#breadcrumb","itemListElement":[{"@type":"ListItem","position":1,"name":"Accueil","item":"https:\/\/prodemo.com\/de\/home\/"},{"@type":"ListItem","position":2,"name":"Shop","item":"https:\/\/prodemo.com\/de\/shop\/"},{"@type":"ListItem","position":3,"name":"Design Schaber"}]},{"@type":"WebSite","@id":"https:\/\/prodemo.com\/de\/#website","url":"https:\/\/prodemo.com\/de\/","name":"Prodemo SA","description":"Au service de votre cuisine depuis 1974","potentialAction":[{"@type":"SearchAction","target":{"@type":"EntryPoint","urlTemplate":"https:\/\/prodemo.com\/de\/?s={search_term_string}"},"query-input":{"@type":"PropertyValueSpecification","valueRequired":true,"valueName":"search_term_string"}}],"inLanguage":"de"}]}},"jetpack_sharing_enabled":true,"_links":{"self":[{"href":"https:\/\/prodemo.com\/de\/wp-json\/wp\/v2\/product\/14126","targetHints":{"allow":["GET"]}}],"collection":[{"href":"https:\/\/prodemo.com\/de\/wp-json\/wp\/v2\/product"}],"about":[{"href":"https:\/\/prodemo.com\/de\/wp-json\/wp\/v2\/types\/product"}],"wp:featuredmedia":[{"embeddable":true,"href":"https:\/\/prodemo.com\/de\/wp-json\/wp\/v2\/media\/15592"}],"wp:attachment":[{"href":"https:\/\/prodemo.com\/de\/wp-json\/wp\/v2\/media?parent=14126"}],"wp:term":[{"taxonomy":"product_cat","embeddable":true,"href":"https:\/\/prodemo.com\/de\/wp-json\/wp\/v2\/product_cat?post=14126"},{"taxonomy":"product_tag","embeddable":true,"href":"https:\/\/prodemo.com\/de\/wp-json\/wp\/v2\/product_tag?post=14126"},{"taxonomy":"product_label","embeddable":true,"href":"https:\/\/prodemo.com\/de\/wp-json\/wp\/v2\/product_label?post=14126"},{"taxonomy":"brand","embeddable":true,"href":"https:\/\/prodemo.com\/de\/wp-json\/wp\/v2\/brand?post=14126"}],"curies":[{"name":"wp","href":"https:\/\/api.w.org\/{rel}","templated":true}]}}