{"id":12089,"date":"2023-07-14T07:41:17","date_gmt":"2023-07-14T05:41:17","guid":{"rendered":"https:\/\/prodemo.lemon.ch\/produit\/multiuntersetzer-3er-set\/"},"modified":"2025-11-23T15:43:57","modified_gmt":"2025-11-23T14:43:57","slug":"multiuntersetzer-3er-set","status":"publish","type":"product","link":"https:\/\/prodemo.com\/de\/produit\/multiuntersetzer-3er-set\/","title":{"rendered":"Multiuntersetzer 3er-Set"},"content":{"rendered":"<p>Die Multiuntersetzer von Kochblume \u00fcberzeugen mit Anti-Rutsch-Effekt und integrierter Auffangkante. Somit k\u00f6nnen Fl\u00fcssigkeiten geschickt abgefangen werden. Das Silikon verhindert Kratzer auf s\u00e4mtlichen Oberfl\u00e4chen und bietet gleichzeitig einen starken Halt f\u00fcr Tassen, Gl\u00e4ser oder Flaschen. Ob hei\u00df oder kalt spielt hierbei keine Rolle!<\/p>\n<p>&nbsp;<\/p>\n","protected":false},"excerpt":{"rendered":"<p>\u00d8\u00a0: 9.5 cm<\/p>\n","protected":false},"featured_media":15502,"template":"","meta":{"_acf_changed":false,"_relevanssi_hide_post":"","_relevanssi_hide_content":"","_relevanssi_pin_for_all":"","_relevanssi_pin_keywords":"","_relevanssi_unpin_keywords":"","_relevanssi_related_keywords":"","_relevanssi_related_include_ids":"","_relevanssi_related_exclude_ids":"","_relevanssi_related_no_append":"","_relevanssi_related_not_related":"","_relevanssi_related_posts":"","_relevanssi_noindex_reason":"","inline_featured_image":false},"product_cat":[786,795],"product_tag":[],"product_label":[],"brand":[1373],"class_list":{"0":"post-12089","1":"product","2":"type-product","3":"status-publish","4":"has-post-thumbnail","6":"product_cat-gute-angebote-sets","7":"product_cat-kochblume-zubehoer","8":"brand-kochblume-de","10":"first","11":"instock","12":"taxable","13":"shipping-taxable","14":"purchasable","15":"product-type-variable","16":"has-default-attributes"},"acf":[],"yoast_head":"<!-- This site is optimized with the Yoast SEO plugin v27.3 - https:\/\/yoast.com\/product\/yoast-seo-wordpress\/ -->\n<title>Multiuntersetzer 3er-Set - Prodemo<\/title>\n<meta name=\"robots\" content=\"index, follow, max-snippet:-1, max-image-preview:large, max-video-preview:-1\" \/>\n<link rel=\"canonical\" href=\"https:\/\/prodemo.com\/de\/produit\/multiuntersetzer-3er-set\/\" \/>\n<meta property=\"og:locale\" content=\"de_DE\" \/>\n<meta property=\"og:type\" content=\"article\" \/>\n<meta property=\"og:title\" content=\"Multiuntersetzer 3er-Set - Prodemo\" \/>\n<meta property=\"og:description\" content=\"\u00d8\u00a0: 9.5 cm\" \/>\n<meta property=\"og:url\" content=\"https:\/\/prodemo.com\/de\/produit\/multiuntersetzer-3er-set\/\" \/>\n<meta property=\"og:site_name\" content=\"Prodemo\" \/>\n<meta property=\"article:modified_time\" content=\"2025-11-23T14:43:57+00:00\" \/>\n<meta property=\"og:image\" content=\"https:\/\/prodemo.com\/wp-content\/uploads\/2023\/10\/30005.10_Multiuntersetzer_3er_Set_anthrazit_2.png\" \/>\n\t<meta property=\"og:image:width\" content=\"2976\" \/>\n\t<meta property=\"og:image:height\" content=\"2998\" \/>\n\t<meta property=\"og:image:type\" content=\"image\/png\" \/>\n<meta name=\"twitter:card\" content=\"summary_large_image\" \/>\n<meta name=\"twitter:label1\" content=\"Gesch\u00e4tzte Lesezeit\" \/>\n\t<meta name=\"twitter:data1\" content=\"1\u00a0Minute\" \/>\n<script type=\"application\/ld+json\" class=\"yoast-schema-graph\">{\"@context\":\"https:\\\/\\\/schema.org\",\"@graph\":[{\"@type\":\"WebPage\",\"@id\":\"https:\\\/\\\/prodemo.com\\\/de\\\/produit\\\/multiuntersetzer-3er-set\\\/\",\"url\":\"https:\\\/\\\/prodemo.com\\\/de\\\/produit\\\/multiuntersetzer-3er-set\\\/\",\"name\":\"Multiuntersetzer 3er-Set - Prodemo\",\"isPartOf\":{\"@id\":\"https:\\\/\\\/prodemo.com\\\/de\\\/#website\"},\"primaryImageOfPage\":{\"@id\":\"https:\\\/\\\/prodemo.com\\\/de\\\/produit\\\/multiuntersetzer-3er-set\\\/#primaryimage\"},\"image\":{\"@id\":\"https:\\\/\\\/prodemo.com\\\/de\\\/produit\\\/multiuntersetzer-3er-set\\\/#primaryimage\"},\"thumbnailUrl\":\"https:\\\/\\\/prodemo.com\\\/wp-content\\\/uploads\\\/2023\\\/10\\\/30005.10_Multiuntersetzer_3er_Set_anthrazit_2.png\",\"datePublished\":\"2023-07-14T05:41:17+00:00\",\"dateModified\":\"2025-11-23T14:43:57+00:00\",\"breadcrumb\":{\"@id\":\"https:\\\/\\\/prodemo.com\\\/de\\\/produit\\\/multiuntersetzer-3er-set\\\/#breadcrumb\"},\"inLanguage\":\"de\",\"potentialAction\":[{\"@type\":\"ReadAction\",\"target\":[\"https:\\\/\\\/prodemo.com\\\/de\\\/produit\\\/multiuntersetzer-3er-set\\\/\"]}]},{\"@type\":\"ImageObject\",\"inLanguage\":\"de\",\"@id\":\"https:\\\/\\\/prodemo.com\\\/de\\\/produit\\\/multiuntersetzer-3er-set\\\/#primaryimage\",\"url\":\"https:\\\/\\\/prodemo.com\\\/wp-content\\\/uploads\\\/2023\\\/10\\\/30005.10_Multiuntersetzer_3er_Set_anthrazit_2.png\",\"contentUrl\":\"https:\\\/\\\/prodemo.com\\\/wp-content\\\/uploads\\\/2023\\\/10\\\/30005.10_Multiuntersetzer_3er_Set_anthrazit_2.png\",\"width\":2976,\"height\":2998},{\"@type\":\"BreadcrumbList\",\"@id\":\"https:\\\/\\\/prodemo.com\\\/de\\\/produit\\\/multiuntersetzer-3er-set\\\/#breadcrumb\",\"itemListElement\":[{\"@type\":\"ListItem\",\"position\":1,\"name\":\"Accueil\",\"item\":\"https:\\\/\\\/prodemo.com\\\/de\\\/home\\\/\"},{\"@type\":\"ListItem\",\"position\":2,\"name\":\"Shop\",\"item\":\"https:\\\/\\\/prodemo.com\\\/de\\\/shop\\\/\"},{\"@type\":\"ListItem\",\"position\":3,\"name\":\"Multiuntersetzer 3er-Set\"}]},{\"@type\":\"WebSite\",\"@id\":\"https:\\\/\\\/prodemo.com\\\/de\\\/#website\",\"url\":\"https:\\\/\\\/prodemo.com\\\/de\\\/\",\"name\":\"Prodemo SA\",\"description\":\"Au service de votre cuisine depuis 1974\",\"potentialAction\":[{\"@type\":\"SearchAction\",\"target\":{\"@type\":\"EntryPoint\",\"urlTemplate\":\"https:\\\/\\\/prodemo.com\\\/de\\\/?s={search_term_string}\"},\"query-input\":{\"@type\":\"PropertyValueSpecification\",\"valueRequired\":true,\"valueName\":\"search_term_string\"}}],\"inLanguage\":\"de\"}]}<\/script>\n<!-- \/ Yoast SEO plugin. -->","yoast_head_json":{"title":"Multiuntersetzer 3er-Set - Prodemo","robots":{"index":"index","follow":"follow","max-snippet":"max-snippet:-1","max-image-preview":"max-image-preview:large","max-video-preview":"max-video-preview:-1"},"canonical":"https:\/\/prodemo.com\/de\/produit\/multiuntersetzer-3er-set\/","og_locale":"de_DE","og_type":"article","og_title":"Multiuntersetzer 3er-Set - Prodemo","og_description":"\u00d8\u00a0: 9.5 cm","og_url":"https:\/\/prodemo.com\/de\/produit\/multiuntersetzer-3er-set\/","og_site_name":"Prodemo","article_modified_time":"2025-11-23T14:43:57+00:00","og_image":[{"width":2976,"height":2998,"url":"https:\/\/prodemo.com\/wp-content\/uploads\/2023\/10\/30005.10_Multiuntersetzer_3er_Set_anthrazit_2.png","type":"image\/png"}],"twitter_card":"summary_large_image","twitter_misc":{"Gesch\u00e4tzte Lesezeit":"1\u00a0Minute"},"schema":{"@context":"https:\/\/schema.org","@graph":[{"@type":"WebPage","@id":"https:\/\/prodemo.com\/de\/produit\/multiuntersetzer-3er-set\/","url":"https:\/\/prodemo.com\/de\/produit\/multiuntersetzer-3er-set\/","name":"Multiuntersetzer 3er-Set - Prodemo","isPartOf":{"@id":"https:\/\/prodemo.com\/de\/#website"},"primaryImageOfPage":{"@id":"https:\/\/prodemo.com\/de\/produit\/multiuntersetzer-3er-set\/#primaryimage"},"image":{"@id":"https:\/\/prodemo.com\/de\/produit\/multiuntersetzer-3er-set\/#primaryimage"},"thumbnailUrl":"https:\/\/prodemo.com\/wp-content\/uploads\/2023\/10\/30005.10_Multiuntersetzer_3er_Set_anthrazit_2.png","datePublished":"2023-07-14T05:41:17+00:00","dateModified":"2025-11-23T14:43:57+00:00","breadcrumb":{"@id":"https:\/\/prodemo.com\/de\/produit\/multiuntersetzer-3er-set\/#breadcrumb"},"inLanguage":"de","potentialAction":[{"@type":"ReadAction","target":["https:\/\/prodemo.com\/de\/produit\/multiuntersetzer-3er-set\/"]}]},{"@type":"ImageObject","inLanguage":"de","@id":"https:\/\/prodemo.com\/de\/produit\/multiuntersetzer-3er-set\/#primaryimage","url":"https:\/\/prodemo.com\/wp-content\/uploads\/2023\/10\/30005.10_Multiuntersetzer_3er_Set_anthrazit_2.png","contentUrl":"https:\/\/prodemo.com\/wp-content\/uploads\/2023\/10\/30005.10_Multiuntersetzer_3er_Set_anthrazit_2.png","width":2976,"height":2998},{"@type":"BreadcrumbList","@id":"https:\/\/prodemo.com\/de\/produit\/multiuntersetzer-3er-set\/#breadcrumb","itemListElement":[{"@type":"ListItem","position":1,"name":"Accueil","item":"https:\/\/prodemo.com\/de\/home\/"},{"@type":"ListItem","position":2,"name":"Shop","item":"https:\/\/prodemo.com\/de\/shop\/"},{"@type":"ListItem","position":3,"name":"Multiuntersetzer 3er-Set"}]},{"@type":"WebSite","@id":"https:\/\/prodemo.com\/de\/#website","url":"https:\/\/prodemo.com\/de\/","name":"Prodemo SA","description":"Au service de votre cuisine depuis 1974","potentialAction":[{"@type":"SearchAction","target":{"@type":"EntryPoint","urlTemplate":"https:\/\/prodemo.com\/de\/?s={search_term_string}"},"query-input":{"@type":"PropertyValueSpecification","valueRequired":true,"valueName":"search_term_string"}}],"inLanguage":"de"}]}},"jetpack_sharing_enabled":true,"_links":{"self":[{"href":"https:\/\/prodemo.com\/de\/wp-json\/wp\/v2\/product\/12089","targetHints":{"allow":["GET"]}}],"collection":[{"href":"https:\/\/prodemo.com\/de\/wp-json\/wp\/v2\/product"}],"about":[{"href":"https:\/\/prodemo.com\/de\/wp-json\/wp\/v2\/types\/product"}],"wp:featuredmedia":[{"embeddable":true,"href":"https:\/\/prodemo.com\/de\/wp-json\/wp\/v2\/media\/15502"}],"wp:attachment":[{"href":"https:\/\/prodemo.com\/de\/wp-json\/wp\/v2\/media?parent=12089"}],"wp:term":[{"taxonomy":"product_cat","embeddable":true,"href":"https:\/\/prodemo.com\/de\/wp-json\/wp\/v2\/product_cat?post=12089"},{"taxonomy":"product_tag","embeddable":true,"href":"https:\/\/prodemo.com\/de\/wp-json\/wp\/v2\/product_tag?post=12089"},{"taxonomy":"product_label","embeddable":true,"href":"https:\/\/prodemo.com\/de\/wp-json\/wp\/v2\/product_label?post=12089"},{"taxonomy":"brand","embeddable":true,"href":"https:\/\/prodemo.com\/de\/wp-json\/wp\/v2\/brand?post=12089"}],"curies":[{"name":"wp","href":"https:\/\/api.w.org\/{rel}","templated":true}]}}