{"id":11981,"date":"2023-07-14T08:28:28","date_gmt":"2023-07-14T06:28:28","guid":{"rendered":"https:\/\/prodemo.lemon.ch\/produit\/schneebesen\/"},"modified":"2025-11-23T15:42:19","modified_gmt":"2025-11-23T14:42:19","slug":"schneebesen","status":"publish","type":"product","link":"https:\/\/prodemo.com\/de\/produit\/schneebesen\/","title":{"rendered":"Schneebesen"},"content":{"rendered":"<p>Schneebesen, Schaumschl\u00e4ger, Schwingbesen oder Schneerute? Es gibt viele Bezeichnungen f\u00fcr diesen feinen K\u00fcchenhelfer. Desserts, Brei, Dips, Pfannkuchenteig oder Cremes sind mit diesem formstabilen und flexiblen Schneebesen im Handumdrehen fertig. Fege jetzt mit mehr Leichtigkeit durch Deine K\u00fcche.<\/p>\n","protected":false},"excerpt":{"rendered":"<p>Schneebesen, Schaumschl\u00e4ger, Schwingbesen oder Schneerute? Es gibt viele Bezeichnungen f\u00fcr diesen feinen K\u00fcchenhelfer. Desserts, Brei, Dips, Pfannkuchenteig oder Cremes sind mit diesem formstabilen und flexiblen Schneebesen im Handumdrehen fertig. Fege jetzt mit mehr Leichtigkeit durch Deine K\u00fcche.<\/p>\n","protected":false},"featured_media":14065,"template":"","meta":{"_acf_changed":false,"_relevanssi_hide_post":"","_relevanssi_hide_content":"","_relevanssi_pin_for_all":"","_relevanssi_pin_keywords":"","_relevanssi_unpin_keywords":"","_relevanssi_related_keywords":"","_relevanssi_related_include_ids":"","_relevanssi_related_exclude_ids":"","_relevanssi_related_no_append":"","_relevanssi_related_not_related":"","_relevanssi_related_posts":"","_relevanssi_noindex_reason":"","inline_featured_image":false},"product_cat":[786,930],"product_tag":[1326],"product_label":[],"brand":[1373],"class_list":{"0":"post-11981","1":"product","2":"type-product","3":"status-publish","4":"has-post-thumbnail","6":"product_cat-gute-angebote-sets","7":"product_cat-kochblume-kuechenhelfer","8":"product_tag-dessert-de","9":"brand-kochblume-de","11":"first","12":"instock","13":"taxable","14":"shipping-taxable","15":"purchasable","16":"product-type-variable","17":"has-default-attributes"},"acf":[],"yoast_head":"<!-- This site is optimized with the Yoast SEO plugin v27.3 - https:\/\/yoast.com\/product\/yoast-seo-wordpress\/ -->\n<title>Schneebesen - Prodemo<\/title>\n<meta name=\"robots\" content=\"index, follow, max-snippet:-1, max-image-preview:large, max-video-preview:-1\" \/>\n<link rel=\"canonical\" href=\"https:\/\/prodemo.com\/de\/produit\/schneebesen\/\" \/>\n<meta property=\"og:locale\" content=\"de_DE\" \/>\n<meta property=\"og:type\" content=\"article\" \/>\n<meta property=\"og:title\" content=\"Schneebesen - Prodemo\" \/>\n<meta property=\"og:description\" content=\"Schneebesen, Schaumschl\u00e4ger, Schwingbesen oder Schneerute? Es gibt viele Bezeichnungen f\u00fcr diesen feinen K\u00fcchenhelfer. Desserts, Brei, Dips, Pfannkuchenteig oder Cremes sind mit diesem formstabilen und flexiblen Schneebesen im Handumdrehen fertig. Fege jetzt mit mehr Leichtigkeit durch Deine K\u00fcche.\" \/>\n<meta property=\"og:url\" content=\"https:\/\/prodemo.com\/de\/produit\/schneebesen\/\" \/>\n<meta property=\"og:site_name\" content=\"Prodemo\" \/>\n<meta property=\"article:modified_time\" content=\"2025-11-23T14:42:19+00:00\" \/>\n<meta property=\"og:image\" content=\"https:\/\/prodemo.com\/wp-content\/uploads\/2023\/10\/Schneebesen-L_B-1.png\" \/>\n\t<meta property=\"og:image:width\" content=\"2835\" \/>\n\t<meta property=\"og:image:height\" content=\"2835\" \/>\n\t<meta property=\"og:image:type\" content=\"image\/png\" \/>\n<meta name=\"twitter:card\" content=\"summary_large_image\" \/>\n<meta name=\"twitter:label1\" content=\"Gesch\u00e4tzte Lesezeit\" \/>\n\t<meta name=\"twitter:data1\" content=\"1\u00a0Minute\" \/>\n<script type=\"application\/ld+json\" class=\"yoast-schema-graph\">{\"@context\":\"https:\\\/\\\/schema.org\",\"@graph\":[{\"@type\":\"WebPage\",\"@id\":\"https:\\\/\\\/prodemo.com\\\/de\\\/produit\\\/schneebesen\\\/\",\"url\":\"https:\\\/\\\/prodemo.com\\\/de\\\/produit\\\/schneebesen\\\/\",\"name\":\"Schneebesen - Prodemo\",\"isPartOf\":{\"@id\":\"https:\\\/\\\/prodemo.com\\\/de\\\/#website\"},\"primaryImageOfPage\":{\"@id\":\"https:\\\/\\\/prodemo.com\\\/de\\\/produit\\\/schneebesen\\\/#primaryimage\"},\"image\":{\"@id\":\"https:\\\/\\\/prodemo.com\\\/de\\\/produit\\\/schneebesen\\\/#primaryimage\"},\"thumbnailUrl\":\"https:\\\/\\\/prodemo.com\\\/wp-content\\\/uploads\\\/2023\\\/10\\\/Schneebesen-L_B-1.png\",\"datePublished\":\"2023-07-14T06:28:28+00:00\",\"dateModified\":\"2025-11-23T14:42:19+00:00\",\"breadcrumb\":{\"@id\":\"https:\\\/\\\/prodemo.com\\\/de\\\/produit\\\/schneebesen\\\/#breadcrumb\"},\"inLanguage\":\"de\",\"potentialAction\":[{\"@type\":\"ReadAction\",\"target\":[\"https:\\\/\\\/prodemo.com\\\/de\\\/produit\\\/schneebesen\\\/\"]}]},{\"@type\":\"ImageObject\",\"inLanguage\":\"de\",\"@id\":\"https:\\\/\\\/prodemo.com\\\/de\\\/produit\\\/schneebesen\\\/#primaryimage\",\"url\":\"https:\\\/\\\/prodemo.com\\\/wp-content\\\/uploads\\\/2023\\\/10\\\/Schneebesen-L_B-1.png\",\"contentUrl\":\"https:\\\/\\\/prodemo.com\\\/wp-content\\\/uploads\\\/2023\\\/10\\\/Schneebesen-L_B-1.png\",\"width\":2835,\"height\":2835},{\"@type\":\"BreadcrumbList\",\"@id\":\"https:\\\/\\\/prodemo.com\\\/de\\\/produit\\\/schneebesen\\\/#breadcrumb\",\"itemListElement\":[{\"@type\":\"ListItem\",\"position\":1,\"name\":\"Accueil\",\"item\":\"https:\\\/\\\/prodemo.com\\\/de\\\/home\\\/\"},{\"@type\":\"ListItem\",\"position\":2,\"name\":\"Shop\",\"item\":\"https:\\\/\\\/prodemo.com\\\/de\\\/shop\\\/\"},{\"@type\":\"ListItem\",\"position\":3,\"name\":\"Schneebesen\"}]},{\"@type\":\"WebSite\",\"@id\":\"https:\\\/\\\/prodemo.com\\\/de\\\/#website\",\"url\":\"https:\\\/\\\/prodemo.com\\\/de\\\/\",\"name\":\"Prodemo SA\",\"description\":\"Au service de votre cuisine depuis 1974\",\"potentialAction\":[{\"@type\":\"SearchAction\",\"target\":{\"@type\":\"EntryPoint\",\"urlTemplate\":\"https:\\\/\\\/prodemo.com\\\/de\\\/?s={search_term_string}\"},\"query-input\":{\"@type\":\"PropertyValueSpecification\",\"valueRequired\":true,\"valueName\":\"search_term_string\"}}],\"inLanguage\":\"de\"}]}<\/script>\n<!-- \/ Yoast SEO plugin. -->","yoast_head_json":{"title":"Schneebesen - Prodemo","robots":{"index":"index","follow":"follow","max-snippet":"max-snippet:-1","max-image-preview":"max-image-preview:large","max-video-preview":"max-video-preview:-1"},"canonical":"https:\/\/prodemo.com\/de\/produit\/schneebesen\/","og_locale":"de_DE","og_type":"article","og_title":"Schneebesen - Prodemo","og_description":"Schneebesen, Schaumschl\u00e4ger, Schwingbesen oder Schneerute? Es gibt viele Bezeichnungen f\u00fcr diesen feinen K\u00fcchenhelfer. Desserts, Brei, Dips, Pfannkuchenteig oder Cremes sind mit diesem formstabilen und flexiblen Schneebesen im Handumdrehen fertig. Fege jetzt mit mehr Leichtigkeit durch Deine K\u00fcche.","og_url":"https:\/\/prodemo.com\/de\/produit\/schneebesen\/","og_site_name":"Prodemo","article_modified_time":"2025-11-23T14:42:19+00:00","og_image":[{"width":2835,"height":2835,"url":"https:\/\/prodemo.com\/wp-content\/uploads\/2023\/10\/Schneebesen-L_B-1.png","type":"image\/png"}],"twitter_card":"summary_large_image","twitter_misc":{"Gesch\u00e4tzte Lesezeit":"1\u00a0Minute"},"schema":{"@context":"https:\/\/schema.org","@graph":[{"@type":"WebPage","@id":"https:\/\/prodemo.com\/de\/produit\/schneebesen\/","url":"https:\/\/prodemo.com\/de\/produit\/schneebesen\/","name":"Schneebesen - Prodemo","isPartOf":{"@id":"https:\/\/prodemo.com\/de\/#website"},"primaryImageOfPage":{"@id":"https:\/\/prodemo.com\/de\/produit\/schneebesen\/#primaryimage"},"image":{"@id":"https:\/\/prodemo.com\/de\/produit\/schneebesen\/#primaryimage"},"thumbnailUrl":"https:\/\/prodemo.com\/wp-content\/uploads\/2023\/10\/Schneebesen-L_B-1.png","datePublished":"2023-07-14T06:28:28+00:00","dateModified":"2025-11-23T14:42:19+00:00","breadcrumb":{"@id":"https:\/\/prodemo.com\/de\/produit\/schneebesen\/#breadcrumb"},"inLanguage":"de","potentialAction":[{"@type":"ReadAction","target":["https:\/\/prodemo.com\/de\/produit\/schneebesen\/"]}]},{"@type":"ImageObject","inLanguage":"de","@id":"https:\/\/prodemo.com\/de\/produit\/schneebesen\/#primaryimage","url":"https:\/\/prodemo.com\/wp-content\/uploads\/2023\/10\/Schneebesen-L_B-1.png","contentUrl":"https:\/\/prodemo.com\/wp-content\/uploads\/2023\/10\/Schneebesen-L_B-1.png","width":2835,"height":2835},{"@type":"BreadcrumbList","@id":"https:\/\/prodemo.com\/de\/produit\/schneebesen\/#breadcrumb","itemListElement":[{"@type":"ListItem","position":1,"name":"Accueil","item":"https:\/\/prodemo.com\/de\/home\/"},{"@type":"ListItem","position":2,"name":"Shop","item":"https:\/\/prodemo.com\/de\/shop\/"},{"@type":"ListItem","position":3,"name":"Schneebesen"}]},{"@type":"WebSite","@id":"https:\/\/prodemo.com\/de\/#website","url":"https:\/\/prodemo.com\/de\/","name":"Prodemo SA","description":"Au service de votre cuisine depuis 1974","potentialAction":[{"@type":"SearchAction","target":{"@type":"EntryPoint","urlTemplate":"https:\/\/prodemo.com\/de\/?s={search_term_string}"},"query-input":{"@type":"PropertyValueSpecification","valueRequired":true,"valueName":"search_term_string"}}],"inLanguage":"de"}]}},"jetpack_sharing_enabled":true,"_links":{"self":[{"href":"https:\/\/prodemo.com\/de\/wp-json\/wp\/v2\/product\/11981","targetHints":{"allow":["GET"]}}],"collection":[{"href":"https:\/\/prodemo.com\/de\/wp-json\/wp\/v2\/product"}],"about":[{"href":"https:\/\/prodemo.com\/de\/wp-json\/wp\/v2\/types\/product"}],"wp:featuredmedia":[{"embeddable":true,"href":"https:\/\/prodemo.com\/de\/wp-json\/wp\/v2\/media\/14065"}],"wp:attachment":[{"href":"https:\/\/prodemo.com\/de\/wp-json\/wp\/v2\/media?parent=11981"}],"wp:term":[{"taxonomy":"product_cat","embeddable":true,"href":"https:\/\/prodemo.com\/de\/wp-json\/wp\/v2\/product_cat?post=11981"},{"taxonomy":"product_tag","embeddable":true,"href":"https:\/\/prodemo.com\/de\/wp-json\/wp\/v2\/product_tag?post=11981"},{"taxonomy":"product_label","embeddable":true,"href":"https:\/\/prodemo.com\/de\/wp-json\/wp\/v2\/product_label?post=11981"},{"taxonomy":"brand","embeddable":true,"href":"https:\/\/prodemo.com\/de\/wp-json\/wp\/v2\/brand?post=11981"}],"curies":[{"name":"wp","href":"https:\/\/api.w.org\/{rel}","templated":true}]}}