{"id":11966,"date":"2023-07-14T08:39:14","date_gmt":"2023-07-14T06:39:14","guid":{"rendered":"https:\/\/prodemo.lemon.ch\/produit\/pinsel-2\/"},"modified":"2025-11-23T15:42:19","modified_gmt":"2025-11-23T14:42:19","slug":"pinsel-2","status":"publish","type":"product","link":"https:\/\/prodemo.com\/de\/produit\/pinsel-2\/","title":{"rendered":"Pinsel"},"content":{"rendered":"<p>Ob zum Kochen oder Backen \u2013 unsere Pinsel sind vielseitig einsetzbar und hinterlassen keine Borsten in Deinen Lebensmitteln. T\u00f6pfe, Pfannen, Backformen oder Waffeleisen einfetten, Fleisch marinieren oder Geb\u00e4ck bestreichen \u2013 es gibt unz\u00e4hlige Einsatzm\u00f6glichkeiten f\u00fcr unseren Pinsel.<\/p>\n","protected":false},"excerpt":{"rendered":"<p>Ob zum Kochen oder Backen \u2013 unsere Pinsel sind vielseitig einsetzbar und hinterlassen keine Borsten in Deinen Lebensmitteln. T\u00f6pfe, Pfannen, Backformen oder Waffeleisen einfetten, Fleisch marinieren oder Geb\u00e4ck bestreichen \u2013 es gibt unz\u00e4hlige Einsatzm\u00f6glichkeiten f\u00fcr unseren Pinsel.<\/p>\n","protected":false},"featured_media":13650,"template":"","meta":{"_acf_changed":false,"_relevanssi_hide_post":"","_relevanssi_hide_content":"","_relevanssi_pin_for_all":"","_relevanssi_pin_keywords":"","_relevanssi_unpin_keywords":"","_relevanssi_related_keywords":"","_relevanssi_related_include_ids":"","_relevanssi_related_exclude_ids":"","_relevanssi_related_no_append":"","_relevanssi_related_not_related":"","_relevanssi_related_posts":"","_relevanssi_noindex_reason":"","inline_featured_image":false},"product_cat":[786,930],"product_tag":[1326],"product_label":[],"brand":[1373],"class_list":{"0":"post-11966","1":"product","2":"type-product","3":"status-publish","4":"has-post-thumbnail","6":"product_cat-gute-angebote-sets","7":"product_cat-kochblume-kuechenhelfer","8":"product_tag-dessert-de","9":"brand-kochblume-de","11":"first","12":"instock","13":"taxable","14":"shipping-taxable","15":"purchasable","16":"product-type-variable","17":"has-default-attributes"},"acf":[],"yoast_head":"<!-- This site is optimized with the Yoast SEO plugin v27.3 - https:\/\/yoast.com\/product\/yoast-seo-wordpress\/ -->\n<title>Pinsel - Prodemo<\/title>\n<meta name=\"robots\" content=\"index, follow, max-snippet:-1, max-image-preview:large, max-video-preview:-1\" \/>\n<link rel=\"canonical\" href=\"https:\/\/prodemo.com\/de\/produit\/pinsel-2\/\" \/>\n<meta property=\"og:locale\" content=\"de_DE\" \/>\n<meta property=\"og:type\" content=\"article\" \/>\n<meta property=\"og:title\" content=\"Pinsel - Prodemo\" \/>\n<meta property=\"og:description\" content=\"Ob zum Kochen oder Backen \u2013 unsere Pinsel sind vielseitig einsetzbar und hinterlassen keine Borsten in Deinen Lebensmitteln. T\u00f6pfe, Pfannen, Backformen oder Waffeleisen einfetten, Fleisch marinieren oder Geb\u00e4ck bestreichen \u2013 es gibt unz\u00e4hlige Einsatzm\u00f6glichkeiten f\u00fcr unseren Pinsel.\" \/>\n<meta property=\"og:url\" content=\"https:\/\/prodemo.com\/de\/produit\/pinsel-2\/\" \/>\n<meta property=\"og:site_name\" content=\"Prodemo\" \/>\n<meta property=\"article:modified_time\" content=\"2025-11-23T14:42:19+00:00\" \/>\n<meta property=\"og:image\" content=\"https:\/\/prodemo.com\/wp-content\/uploads\/2023\/10\/21045.10_Pinsel_L_anthrazit_1-1024x1024.png\" \/>\n\t<meta property=\"og:image:width\" content=\"1024\" \/>\n\t<meta property=\"og:image:height\" content=\"1024\" \/>\n\t<meta property=\"og:image:type\" content=\"image\/png\" \/>\n<meta name=\"twitter:card\" content=\"summary_large_image\" \/>\n<meta name=\"twitter:label1\" content=\"Gesch\u00e4tzte Lesezeit\" \/>\n\t<meta name=\"twitter:data1\" content=\"1\u00a0Minute\" \/>\n<script type=\"application\/ld+json\" class=\"yoast-schema-graph\">{\"@context\":\"https:\\\/\\\/schema.org\",\"@graph\":[{\"@type\":\"WebPage\",\"@id\":\"https:\\\/\\\/prodemo.com\\\/de\\\/produit\\\/pinsel-2\\\/\",\"url\":\"https:\\\/\\\/prodemo.com\\\/de\\\/produit\\\/pinsel-2\\\/\",\"name\":\"Pinsel - Prodemo\",\"isPartOf\":{\"@id\":\"https:\\\/\\\/prodemo.com\\\/de\\\/#website\"},\"primaryImageOfPage\":{\"@id\":\"https:\\\/\\\/prodemo.com\\\/de\\\/produit\\\/pinsel-2\\\/#primaryimage\"},\"image\":{\"@id\":\"https:\\\/\\\/prodemo.com\\\/de\\\/produit\\\/pinsel-2\\\/#primaryimage\"},\"thumbnailUrl\":\"https:\\\/\\\/prodemo.com\\\/wp-content\\\/uploads\\\/2023\\\/10\\\/21045.10_Pinsel_L_anthrazit_1.png\",\"datePublished\":\"2023-07-14T06:39:14+00:00\",\"dateModified\":\"2025-11-23T14:42:19+00:00\",\"breadcrumb\":{\"@id\":\"https:\\\/\\\/prodemo.com\\\/de\\\/produit\\\/pinsel-2\\\/#breadcrumb\"},\"inLanguage\":\"de\",\"potentialAction\":[{\"@type\":\"ReadAction\",\"target\":[\"https:\\\/\\\/prodemo.com\\\/de\\\/produit\\\/pinsel-2\\\/\"]}]},{\"@type\":\"ImageObject\",\"inLanguage\":\"de\",\"@id\":\"https:\\\/\\\/prodemo.com\\\/de\\\/produit\\\/pinsel-2\\\/#primaryimage\",\"url\":\"https:\\\/\\\/prodemo.com\\\/wp-content\\\/uploads\\\/2023\\\/10\\\/21045.10_Pinsel_L_anthrazit_1.png\",\"contentUrl\":\"https:\\\/\\\/prodemo.com\\\/wp-content\\\/uploads\\\/2023\\\/10\\\/21045.10_Pinsel_L_anthrazit_1.png\",\"width\":2778,\"height\":2778},{\"@type\":\"BreadcrumbList\",\"@id\":\"https:\\\/\\\/prodemo.com\\\/de\\\/produit\\\/pinsel-2\\\/#breadcrumb\",\"itemListElement\":[{\"@type\":\"ListItem\",\"position\":1,\"name\":\"Accueil\",\"item\":\"https:\\\/\\\/prodemo.com\\\/de\\\/home\\\/\"},{\"@type\":\"ListItem\",\"position\":2,\"name\":\"Shop\",\"item\":\"https:\\\/\\\/prodemo.com\\\/de\\\/shop\\\/\"},{\"@type\":\"ListItem\",\"position\":3,\"name\":\"Pinsel\"}]},{\"@type\":\"WebSite\",\"@id\":\"https:\\\/\\\/prodemo.com\\\/de\\\/#website\",\"url\":\"https:\\\/\\\/prodemo.com\\\/de\\\/\",\"name\":\"Prodemo SA\",\"description\":\"Au service de votre cuisine depuis 1974\",\"potentialAction\":[{\"@type\":\"SearchAction\",\"target\":{\"@type\":\"EntryPoint\",\"urlTemplate\":\"https:\\\/\\\/prodemo.com\\\/de\\\/?s={search_term_string}\"},\"query-input\":{\"@type\":\"PropertyValueSpecification\",\"valueRequired\":true,\"valueName\":\"search_term_string\"}}],\"inLanguage\":\"de\"}]}<\/script>\n<!-- \/ Yoast SEO plugin. -->","yoast_head_json":{"title":"Pinsel - Prodemo","robots":{"index":"index","follow":"follow","max-snippet":"max-snippet:-1","max-image-preview":"max-image-preview:large","max-video-preview":"max-video-preview:-1"},"canonical":"https:\/\/prodemo.com\/de\/produit\/pinsel-2\/","og_locale":"de_DE","og_type":"article","og_title":"Pinsel - Prodemo","og_description":"Ob zum Kochen oder Backen \u2013 unsere Pinsel sind vielseitig einsetzbar und hinterlassen keine Borsten in Deinen Lebensmitteln. T\u00f6pfe, Pfannen, Backformen oder Waffeleisen einfetten, Fleisch marinieren oder Geb\u00e4ck bestreichen \u2013 es gibt unz\u00e4hlige Einsatzm\u00f6glichkeiten f\u00fcr unseren Pinsel.","og_url":"https:\/\/prodemo.com\/de\/produit\/pinsel-2\/","og_site_name":"Prodemo","article_modified_time":"2025-11-23T14:42:19+00:00","og_image":[{"width":1024,"height":1024,"url":"https:\/\/prodemo.com\/wp-content\/uploads\/2023\/10\/21045.10_Pinsel_L_anthrazit_1-1024x1024.png","type":"image\/png"}],"twitter_card":"summary_large_image","twitter_misc":{"Gesch\u00e4tzte Lesezeit":"1\u00a0Minute"},"schema":{"@context":"https:\/\/schema.org","@graph":[{"@type":"WebPage","@id":"https:\/\/prodemo.com\/de\/produit\/pinsel-2\/","url":"https:\/\/prodemo.com\/de\/produit\/pinsel-2\/","name":"Pinsel - Prodemo","isPartOf":{"@id":"https:\/\/prodemo.com\/de\/#website"},"primaryImageOfPage":{"@id":"https:\/\/prodemo.com\/de\/produit\/pinsel-2\/#primaryimage"},"image":{"@id":"https:\/\/prodemo.com\/de\/produit\/pinsel-2\/#primaryimage"},"thumbnailUrl":"https:\/\/prodemo.com\/wp-content\/uploads\/2023\/10\/21045.10_Pinsel_L_anthrazit_1.png","datePublished":"2023-07-14T06:39:14+00:00","dateModified":"2025-11-23T14:42:19+00:00","breadcrumb":{"@id":"https:\/\/prodemo.com\/de\/produit\/pinsel-2\/#breadcrumb"},"inLanguage":"de","potentialAction":[{"@type":"ReadAction","target":["https:\/\/prodemo.com\/de\/produit\/pinsel-2\/"]}]},{"@type":"ImageObject","inLanguage":"de","@id":"https:\/\/prodemo.com\/de\/produit\/pinsel-2\/#primaryimage","url":"https:\/\/prodemo.com\/wp-content\/uploads\/2023\/10\/21045.10_Pinsel_L_anthrazit_1.png","contentUrl":"https:\/\/prodemo.com\/wp-content\/uploads\/2023\/10\/21045.10_Pinsel_L_anthrazit_1.png","width":2778,"height":2778},{"@type":"BreadcrumbList","@id":"https:\/\/prodemo.com\/de\/produit\/pinsel-2\/#breadcrumb","itemListElement":[{"@type":"ListItem","position":1,"name":"Accueil","item":"https:\/\/prodemo.com\/de\/home\/"},{"@type":"ListItem","position":2,"name":"Shop","item":"https:\/\/prodemo.com\/de\/shop\/"},{"@type":"ListItem","position":3,"name":"Pinsel"}]},{"@type":"WebSite","@id":"https:\/\/prodemo.com\/de\/#website","url":"https:\/\/prodemo.com\/de\/","name":"Prodemo SA","description":"Au service de votre cuisine depuis 1974","potentialAction":[{"@type":"SearchAction","target":{"@type":"EntryPoint","urlTemplate":"https:\/\/prodemo.com\/de\/?s={search_term_string}"},"query-input":{"@type":"PropertyValueSpecification","valueRequired":true,"valueName":"search_term_string"}}],"inLanguage":"de"}]}},"jetpack_sharing_enabled":true,"_links":{"self":[{"href":"https:\/\/prodemo.com\/de\/wp-json\/wp\/v2\/product\/11966","targetHints":{"allow":["GET"]}}],"collection":[{"href":"https:\/\/prodemo.com\/de\/wp-json\/wp\/v2\/product"}],"about":[{"href":"https:\/\/prodemo.com\/de\/wp-json\/wp\/v2\/types\/product"}],"wp:featuredmedia":[{"embeddable":true,"href":"https:\/\/prodemo.com\/de\/wp-json\/wp\/v2\/media\/13650"}],"wp:attachment":[{"href":"https:\/\/prodemo.com\/de\/wp-json\/wp\/v2\/media?parent=11966"}],"wp:term":[{"taxonomy":"product_cat","embeddable":true,"href":"https:\/\/prodemo.com\/de\/wp-json\/wp\/v2\/product_cat?post=11966"},{"taxonomy":"product_tag","embeddable":true,"href":"https:\/\/prodemo.com\/de\/wp-json\/wp\/v2\/product_tag?post=11966"},{"taxonomy":"product_label","embeddable":true,"href":"https:\/\/prodemo.com\/de\/wp-json\/wp\/v2\/product_label?post=11966"},{"taxonomy":"brand","embeddable":true,"href":"https:\/\/prodemo.com\/de\/wp-json\/wp\/v2\/brand?post=11966"}],"curies":[{"name":"wp","href":"https:\/\/api.w.org\/{rel}","templated":true}]}}