{"id":11732,"date":"2023-07-12T10:26:39","date_gmt":"2023-09-12T12:42:07","guid":{"rendered":"https:\/\/prodemo.lemon.ch\/produit\/bratpfanne-2\/"},"modified":"2024-05-29T10:59:48","modified_gmt":"2024-05-29T08:59:48","slug":"bratpfanne-2","status":"publish","type":"product","link":"https:\/\/prodemo.com\/de\/produit\/bratpfanne-2\/","title":{"rendered":"Bratpfanne"},"content":{"rendered":"<p>Squality\u00ae Bratpfanne Ideal f\u00fcr das Anbraten von Fleisch bei hohen Temperaturen.<br \/>\nPerfektes Design zum wenden von Omlettes und Cr\u00eapes. Der unverziehbare 6 mm starke Boden h\u00e4lt gr\u00f6sste Temperaturunterschiede aus. Speziell wichtig bei gebranntem Zucker und dergleichen.<\/p>\n<h6><\/h6>\n<h6><\/h6>\n<h6><\/h6>\n","protected":false},"excerpt":{"rendered":"<p>Squality\u00ae Bratpfanne Ideal f\u00fcr das Anbraten von Fleisch bei hohen Temperaturen. Perfektes Design zum wenden von Omlettes und Cr\u00eapes. Der unverziehbare 6 mm starke Boden h\u00e4lt gr\u00f6sste Temperaturunterschiede aus. Speziell wichtig bei gebranntem Zucker und dergleichen.<\/p>\n","protected":false},"featured_media":13270,"template":"","meta":{"_acf_changed":false,"_relevanssi_hide_post":"","_relevanssi_hide_content":"","_relevanssi_pin_for_all":"","_relevanssi_pin_keywords":"","_relevanssi_unpin_keywords":"","_relevanssi_related_keywords":"","_relevanssi_related_include_ids":"","_relevanssi_related_exclude_ids":"","_relevanssi_related_no_append":"","_relevanssi_related_not_related":"","_relevanssi_related_posts":"","_relevanssi_noindex_reason":"","inline_featured_image":false},"product_cat":[879],"product_tag":[1338],"product_label":[],"brand":[1374],"class_list":{"0":"post-11732","1":"product","2":"type-product","3":"status-publish","4":"has-post-thumbnail","6":"product_cat-pfannen-hochrandpfannen","7":"product_tag-squality-de","8":"brand-squality-de","10":"first","11":"instock","12":"taxable","13":"shipping-taxable","14":"purchasable","15":"product-type-variable","16":"has-default-attributes"},"acf":[],"yoast_head":"<!-- This site is optimized with the Yoast SEO plugin v27.3 - https:\/\/yoast.com\/product\/yoast-seo-wordpress\/ -->\n<title>Bratpfanne - Prodemo<\/title>\n<meta name=\"robots\" content=\"index, follow, max-snippet:-1, max-image-preview:large, max-video-preview:-1\" \/>\n<link rel=\"canonical\" href=\"https:\/\/prodemo.com\/de\/produit\/bratpfanne-2\/\" \/>\n<meta property=\"og:locale\" content=\"de_DE\" \/>\n<meta property=\"og:type\" content=\"article\" \/>\n<meta property=\"og:title\" content=\"Bratpfanne - Prodemo\" \/>\n<meta property=\"og:description\" content=\"Squality\u00ae Bratpfanne Ideal f\u00fcr das Anbraten von Fleisch bei hohen Temperaturen. Perfektes Design zum wenden von Omlettes und Cr\u00eapes. Der unverziehbare 6 mm starke Boden h\u00e4lt gr\u00f6sste Temperaturunterschiede aus. Speziell wichtig bei gebranntem Zucker und dergleichen.\" \/>\n<meta property=\"og:url\" content=\"https:\/\/prodemo.com\/de\/produit\/bratpfanne-2\/\" \/>\n<meta property=\"og:site_name\" content=\"Prodemo\" \/>\n<meta property=\"article:modified_time\" content=\"2024-05-29T08:59:48+00:00\" \/>\n<meta property=\"og:image\" content=\"https:\/\/prodemo.com\/wp-content\/uploads\/2023\/10\/37124v_34_2020-1024x1024.jpg\" \/>\n\t<meta property=\"og:image:width\" content=\"1024\" \/>\n\t<meta property=\"og:image:height\" content=\"1024\" \/>\n\t<meta property=\"og:image:type\" content=\"image\/jpeg\" \/>\n<meta name=\"twitter:card\" content=\"summary_large_image\" \/>\n<meta name=\"twitter:label1\" content=\"Gesch\u00e4tzte Lesezeit\" \/>\n\t<meta name=\"twitter:data1\" content=\"1\u00a0Minute\" \/>\n<script type=\"application\/ld+json\" class=\"yoast-schema-graph\">{\"@context\":\"https:\\\/\\\/schema.org\",\"@graph\":[{\"@type\":\"WebPage\",\"@id\":\"https:\\\/\\\/prodemo.com\\\/de\\\/produit\\\/bratpfanne-2\\\/\",\"url\":\"https:\\\/\\\/prodemo.com\\\/de\\\/produit\\\/bratpfanne-2\\\/\",\"name\":\"Bratpfanne - Prodemo\",\"isPartOf\":{\"@id\":\"https:\\\/\\\/prodemo.com\\\/de\\\/#website\"},\"primaryImageOfPage\":{\"@id\":\"https:\\\/\\\/prodemo.com\\\/de\\\/produit\\\/bratpfanne-2\\\/#primaryimage\"},\"image\":{\"@id\":\"https:\\\/\\\/prodemo.com\\\/de\\\/produit\\\/bratpfanne-2\\\/#primaryimage\"},\"thumbnailUrl\":\"https:\\\/\\\/prodemo.com\\\/wp-content\\\/uploads\\\/2023\\\/10\\\/37124v_34_2020-scaled.jpg\",\"datePublished\":\"2023-09-12T12:42:07+00:00\",\"dateModified\":\"2024-05-29T08:59:48+00:00\",\"breadcrumb\":{\"@id\":\"https:\\\/\\\/prodemo.com\\\/de\\\/produit\\\/bratpfanne-2\\\/#breadcrumb\"},\"inLanguage\":\"de\",\"potentialAction\":[{\"@type\":\"ReadAction\",\"target\":[\"https:\\\/\\\/prodemo.com\\\/de\\\/produit\\\/bratpfanne-2\\\/\"]}]},{\"@type\":\"ImageObject\",\"inLanguage\":\"de\",\"@id\":\"https:\\\/\\\/prodemo.com\\\/de\\\/produit\\\/bratpfanne-2\\\/#primaryimage\",\"url\":\"https:\\\/\\\/prodemo.com\\\/wp-content\\\/uploads\\\/2023\\\/10\\\/37124v_34_2020-scaled.jpg\",\"contentUrl\":\"https:\\\/\\\/prodemo.com\\\/wp-content\\\/uploads\\\/2023\\\/10\\\/37124v_34_2020-scaled.jpg\",\"width\":2048,\"height\":2048},{\"@type\":\"BreadcrumbList\",\"@id\":\"https:\\\/\\\/prodemo.com\\\/de\\\/produit\\\/bratpfanne-2\\\/#breadcrumb\",\"itemListElement\":[{\"@type\":\"ListItem\",\"position\":1,\"name\":\"Accueil\",\"item\":\"https:\\\/\\\/prodemo.com\\\/de\\\/home\\\/\"},{\"@type\":\"ListItem\",\"position\":2,\"name\":\"Shop\",\"item\":\"https:\\\/\\\/prodemo.com\\\/de\\\/shop\\\/\"},{\"@type\":\"ListItem\",\"position\":3,\"name\":\"Bratpfanne\"}]},{\"@type\":\"WebSite\",\"@id\":\"https:\\\/\\\/prodemo.com\\\/de\\\/#website\",\"url\":\"https:\\\/\\\/prodemo.com\\\/de\\\/\",\"name\":\"Prodemo SA\",\"description\":\"Au service de votre cuisine depuis 1974\",\"potentialAction\":[{\"@type\":\"SearchAction\",\"target\":{\"@type\":\"EntryPoint\",\"urlTemplate\":\"https:\\\/\\\/prodemo.com\\\/de\\\/?s={search_term_string}\"},\"query-input\":{\"@type\":\"PropertyValueSpecification\",\"valueRequired\":true,\"valueName\":\"search_term_string\"}}],\"inLanguage\":\"de\"}]}<\/script>\n<!-- \/ Yoast SEO plugin. -->","yoast_head_json":{"title":"Bratpfanne - Prodemo","robots":{"index":"index","follow":"follow","max-snippet":"max-snippet:-1","max-image-preview":"max-image-preview:large","max-video-preview":"max-video-preview:-1"},"canonical":"https:\/\/prodemo.com\/de\/produit\/bratpfanne-2\/","og_locale":"de_DE","og_type":"article","og_title":"Bratpfanne - Prodemo","og_description":"Squality\u00ae Bratpfanne Ideal f\u00fcr das Anbraten von Fleisch bei hohen Temperaturen. Perfektes Design zum wenden von Omlettes und Cr\u00eapes. Der unverziehbare 6 mm starke Boden h\u00e4lt gr\u00f6sste Temperaturunterschiede aus. Speziell wichtig bei gebranntem Zucker und dergleichen.","og_url":"https:\/\/prodemo.com\/de\/produit\/bratpfanne-2\/","og_site_name":"Prodemo","article_modified_time":"2024-05-29T08:59:48+00:00","og_image":[{"width":1024,"height":1024,"url":"https:\/\/prodemo.com\/wp-content\/uploads\/2023\/10\/37124v_34_2020-1024x1024.jpg","type":"image\/jpeg"}],"twitter_card":"summary_large_image","twitter_misc":{"Gesch\u00e4tzte Lesezeit":"1\u00a0Minute"},"schema":{"@context":"https:\/\/schema.org","@graph":[{"@type":"WebPage","@id":"https:\/\/prodemo.com\/de\/produit\/bratpfanne-2\/","url":"https:\/\/prodemo.com\/de\/produit\/bratpfanne-2\/","name":"Bratpfanne - Prodemo","isPartOf":{"@id":"https:\/\/prodemo.com\/de\/#website"},"primaryImageOfPage":{"@id":"https:\/\/prodemo.com\/de\/produit\/bratpfanne-2\/#primaryimage"},"image":{"@id":"https:\/\/prodemo.com\/de\/produit\/bratpfanne-2\/#primaryimage"},"thumbnailUrl":"https:\/\/prodemo.com\/wp-content\/uploads\/2023\/10\/37124v_34_2020-scaled.jpg","datePublished":"2023-09-12T12:42:07+00:00","dateModified":"2024-05-29T08:59:48+00:00","breadcrumb":{"@id":"https:\/\/prodemo.com\/de\/produit\/bratpfanne-2\/#breadcrumb"},"inLanguage":"de","potentialAction":[{"@type":"ReadAction","target":["https:\/\/prodemo.com\/de\/produit\/bratpfanne-2\/"]}]},{"@type":"ImageObject","inLanguage":"de","@id":"https:\/\/prodemo.com\/de\/produit\/bratpfanne-2\/#primaryimage","url":"https:\/\/prodemo.com\/wp-content\/uploads\/2023\/10\/37124v_34_2020-scaled.jpg","contentUrl":"https:\/\/prodemo.com\/wp-content\/uploads\/2023\/10\/37124v_34_2020-scaled.jpg","width":2048,"height":2048},{"@type":"BreadcrumbList","@id":"https:\/\/prodemo.com\/de\/produit\/bratpfanne-2\/#breadcrumb","itemListElement":[{"@type":"ListItem","position":1,"name":"Accueil","item":"https:\/\/prodemo.com\/de\/home\/"},{"@type":"ListItem","position":2,"name":"Shop","item":"https:\/\/prodemo.com\/de\/shop\/"},{"@type":"ListItem","position":3,"name":"Bratpfanne"}]},{"@type":"WebSite","@id":"https:\/\/prodemo.com\/de\/#website","url":"https:\/\/prodemo.com\/de\/","name":"Prodemo SA","description":"Au service de votre cuisine depuis 1974","potentialAction":[{"@type":"SearchAction","target":{"@type":"EntryPoint","urlTemplate":"https:\/\/prodemo.com\/de\/?s={search_term_string}"},"query-input":{"@type":"PropertyValueSpecification","valueRequired":true,"valueName":"search_term_string"}}],"inLanguage":"de"}]}},"jetpack_sharing_enabled":true,"_links":{"self":[{"href":"https:\/\/prodemo.com\/de\/wp-json\/wp\/v2\/product\/11732","targetHints":{"allow":["GET"]}}],"collection":[{"href":"https:\/\/prodemo.com\/de\/wp-json\/wp\/v2\/product"}],"about":[{"href":"https:\/\/prodemo.com\/de\/wp-json\/wp\/v2\/types\/product"}],"wp:featuredmedia":[{"embeddable":true,"href":"https:\/\/prodemo.com\/de\/wp-json\/wp\/v2\/media\/13270"}],"wp:attachment":[{"href":"https:\/\/prodemo.com\/de\/wp-json\/wp\/v2\/media?parent=11732"}],"wp:term":[{"taxonomy":"product_cat","embeddable":true,"href":"https:\/\/prodemo.com\/de\/wp-json\/wp\/v2\/product_cat?post=11732"},{"taxonomy":"product_tag","embeddable":true,"href":"https:\/\/prodemo.com\/de\/wp-json\/wp\/v2\/product_tag?post=11732"},{"taxonomy":"product_label","embeddable":true,"href":"https:\/\/prodemo.com\/de\/wp-json\/wp\/v2\/product_label?post=11732"},{"taxonomy":"brand","embeddable":true,"href":"https:\/\/prodemo.com\/de\/wp-json\/wp\/v2\/brand?post=11732"}],"curies":[{"name":"wp","href":"https:\/\/api.w.org\/{rel}","templated":true}]}}