{"id":11695,"date":"2023-07-10T08:48:27","date_gmt":"2023-07-10T06:48:27","guid":{"rendered":"https:\/\/prodemo.lemon.ch\/produit\/schaeler\/"},"modified":"2025-11-23T15:42:21","modified_gmt":"2025-11-23T14:42:21","slug":"eplucheur","status":"publish","type":"product","link":"https:\/\/prodemo.com\/de\/produit\/eplucheur\/","title":{"rendered":"P-Sch\u00e4ler"},"content":{"rendered":"<p>Sehr scharfe Klingen aus rostfreiem Edelstahl entfernen die Schalen von Obst und Gem\u00fcse im Handumdrehen. Der Griff mit angerauter Struktur rutscht Dir selbst mit feuchten Fingern nicht aus der Hand. Du kannst zwischen einer glatten und einer gezackten Klinge oder zwischen der klassischen P- und Y-Form w\u00e4hlen.<\/p>\n<p>Glatte klinge: Einfaches Sch\u00e4len von festem Obst und Gem\u00fcse, wie \u00c4pfel, Spargel, Gurken und Karotten.<\/p>\n<p>Piranha Klinge: Einfaches Sch\u00e4len von glatten, rauen H\u00e4uten wie Tomaten und Pfirsichen.<\/p>\n<p>&nbsp;<\/p>\n","protected":false},"excerpt":{"rendered":"<p>Gr\u00f6\u00dfe: 17 cm<\/p>\n<p>&#x2714; Extra scharfe Klinge<br \/>\n&#x2714; Rostfreier Edelstahl<br \/>\n&#x2714; F\u00fcr Links- und Rechtsh\u00e4nder geeignet, sch\u00e4lbar in alle Richtungen<br \/>\n&#x2714; 2 unterschiedliche Klingen und Formen w\u00e4hlbar<br \/>\n&#x2714; Abwaschen per Hand<\/p>\n","protected":false},"featured_media":15904,"template":"","meta":{"_acf_changed":false,"_relevanssi_hide_post":"","_relevanssi_hide_content":"","_relevanssi_pin_for_all":"","_relevanssi_pin_keywords":"","_relevanssi_unpin_keywords":"","_relevanssi_related_keywords":"","_relevanssi_related_include_ids":"","_relevanssi_related_exclude_ids":"","_relevanssi_related_no_append":"","_relevanssi_related_not_related":"","_relevanssi_related_posts":"","_relevanssi_noindex_reason":"","inline_featured_image":false},"product_cat":[786,930],"product_tag":[],"product_label":[],"brand":[1373],"class_list":{"0":"post-11695","1":"product","2":"type-product","3":"status-publish","4":"has-post-thumbnail","6":"product_cat-gute-angebote-sets","7":"product_cat-kochblume-kuechenhelfer","8":"brand-kochblume-de","10":"first","11":"instock","12":"taxable","13":"shipping-taxable","14":"purchasable","15":"product-type-variable","16":"has-default-attributes"},"acf":[],"yoast_head":"<!-- This site is optimized with the Yoast SEO plugin v27.3 - https:\/\/yoast.com\/product\/yoast-seo-wordpress\/ -->\n<title>P-Sch\u00e4ler - Prodemo<\/title>\n<meta name=\"robots\" content=\"index, follow, max-snippet:-1, max-image-preview:large, max-video-preview:-1\" \/>\n<link rel=\"canonical\" href=\"https:\/\/prodemo.com\/de\/produit\/eplucheur\/\" \/>\n<meta property=\"og:locale\" content=\"de_DE\" \/>\n<meta property=\"og:type\" content=\"article\" \/>\n<meta property=\"og:title\" content=\"P-Sch\u00e4ler - Prodemo\" \/>\n<meta property=\"og:description\" content=\"Gr\u00f6\u00dfe: 17 cm &#x2714; Extra scharfe Klinge &#x2714; Rostfreier Edelstahl &#x2714; F\u00fcr Links- und Rechtsh\u00e4nder geeignet, sch\u00e4lbar in alle Richtungen &#x2714; 2 unterschiedliche Klingen und Formen w\u00e4hlbar &#x2714; Abwaschen per Hand\" \/>\n<meta property=\"og:url\" content=\"https:\/\/prodemo.com\/de\/produit\/eplucheur\/\" \/>\n<meta property=\"og:site_name\" content=\"Prodemo\" \/>\n<meta property=\"article:modified_time\" content=\"2025-11-23T14:42:21+00:00\" \/>\n<meta property=\"og:image\" content=\"https:\/\/prodemo.com\/wp-content\/uploads\/2023\/10\/22094.10_P_Schaler_piranha_anthrazit_1.png\" \/>\n\t<meta property=\"og:image:width\" content=\"2835\" \/>\n\t<meta property=\"og:image:height\" content=\"2852\" \/>\n\t<meta property=\"og:image:type\" content=\"image\/png\" \/>\n<meta name=\"twitter:card\" content=\"summary_large_image\" \/>\n<meta name=\"twitter:label1\" content=\"Gesch\u00e4tzte Lesezeit\" \/>\n\t<meta name=\"twitter:data1\" content=\"1\u00a0Minute\" \/>\n<script type=\"application\/ld+json\" class=\"yoast-schema-graph\">{\"@context\":\"https:\\\/\\\/schema.org\",\"@graph\":[{\"@type\":\"WebPage\",\"@id\":\"https:\\\/\\\/prodemo.com\\\/de\\\/produit\\\/eplucheur\\\/\",\"url\":\"https:\\\/\\\/prodemo.com\\\/de\\\/produit\\\/eplucheur\\\/\",\"name\":\"P-Sch\u00e4ler - Prodemo\",\"isPartOf\":{\"@id\":\"https:\\\/\\\/prodemo.com\\\/de\\\/#website\"},\"primaryImageOfPage\":{\"@id\":\"https:\\\/\\\/prodemo.com\\\/de\\\/produit\\\/eplucheur\\\/#primaryimage\"},\"image\":{\"@id\":\"https:\\\/\\\/prodemo.com\\\/de\\\/produit\\\/eplucheur\\\/#primaryimage\"},\"thumbnailUrl\":\"https:\\\/\\\/prodemo.com\\\/wp-content\\\/uploads\\\/2023\\\/10\\\/22094.10_P_Schaler_piranha_anthrazit_1.png\",\"datePublished\":\"2023-07-10T06:48:27+00:00\",\"dateModified\":\"2025-11-23T14:42:21+00:00\",\"breadcrumb\":{\"@id\":\"https:\\\/\\\/prodemo.com\\\/de\\\/produit\\\/eplucheur\\\/#breadcrumb\"},\"inLanguage\":\"de\",\"potentialAction\":[{\"@type\":\"ReadAction\",\"target\":[\"https:\\\/\\\/prodemo.com\\\/de\\\/produit\\\/eplucheur\\\/\"]}]},{\"@type\":\"ImageObject\",\"inLanguage\":\"de\",\"@id\":\"https:\\\/\\\/prodemo.com\\\/de\\\/produit\\\/eplucheur\\\/#primaryimage\",\"url\":\"https:\\\/\\\/prodemo.com\\\/wp-content\\\/uploads\\\/2023\\\/10\\\/22094.10_P_Schaler_piranha_anthrazit_1.png\",\"contentUrl\":\"https:\\\/\\\/prodemo.com\\\/wp-content\\\/uploads\\\/2023\\\/10\\\/22094.10_P_Schaler_piranha_anthrazit_1.png\",\"width\":2835,\"height\":2852},{\"@type\":\"BreadcrumbList\",\"@id\":\"https:\\\/\\\/prodemo.com\\\/de\\\/produit\\\/eplucheur\\\/#breadcrumb\",\"itemListElement\":[{\"@type\":\"ListItem\",\"position\":1,\"name\":\"Accueil\",\"item\":\"https:\\\/\\\/prodemo.com\\\/de\\\/home\\\/\"},{\"@type\":\"ListItem\",\"position\":2,\"name\":\"Shop\",\"item\":\"https:\\\/\\\/prodemo.com\\\/de\\\/shop\\\/\"},{\"@type\":\"ListItem\",\"position\":3,\"name\":\"P-Sch\u00e4ler\"}]},{\"@type\":\"WebSite\",\"@id\":\"https:\\\/\\\/prodemo.com\\\/de\\\/#website\",\"url\":\"https:\\\/\\\/prodemo.com\\\/de\\\/\",\"name\":\"Prodemo SA\",\"description\":\"Au service de votre cuisine depuis 1974\",\"potentialAction\":[{\"@type\":\"SearchAction\",\"target\":{\"@type\":\"EntryPoint\",\"urlTemplate\":\"https:\\\/\\\/prodemo.com\\\/de\\\/?s={search_term_string}\"},\"query-input\":{\"@type\":\"PropertyValueSpecification\",\"valueRequired\":true,\"valueName\":\"search_term_string\"}}],\"inLanguage\":\"de\"}]}<\/script>\n<!-- \/ Yoast SEO plugin. -->","yoast_head_json":{"title":"P-Sch\u00e4ler - Prodemo","robots":{"index":"index","follow":"follow","max-snippet":"max-snippet:-1","max-image-preview":"max-image-preview:large","max-video-preview":"max-video-preview:-1"},"canonical":"https:\/\/prodemo.com\/de\/produit\/eplucheur\/","og_locale":"de_DE","og_type":"article","og_title":"P-Sch\u00e4ler - Prodemo","og_description":"Gr\u00f6\u00dfe: 17 cm &#x2714; Extra scharfe Klinge &#x2714; Rostfreier Edelstahl &#x2714; F\u00fcr Links- und Rechtsh\u00e4nder geeignet, sch\u00e4lbar in alle Richtungen &#x2714; 2 unterschiedliche Klingen und Formen w\u00e4hlbar &#x2714; Abwaschen per Hand","og_url":"https:\/\/prodemo.com\/de\/produit\/eplucheur\/","og_site_name":"Prodemo","article_modified_time":"2025-11-23T14:42:21+00:00","og_image":[{"width":2835,"height":2852,"url":"https:\/\/prodemo.com\/wp-content\/uploads\/2023\/10\/22094.10_P_Schaler_piranha_anthrazit_1.png","type":"image\/png"}],"twitter_card":"summary_large_image","twitter_misc":{"Gesch\u00e4tzte Lesezeit":"1\u00a0Minute"},"schema":{"@context":"https:\/\/schema.org","@graph":[{"@type":"WebPage","@id":"https:\/\/prodemo.com\/de\/produit\/eplucheur\/","url":"https:\/\/prodemo.com\/de\/produit\/eplucheur\/","name":"P-Sch\u00e4ler - Prodemo","isPartOf":{"@id":"https:\/\/prodemo.com\/de\/#website"},"primaryImageOfPage":{"@id":"https:\/\/prodemo.com\/de\/produit\/eplucheur\/#primaryimage"},"image":{"@id":"https:\/\/prodemo.com\/de\/produit\/eplucheur\/#primaryimage"},"thumbnailUrl":"https:\/\/prodemo.com\/wp-content\/uploads\/2023\/10\/22094.10_P_Schaler_piranha_anthrazit_1.png","datePublished":"2023-07-10T06:48:27+00:00","dateModified":"2025-11-23T14:42:21+00:00","breadcrumb":{"@id":"https:\/\/prodemo.com\/de\/produit\/eplucheur\/#breadcrumb"},"inLanguage":"de","potentialAction":[{"@type":"ReadAction","target":["https:\/\/prodemo.com\/de\/produit\/eplucheur\/"]}]},{"@type":"ImageObject","inLanguage":"de","@id":"https:\/\/prodemo.com\/de\/produit\/eplucheur\/#primaryimage","url":"https:\/\/prodemo.com\/wp-content\/uploads\/2023\/10\/22094.10_P_Schaler_piranha_anthrazit_1.png","contentUrl":"https:\/\/prodemo.com\/wp-content\/uploads\/2023\/10\/22094.10_P_Schaler_piranha_anthrazit_1.png","width":2835,"height":2852},{"@type":"BreadcrumbList","@id":"https:\/\/prodemo.com\/de\/produit\/eplucheur\/#breadcrumb","itemListElement":[{"@type":"ListItem","position":1,"name":"Accueil","item":"https:\/\/prodemo.com\/de\/home\/"},{"@type":"ListItem","position":2,"name":"Shop","item":"https:\/\/prodemo.com\/de\/shop\/"},{"@type":"ListItem","position":3,"name":"P-Sch\u00e4ler"}]},{"@type":"WebSite","@id":"https:\/\/prodemo.com\/de\/#website","url":"https:\/\/prodemo.com\/de\/","name":"Prodemo SA","description":"Au service de votre cuisine depuis 1974","potentialAction":[{"@type":"SearchAction","target":{"@type":"EntryPoint","urlTemplate":"https:\/\/prodemo.com\/de\/?s={search_term_string}"},"query-input":{"@type":"PropertyValueSpecification","valueRequired":true,"valueName":"search_term_string"}}],"inLanguage":"de"}]}},"jetpack_sharing_enabled":true,"_links":{"self":[{"href":"https:\/\/prodemo.com\/de\/wp-json\/wp\/v2\/product\/11695","targetHints":{"allow":["GET"]}}],"collection":[{"href":"https:\/\/prodemo.com\/de\/wp-json\/wp\/v2\/product"}],"about":[{"href":"https:\/\/prodemo.com\/de\/wp-json\/wp\/v2\/types\/product"}],"wp:featuredmedia":[{"embeddable":true,"href":"https:\/\/prodemo.com\/de\/wp-json\/wp\/v2\/media\/15904"}],"wp:attachment":[{"href":"https:\/\/prodemo.com\/de\/wp-json\/wp\/v2\/media?parent=11695"}],"wp:term":[{"taxonomy":"product_cat","embeddable":true,"href":"https:\/\/prodemo.com\/de\/wp-json\/wp\/v2\/product_cat?post=11695"},{"taxonomy":"product_tag","embeddable":true,"href":"https:\/\/prodemo.com\/de\/wp-json\/wp\/v2\/product_tag?post=11695"},{"taxonomy":"product_label","embeddable":true,"href":"https:\/\/prodemo.com\/de\/wp-json\/wp\/v2\/product_label?post=11695"},{"taxonomy":"brand","embeddable":true,"href":"https:\/\/prodemo.com\/de\/wp-json\/wp\/v2\/brand?post=11695"}],"curies":[{"name":"wp","href":"https:\/\/api.w.org\/{rel}","templated":true}]}}