{"id":11634,"date":"2023-07-10T08:16:18","date_gmt":"2023-07-10T06:16:18","guid":{"rendered":"https:\/\/prodemo.lemon.ch\/produit\/stretch-ii-set\/"},"modified":"2025-11-23T15:44:04","modified_gmt":"2025-11-23T14:44:04","slug":"stretch-ii-lot","status":"publish","type":"product","link":"https:\/\/prodemo.com\/de\/produit\/stretch-ii-lot\/","title":{"rendered":"Stretch-ii set"},"content":{"rendered":"<p>Unsere Stretch-iis verschlie\u00dfen geruchsfrei, hygienisch und absolut dicht. Ob Lebensmittelanschnitte wie Obst, Gem\u00fcse, Wurst oder offene Beh\u00e4ltnisse, Sch\u00fcsseln, Gl\u00e4ser oder Becher \u2013 wir haben f\u00fcr alles den passenden Deckel. Es gibt sie in sechs verschiedenen Gr\u00f6\u00dfen \u2013 einer passt immer. Reinigen kannst Du sie nach Gebrauch ganz einfach in der Sp\u00fclmaschine oder per Hand.<\/p>\n","protected":false},"excerpt":{"rendered":"<p>Unsere Stretch-iis verschlie\u00dfen geruchsfrei, hygienisch und absolut dicht. Ob Lebensmittelanschnitte wie Obst, Gem\u00fcse, Wurst oder offene Beh\u00e4ltnisse, Sch\u00fcsseln, Gl\u00e4ser oder Becher \u2013 wir haben f\u00fcr alles den passenden Deckel. Es gibt sie in sechs verschiedenen Gr\u00f6\u00dfen \u2013 einer passt immer. Reinigen kannst Du sie nach Gebrauch ganz einfach in der Sp\u00fclmaschine oder per Hand.<\/p>\n","protected":false},"featured_media":16076,"template":"","meta":{"_acf_changed":false,"_relevanssi_hide_post":"","_relevanssi_hide_content":"","_relevanssi_pin_for_all":"","_relevanssi_pin_keywords":"","_relevanssi_unpin_keywords":"","_relevanssi_related_keywords":"","_relevanssi_related_include_ids":"","_relevanssi_related_exclude_ids":"","_relevanssi_related_no_append":"","_relevanssi_related_not_related":"","_relevanssi_related_posts":"","_relevanssi_noindex_reason":"","inline_featured_image":false},"product_cat":[786,881,795],"product_tag":[],"product_label":[],"brand":[1373],"class_list":{"0":"post-11634","1":"product","2":"type-product","3":"status-publish","4":"has-post-thumbnail","6":"product_cat-gute-angebote-sets","7":"product_cat-deckel","8":"product_cat-kochblume-zubehoer","9":"brand-kochblume-de","11":"first","12":"instock","13":"taxable","14":"shipping-taxable","15":"purchasable","16":"product-type-variable","17":"has-default-attributes"},"acf":[],"yoast_head":"<!-- This site is optimized with the Yoast SEO plugin v27.3 - https:\/\/yoast.com\/product\/yoast-seo-wordpress\/ -->\n<title>Stretch-ii set - Prodemo<\/title>\n<meta name=\"robots\" content=\"index, follow, max-snippet:-1, max-image-preview:large, max-video-preview:-1\" \/>\n<link rel=\"canonical\" href=\"https:\/\/prodemo.com\/de\/produit\/stretch-ii-lot\/\" \/>\n<meta property=\"og:locale\" content=\"de_DE\" \/>\n<meta property=\"og:type\" content=\"article\" \/>\n<meta property=\"og:title\" content=\"Stretch-ii set - Prodemo\" \/>\n<meta property=\"og:description\" content=\"Unsere Stretch-iis verschlie\u00dfen geruchsfrei, hygienisch und absolut dicht. Ob Lebensmittelanschnitte wie Obst, Gem\u00fcse, Wurst oder offene Beh\u00e4ltnisse, Sch\u00fcsseln, Gl\u00e4ser oder Becher \u2013 wir haben f\u00fcr alles den passenden Deckel. Es gibt sie in sechs verschiedenen Gr\u00f6\u00dfen \u2013 einer passt immer. Reinigen kannst Du sie nach Gebrauch ganz einfach in der Sp\u00fclmaschine oder per Hand.\" \/>\n<meta property=\"og:url\" content=\"https:\/\/prodemo.com\/de\/produit\/stretch-ii-lot\/\" \/>\n<meta property=\"og:site_name\" content=\"Prodemo\" \/>\n<meta property=\"article:modified_time\" content=\"2025-11-23T14:44:04+00:00\" \/>\n<meta property=\"og:image\" content=\"https:\/\/prodemo.com\/wp-content\/uploads\/2023\/10\/Stretch-ii-blau_2-1024x1024.png\" \/>\n\t<meta property=\"og:image:width\" content=\"1024\" \/>\n\t<meta property=\"og:image:height\" content=\"1024\" \/>\n\t<meta property=\"og:image:type\" content=\"image\/png\" \/>\n<meta name=\"twitter:card\" content=\"summary_large_image\" \/>\n<meta name=\"twitter:label1\" content=\"Gesch\u00e4tzte Lesezeit\" \/>\n\t<meta name=\"twitter:data1\" content=\"1\u00a0Minute\" \/>\n<script type=\"application\/ld+json\" class=\"yoast-schema-graph\">{\"@context\":\"https:\\\/\\\/schema.org\",\"@graph\":[{\"@type\":\"WebPage\",\"@id\":\"https:\\\/\\\/prodemo.com\\\/de\\\/produit\\\/stretch-ii-lot\\\/\",\"url\":\"https:\\\/\\\/prodemo.com\\\/de\\\/produit\\\/stretch-ii-lot\\\/\",\"name\":\"Stretch-ii set - Prodemo\",\"isPartOf\":{\"@id\":\"https:\\\/\\\/prodemo.com\\\/de\\\/#website\"},\"primaryImageOfPage\":{\"@id\":\"https:\\\/\\\/prodemo.com\\\/de\\\/produit\\\/stretch-ii-lot\\\/#primaryimage\"},\"image\":{\"@id\":\"https:\\\/\\\/prodemo.com\\\/de\\\/produit\\\/stretch-ii-lot\\\/#primaryimage\"},\"thumbnailUrl\":\"https:\\\/\\\/prodemo.com\\\/wp-content\\\/uploads\\\/2023\\\/10\\\/Stretch-ii-blau_2.png\",\"datePublished\":\"2023-07-10T06:16:18+00:00\",\"dateModified\":\"2025-11-23T14:44:04+00:00\",\"breadcrumb\":{\"@id\":\"https:\\\/\\\/prodemo.com\\\/de\\\/produit\\\/stretch-ii-lot\\\/#breadcrumb\"},\"inLanguage\":\"de\",\"potentialAction\":[{\"@type\":\"ReadAction\",\"target\":[\"https:\\\/\\\/prodemo.com\\\/de\\\/produit\\\/stretch-ii-lot\\\/\"]}]},{\"@type\":\"ImageObject\",\"inLanguage\":\"de\",\"@id\":\"https:\\\/\\\/prodemo.com\\\/de\\\/produit\\\/stretch-ii-lot\\\/#primaryimage\",\"url\":\"https:\\\/\\\/prodemo.com\\\/wp-content\\\/uploads\\\/2023\\\/10\\\/Stretch-ii-blau_2.png\",\"contentUrl\":\"https:\\\/\\\/prodemo.com\\\/wp-content\\\/uploads\\\/2023\\\/10\\\/Stretch-ii-blau_2.png\",\"width\":2466,\"height\":2466},{\"@type\":\"BreadcrumbList\",\"@id\":\"https:\\\/\\\/prodemo.com\\\/de\\\/produit\\\/stretch-ii-lot\\\/#breadcrumb\",\"itemListElement\":[{\"@type\":\"ListItem\",\"position\":1,\"name\":\"Accueil\",\"item\":\"https:\\\/\\\/prodemo.com\\\/de\\\/home\\\/\"},{\"@type\":\"ListItem\",\"position\":2,\"name\":\"Shop\",\"item\":\"https:\\\/\\\/prodemo.com\\\/de\\\/shop\\\/\"},{\"@type\":\"ListItem\",\"position\":3,\"name\":\"Stretch-ii set\"}]},{\"@type\":\"WebSite\",\"@id\":\"https:\\\/\\\/prodemo.com\\\/de\\\/#website\",\"url\":\"https:\\\/\\\/prodemo.com\\\/de\\\/\",\"name\":\"Prodemo SA\",\"description\":\"Au service de votre cuisine depuis 1974\",\"potentialAction\":[{\"@type\":\"SearchAction\",\"target\":{\"@type\":\"EntryPoint\",\"urlTemplate\":\"https:\\\/\\\/prodemo.com\\\/de\\\/?s={search_term_string}\"},\"query-input\":{\"@type\":\"PropertyValueSpecification\",\"valueRequired\":true,\"valueName\":\"search_term_string\"}}],\"inLanguage\":\"de\"}]}<\/script>\n<!-- \/ Yoast SEO plugin. -->","yoast_head_json":{"title":"Stretch-ii set - Prodemo","robots":{"index":"index","follow":"follow","max-snippet":"max-snippet:-1","max-image-preview":"max-image-preview:large","max-video-preview":"max-video-preview:-1"},"canonical":"https:\/\/prodemo.com\/de\/produit\/stretch-ii-lot\/","og_locale":"de_DE","og_type":"article","og_title":"Stretch-ii set - Prodemo","og_description":"Unsere Stretch-iis verschlie\u00dfen geruchsfrei, hygienisch und absolut dicht. Ob Lebensmittelanschnitte wie Obst, Gem\u00fcse, Wurst oder offene Beh\u00e4ltnisse, Sch\u00fcsseln, Gl\u00e4ser oder Becher \u2013 wir haben f\u00fcr alles den passenden Deckel. Es gibt sie in sechs verschiedenen Gr\u00f6\u00dfen \u2013 einer passt immer. Reinigen kannst Du sie nach Gebrauch ganz einfach in der Sp\u00fclmaschine oder per Hand.","og_url":"https:\/\/prodemo.com\/de\/produit\/stretch-ii-lot\/","og_site_name":"Prodemo","article_modified_time":"2025-11-23T14:44:04+00:00","og_image":[{"width":1024,"height":1024,"url":"https:\/\/prodemo.com\/wp-content\/uploads\/2023\/10\/Stretch-ii-blau_2-1024x1024.png","type":"image\/png"}],"twitter_card":"summary_large_image","twitter_misc":{"Gesch\u00e4tzte Lesezeit":"1\u00a0Minute"},"schema":{"@context":"https:\/\/schema.org","@graph":[{"@type":"WebPage","@id":"https:\/\/prodemo.com\/de\/produit\/stretch-ii-lot\/","url":"https:\/\/prodemo.com\/de\/produit\/stretch-ii-lot\/","name":"Stretch-ii set - Prodemo","isPartOf":{"@id":"https:\/\/prodemo.com\/de\/#website"},"primaryImageOfPage":{"@id":"https:\/\/prodemo.com\/de\/produit\/stretch-ii-lot\/#primaryimage"},"image":{"@id":"https:\/\/prodemo.com\/de\/produit\/stretch-ii-lot\/#primaryimage"},"thumbnailUrl":"https:\/\/prodemo.com\/wp-content\/uploads\/2023\/10\/Stretch-ii-blau_2.png","datePublished":"2023-07-10T06:16:18+00:00","dateModified":"2025-11-23T14:44:04+00:00","breadcrumb":{"@id":"https:\/\/prodemo.com\/de\/produit\/stretch-ii-lot\/#breadcrumb"},"inLanguage":"de","potentialAction":[{"@type":"ReadAction","target":["https:\/\/prodemo.com\/de\/produit\/stretch-ii-lot\/"]}]},{"@type":"ImageObject","inLanguage":"de","@id":"https:\/\/prodemo.com\/de\/produit\/stretch-ii-lot\/#primaryimage","url":"https:\/\/prodemo.com\/wp-content\/uploads\/2023\/10\/Stretch-ii-blau_2.png","contentUrl":"https:\/\/prodemo.com\/wp-content\/uploads\/2023\/10\/Stretch-ii-blau_2.png","width":2466,"height":2466},{"@type":"BreadcrumbList","@id":"https:\/\/prodemo.com\/de\/produit\/stretch-ii-lot\/#breadcrumb","itemListElement":[{"@type":"ListItem","position":1,"name":"Accueil","item":"https:\/\/prodemo.com\/de\/home\/"},{"@type":"ListItem","position":2,"name":"Shop","item":"https:\/\/prodemo.com\/de\/shop\/"},{"@type":"ListItem","position":3,"name":"Stretch-ii set"}]},{"@type":"WebSite","@id":"https:\/\/prodemo.com\/de\/#website","url":"https:\/\/prodemo.com\/de\/","name":"Prodemo SA","description":"Au service de votre cuisine depuis 1974","potentialAction":[{"@type":"SearchAction","target":{"@type":"EntryPoint","urlTemplate":"https:\/\/prodemo.com\/de\/?s={search_term_string}"},"query-input":{"@type":"PropertyValueSpecification","valueRequired":true,"valueName":"search_term_string"}}],"inLanguage":"de"}]}},"jetpack_sharing_enabled":true,"_links":{"self":[{"href":"https:\/\/prodemo.com\/de\/wp-json\/wp\/v2\/product\/11634","targetHints":{"allow":["GET"]}}],"collection":[{"href":"https:\/\/prodemo.com\/de\/wp-json\/wp\/v2\/product"}],"about":[{"href":"https:\/\/prodemo.com\/de\/wp-json\/wp\/v2\/types\/product"}],"wp:featuredmedia":[{"embeddable":true,"href":"https:\/\/prodemo.com\/de\/wp-json\/wp\/v2\/media\/16076"}],"wp:attachment":[{"href":"https:\/\/prodemo.com\/de\/wp-json\/wp\/v2\/media?parent=11634"}],"wp:term":[{"taxonomy":"product_cat","embeddable":true,"href":"https:\/\/prodemo.com\/de\/wp-json\/wp\/v2\/product_cat?post=11634"},{"taxonomy":"product_tag","embeddable":true,"href":"https:\/\/prodemo.com\/de\/wp-json\/wp\/v2\/product_tag?post=11634"},{"taxonomy":"product_label","embeddable":true,"href":"https:\/\/prodemo.com\/de\/wp-json\/wp\/v2\/product_label?post=11634"},{"taxonomy":"brand","embeddable":true,"href":"https:\/\/prodemo.com\/de\/wp-json\/wp\/v2\/brand?post=11634"}],"curies":[{"name":"wp","href":"https:\/\/api.w.org\/{rel}","templated":true}]}}