{"id":11584,"date":"2023-07-10T08:06:53","date_gmt":"2023-07-10T06:06:53","guid":{"rendered":"https:\/\/prodemo.lemon.ch\/produit\/frisch-fixx\/"},"modified":"2025-11-23T15:44:04","modified_gmt":"2025-11-23T14:44:04","slug":"frisch-fixx","status":"publish","type":"product","link":"https:\/\/prodemo.com\/de\/produit\/frisch-fixx\/","title":{"rendered":"Frisch FIXX"},"content":{"rendered":"<p>Alufolie ist Schnee von gestern. Jetzt hei\u00dft es FrischFIXX und fertig. Der ideale Deckel, um Deine Lebensmittel sauber, luft- und geruchsdicht zu verschlie\u00dfen. Den FrischFixx auf ein Beh\u00e4ltnis mit glattem Rand legen, leicht andr\u00fccken und fertig. Durch den entstehenden Unterdruck saugt sich der Deckel ganz von alleine an Deinem Beh\u00e4ltnis fest. Schonend f\u00fcr die Umwelt, weil unz\u00e4hlige Male wiederverwendbar.<\/p>\n","protected":false},"excerpt":{"rendered":"<p>Alufolie ist Schnee von gestern. Jetzt hei\u00dft es FrischFIXX und fertig. Der ideale Deckel, um Deine Lebensmittel sauber, luft- und geruchsdicht zu verschlie\u00dfen. Den FrischFixx auf ein Beh\u00e4ltnis mit glattem Rand legen, leicht andr\u00fccken und fertig. Durch den entstehenden Unterdruck saugt sich der Deckel ganz von alleine an Deinem Beh\u00e4ltnis fest. Schonend f\u00fcr die Umwelt, [&hellip;]<\/p>\n","protected":false},"featured_media":16100,"template":"","meta":{"_acf_changed":false,"_relevanssi_hide_post":"","_relevanssi_hide_content":"","_relevanssi_pin_for_all":"","_relevanssi_pin_keywords":"","_relevanssi_unpin_keywords":"","_relevanssi_related_keywords":"","_relevanssi_related_include_ids":"","_relevanssi_related_exclude_ids":"","_relevanssi_related_no_append":"","_relevanssi_related_not_related":"","_relevanssi_related_posts":"","_relevanssi_noindex_reason":"","inline_featured_image":false},"product_cat":[786,881,795],"product_tag":[],"product_label":[],"brand":[1373],"class_list":{"0":"post-11584","1":"product","2":"type-product","3":"status-publish","4":"has-post-thumbnail","6":"product_cat-gute-angebote-sets","7":"product_cat-deckel","8":"product_cat-kochblume-zubehoer","9":"brand-kochblume-de","11":"first","12":"instock","13":"taxable","14":"shipping-taxable","15":"purchasable","16":"product-type-variable","17":"has-default-attributes"},"acf":[],"yoast_head":"<!-- This site is optimized with the Yoast SEO plugin v27.3 - https:\/\/yoast.com\/product\/yoast-seo-wordpress\/ -->\n<title>Frisch FIXX - Prodemo<\/title>\n<meta name=\"robots\" content=\"index, follow, max-snippet:-1, max-image-preview:large, max-video-preview:-1\" \/>\n<link rel=\"canonical\" href=\"https:\/\/prodemo.com\/de\/produit\/frisch-fixx\/\" \/>\n<meta property=\"og:locale\" content=\"de_DE\" \/>\n<meta property=\"og:type\" content=\"article\" \/>\n<meta property=\"og:title\" content=\"Frisch FIXX - Prodemo\" \/>\n<meta property=\"og:description\" content=\"Alufolie ist Schnee von gestern. Jetzt hei\u00dft es FrischFIXX und fertig. Der ideale Deckel, um Deine Lebensmittel sauber, luft- und geruchsdicht zu verschlie\u00dfen. Den FrischFixx auf ein Beh\u00e4ltnis mit glattem Rand legen, leicht andr\u00fccken und fertig. Durch den entstehenden Unterdruck saugt sich der Deckel ganz von alleine an Deinem Beh\u00e4ltnis fest. Schonend f\u00fcr die Umwelt, [&hellip;]\" \/>\n<meta property=\"og:url\" content=\"https:\/\/prodemo.com\/de\/produit\/frisch-fixx\/\" \/>\n<meta property=\"og:site_name\" content=\"Prodemo\" \/>\n<meta property=\"article:modified_time\" content=\"2025-11-23T14:44:04+00:00\" \/>\n<meta property=\"og:image\" content=\"https:\/\/prodemo.com\/wp-content\/uploads\/2023\/10\/Frischfixx-30cm_Anthrazit-1024x1024.png\" \/>\n\t<meta property=\"og:image:width\" content=\"1024\" \/>\n\t<meta property=\"og:image:height\" content=\"1024\" \/>\n\t<meta property=\"og:image:type\" content=\"image\/png\" \/>\n<meta name=\"twitter:card\" content=\"summary_large_image\" \/>\n<meta name=\"twitter:label1\" content=\"Gesch\u00e4tzte Lesezeit\" \/>\n\t<meta name=\"twitter:data1\" content=\"1\u00a0Minute\" \/>\n<script type=\"application\/ld+json\" class=\"yoast-schema-graph\">{\"@context\":\"https:\\\/\\\/schema.org\",\"@graph\":[{\"@type\":\"WebPage\",\"@id\":\"https:\\\/\\\/prodemo.com\\\/de\\\/produit\\\/frisch-fixx\\\/\",\"url\":\"https:\\\/\\\/prodemo.com\\\/de\\\/produit\\\/frisch-fixx\\\/\",\"name\":\"Frisch FIXX - Prodemo\",\"isPartOf\":{\"@id\":\"https:\\\/\\\/prodemo.com\\\/de\\\/#website\"},\"primaryImageOfPage\":{\"@id\":\"https:\\\/\\\/prodemo.com\\\/de\\\/produit\\\/frisch-fixx\\\/#primaryimage\"},\"image\":{\"@id\":\"https:\\\/\\\/prodemo.com\\\/de\\\/produit\\\/frisch-fixx\\\/#primaryimage\"},\"thumbnailUrl\":\"https:\\\/\\\/prodemo.com\\\/wp-content\\\/uploads\\\/2023\\\/10\\\/Frischfixx-30cm_Anthrazit.png\",\"datePublished\":\"2023-07-10T06:06:53+00:00\",\"dateModified\":\"2025-11-23T14:44:04+00:00\",\"breadcrumb\":{\"@id\":\"https:\\\/\\\/prodemo.com\\\/de\\\/produit\\\/frisch-fixx\\\/#breadcrumb\"},\"inLanguage\":\"de\",\"potentialAction\":[{\"@type\":\"ReadAction\",\"target\":[\"https:\\\/\\\/prodemo.com\\\/de\\\/produit\\\/frisch-fixx\\\/\"]}]},{\"@type\":\"ImageObject\",\"inLanguage\":\"de\",\"@id\":\"https:\\\/\\\/prodemo.com\\\/de\\\/produit\\\/frisch-fixx\\\/#primaryimage\",\"url\":\"https:\\\/\\\/prodemo.com\\\/wp-content\\\/uploads\\\/2023\\\/10\\\/Frischfixx-30cm_Anthrazit.png\",\"contentUrl\":\"https:\\\/\\\/prodemo.com\\\/wp-content\\\/uploads\\\/2023\\\/10\\\/Frischfixx-30cm_Anthrazit.png\",\"width\":3458,\"height\":3458},{\"@type\":\"BreadcrumbList\",\"@id\":\"https:\\\/\\\/prodemo.com\\\/de\\\/produit\\\/frisch-fixx\\\/#breadcrumb\",\"itemListElement\":[{\"@type\":\"ListItem\",\"position\":1,\"name\":\"Accueil\",\"item\":\"https:\\\/\\\/prodemo.com\\\/de\\\/home\\\/\"},{\"@type\":\"ListItem\",\"position\":2,\"name\":\"Shop\",\"item\":\"https:\\\/\\\/prodemo.com\\\/de\\\/shop\\\/\"},{\"@type\":\"ListItem\",\"position\":3,\"name\":\"Frisch FIXX\"}]},{\"@type\":\"WebSite\",\"@id\":\"https:\\\/\\\/prodemo.com\\\/de\\\/#website\",\"url\":\"https:\\\/\\\/prodemo.com\\\/de\\\/\",\"name\":\"Prodemo SA\",\"description\":\"Au service de votre cuisine depuis 1974\",\"potentialAction\":[{\"@type\":\"SearchAction\",\"target\":{\"@type\":\"EntryPoint\",\"urlTemplate\":\"https:\\\/\\\/prodemo.com\\\/de\\\/?s={search_term_string}\"},\"query-input\":{\"@type\":\"PropertyValueSpecification\",\"valueRequired\":true,\"valueName\":\"search_term_string\"}}],\"inLanguage\":\"de\"}]}<\/script>\n<!-- \/ Yoast SEO plugin. -->","yoast_head_json":{"title":"Frisch FIXX - Prodemo","robots":{"index":"index","follow":"follow","max-snippet":"max-snippet:-1","max-image-preview":"max-image-preview:large","max-video-preview":"max-video-preview:-1"},"canonical":"https:\/\/prodemo.com\/de\/produit\/frisch-fixx\/","og_locale":"de_DE","og_type":"article","og_title":"Frisch FIXX - Prodemo","og_description":"Alufolie ist Schnee von gestern. Jetzt hei\u00dft es FrischFIXX und fertig. Der ideale Deckel, um Deine Lebensmittel sauber, luft- und geruchsdicht zu verschlie\u00dfen. Den FrischFixx auf ein Beh\u00e4ltnis mit glattem Rand legen, leicht andr\u00fccken und fertig. Durch den entstehenden Unterdruck saugt sich der Deckel ganz von alleine an Deinem Beh\u00e4ltnis fest. Schonend f\u00fcr die Umwelt, [&hellip;]","og_url":"https:\/\/prodemo.com\/de\/produit\/frisch-fixx\/","og_site_name":"Prodemo","article_modified_time":"2025-11-23T14:44:04+00:00","og_image":[{"width":1024,"height":1024,"url":"https:\/\/prodemo.com\/wp-content\/uploads\/2023\/10\/Frischfixx-30cm_Anthrazit-1024x1024.png","type":"image\/png"}],"twitter_card":"summary_large_image","twitter_misc":{"Gesch\u00e4tzte Lesezeit":"1\u00a0Minute"},"schema":{"@context":"https:\/\/schema.org","@graph":[{"@type":"WebPage","@id":"https:\/\/prodemo.com\/de\/produit\/frisch-fixx\/","url":"https:\/\/prodemo.com\/de\/produit\/frisch-fixx\/","name":"Frisch FIXX - Prodemo","isPartOf":{"@id":"https:\/\/prodemo.com\/de\/#website"},"primaryImageOfPage":{"@id":"https:\/\/prodemo.com\/de\/produit\/frisch-fixx\/#primaryimage"},"image":{"@id":"https:\/\/prodemo.com\/de\/produit\/frisch-fixx\/#primaryimage"},"thumbnailUrl":"https:\/\/prodemo.com\/wp-content\/uploads\/2023\/10\/Frischfixx-30cm_Anthrazit.png","datePublished":"2023-07-10T06:06:53+00:00","dateModified":"2025-11-23T14:44:04+00:00","breadcrumb":{"@id":"https:\/\/prodemo.com\/de\/produit\/frisch-fixx\/#breadcrumb"},"inLanguage":"de","potentialAction":[{"@type":"ReadAction","target":["https:\/\/prodemo.com\/de\/produit\/frisch-fixx\/"]}]},{"@type":"ImageObject","inLanguage":"de","@id":"https:\/\/prodemo.com\/de\/produit\/frisch-fixx\/#primaryimage","url":"https:\/\/prodemo.com\/wp-content\/uploads\/2023\/10\/Frischfixx-30cm_Anthrazit.png","contentUrl":"https:\/\/prodemo.com\/wp-content\/uploads\/2023\/10\/Frischfixx-30cm_Anthrazit.png","width":3458,"height":3458},{"@type":"BreadcrumbList","@id":"https:\/\/prodemo.com\/de\/produit\/frisch-fixx\/#breadcrumb","itemListElement":[{"@type":"ListItem","position":1,"name":"Accueil","item":"https:\/\/prodemo.com\/de\/home\/"},{"@type":"ListItem","position":2,"name":"Shop","item":"https:\/\/prodemo.com\/de\/shop\/"},{"@type":"ListItem","position":3,"name":"Frisch FIXX"}]},{"@type":"WebSite","@id":"https:\/\/prodemo.com\/de\/#website","url":"https:\/\/prodemo.com\/de\/","name":"Prodemo SA","description":"Au service de votre cuisine depuis 1974","potentialAction":[{"@type":"SearchAction","target":{"@type":"EntryPoint","urlTemplate":"https:\/\/prodemo.com\/de\/?s={search_term_string}"},"query-input":{"@type":"PropertyValueSpecification","valueRequired":true,"valueName":"search_term_string"}}],"inLanguage":"de"}]}},"jetpack_sharing_enabled":true,"_links":{"self":[{"href":"https:\/\/prodemo.com\/de\/wp-json\/wp\/v2\/product\/11584","targetHints":{"allow":["GET"]}}],"collection":[{"href":"https:\/\/prodemo.com\/de\/wp-json\/wp\/v2\/product"}],"about":[{"href":"https:\/\/prodemo.com\/de\/wp-json\/wp\/v2\/types\/product"}],"wp:featuredmedia":[{"embeddable":true,"href":"https:\/\/prodemo.com\/de\/wp-json\/wp\/v2\/media\/16100"}],"wp:attachment":[{"href":"https:\/\/prodemo.com\/de\/wp-json\/wp\/v2\/media?parent=11584"}],"wp:term":[{"taxonomy":"product_cat","embeddable":true,"href":"https:\/\/prodemo.com\/de\/wp-json\/wp\/v2\/product_cat?post=11584"},{"taxonomy":"product_tag","embeddable":true,"href":"https:\/\/prodemo.com\/de\/wp-json\/wp\/v2\/product_tag?post=11584"},{"taxonomy":"product_label","embeddable":true,"href":"https:\/\/prodemo.com\/de\/wp-json\/wp\/v2\/product_label?post=11584"},{"taxonomy":"brand","embeddable":true,"href":"https:\/\/prodemo.com\/de\/wp-json\/wp\/v2\/brand?post=11584"}],"curies":[{"name":"wp","href":"https:\/\/api.w.org\/{rel}","templated":true}]}}