{"id":11511,"date":"2023-09-12T13:22:58","date_gmt":"2023-09-12T11:24:17","guid":{"rendered":"https:\/\/prodemo.lemon.ch\/produit\/swisch-tailliert\/"},"modified":"2025-11-23T15:46:36","modified_gmt":"2025-11-23T14:46:36","slug":"swisch-tailliert","status":"publish","type":"product","link":"https:\/\/prodemo.com\/de\/produit\/swisch-tailliert\/","title":{"rendered":"Swisch tailliert"},"content":{"rendered":"<p>Sp\u00fclschwamm, Fusselb\u00fcrste und Topflappen in einem. Tausende weiche Silikon-Noppen sorgen f\u00fcr einmalige Sauberkeit in K\u00fcche, Bad, WC und dem ganzen Haushalt.<\/p>\n","protected":false},"excerpt":{"rendered":"<p>Sp\u00fclschwamm, Fusselb\u00fcrste und Topflappen in einem. Tausende weiche Silikon-Noppen sorgen f\u00fcr einmalige Sauberkeit in K\u00fcche, Bad, WC und dem ganzen Haushalt.<\/p>\n","protected":false},"featured_media":16873,"template":"","meta":{"_acf_changed":false,"_relevanssi_hide_post":"","_relevanssi_hide_content":"","_relevanssi_pin_for_all":"","_relevanssi_pin_keywords":"","_relevanssi_unpin_keywords":"","_relevanssi_related_keywords":"","_relevanssi_related_include_ids":"","_relevanssi_related_exclude_ids":"","_relevanssi_related_no_append":"","_relevanssi_related_not_related":"","_relevanssi_related_posts":"","_relevanssi_noindex_reason":"","inline_featured_image":false},"product_cat":[786,1047],"product_tag":[],"product_label":[],"brand":[1373],"class_list":{"0":"post-11511","1":"product","2":"type-product","3":"status-publish","4":"has-post-thumbnail","6":"product_cat-gute-angebote-sets","7":"product_cat-kochblume-reinigung","8":"brand-kochblume-de","10":"first","11":"instock","12":"taxable","13":"shipping-taxable","14":"purchasable","15":"product-type-variable","16":"has-default-attributes"},"acf":[],"yoast_head":"<!-- This site is optimized with the Yoast SEO plugin v27.3 - https:\/\/yoast.com\/product\/yoast-seo-wordpress\/ -->\n<title>Swisch tailliert - Prodemo<\/title>\n<meta name=\"robots\" content=\"index, follow, max-snippet:-1, max-image-preview:large, max-video-preview:-1\" \/>\n<link rel=\"canonical\" href=\"https:\/\/prodemo.com\/de\/produit\/swisch-tailliert\/\" \/>\n<meta property=\"og:locale\" content=\"de_DE\" \/>\n<meta property=\"og:type\" content=\"article\" \/>\n<meta property=\"og:title\" content=\"Swisch tailliert - Prodemo\" \/>\n<meta property=\"og:description\" content=\"Sp\u00fclschwamm, Fusselb\u00fcrste und Topflappen in einem. Tausende weiche Silikon-Noppen sorgen f\u00fcr einmalige Sauberkeit in K\u00fcche, Bad, WC und dem ganzen Haushalt.\" \/>\n<meta property=\"og:url\" content=\"https:\/\/prodemo.com\/de\/produit\/swisch-tailliert\/\" \/>\n<meta property=\"og:site_name\" content=\"Prodemo\" \/>\n<meta property=\"article:modified_time\" content=\"2025-11-23T14:46:36+00:00\" \/>\n<meta property=\"og:image\" content=\"https:\/\/prodemo.com\/wp-content\/uploads\/2023\/10\/22949.10_Swisch_Tailliert_1_anthrazit-2.png\" \/>\n\t<meta property=\"og:image:width\" content=\"2409\" \/>\n\t<meta property=\"og:image:height\" content=\"2409\" \/>\n\t<meta property=\"og:image:type\" content=\"image\/png\" \/>\n<meta name=\"twitter:card\" content=\"summary_large_image\" \/>\n<script type=\"application\/ld+json\" class=\"yoast-schema-graph\">{\"@context\":\"https:\\\/\\\/schema.org\",\"@graph\":[{\"@type\":\"WebPage\",\"@id\":\"https:\\\/\\\/prodemo.com\\\/de\\\/produit\\\/swisch-tailliert\\\/\",\"url\":\"https:\\\/\\\/prodemo.com\\\/de\\\/produit\\\/swisch-tailliert\\\/\",\"name\":\"Swisch tailliert - Prodemo\",\"isPartOf\":{\"@id\":\"https:\\\/\\\/prodemo.com\\\/de\\\/#website\"},\"primaryImageOfPage\":{\"@id\":\"https:\\\/\\\/prodemo.com\\\/de\\\/produit\\\/swisch-tailliert\\\/#primaryimage\"},\"image\":{\"@id\":\"https:\\\/\\\/prodemo.com\\\/de\\\/produit\\\/swisch-tailliert\\\/#primaryimage\"},\"thumbnailUrl\":\"https:\\\/\\\/prodemo.com\\\/wp-content\\\/uploads\\\/2023\\\/10\\\/22949.10_Swisch_Tailliert_1_anthrazit-2.png\",\"datePublished\":\"2023-09-12T11:24:17+00:00\",\"dateModified\":\"2025-11-23T14:46:36+00:00\",\"breadcrumb\":{\"@id\":\"https:\\\/\\\/prodemo.com\\\/de\\\/produit\\\/swisch-tailliert\\\/#breadcrumb\"},\"inLanguage\":\"de\",\"potentialAction\":[{\"@type\":\"ReadAction\",\"target\":[\"https:\\\/\\\/prodemo.com\\\/de\\\/produit\\\/swisch-tailliert\\\/\"]}]},{\"@type\":\"ImageObject\",\"inLanguage\":\"de\",\"@id\":\"https:\\\/\\\/prodemo.com\\\/de\\\/produit\\\/swisch-tailliert\\\/#primaryimage\",\"url\":\"https:\\\/\\\/prodemo.com\\\/wp-content\\\/uploads\\\/2023\\\/10\\\/22949.10_Swisch_Tailliert_1_anthrazit-2.png\",\"contentUrl\":\"https:\\\/\\\/prodemo.com\\\/wp-content\\\/uploads\\\/2023\\\/10\\\/22949.10_Swisch_Tailliert_1_anthrazit-2.png\",\"width\":2409,\"height\":2409},{\"@type\":\"BreadcrumbList\",\"@id\":\"https:\\\/\\\/prodemo.com\\\/de\\\/produit\\\/swisch-tailliert\\\/#breadcrumb\",\"itemListElement\":[{\"@type\":\"ListItem\",\"position\":1,\"name\":\"Accueil\",\"item\":\"https:\\\/\\\/prodemo.com\\\/de\\\/home\\\/\"},{\"@type\":\"ListItem\",\"position\":2,\"name\":\"Shop\",\"item\":\"https:\\\/\\\/prodemo.com\\\/de\\\/shop\\\/\"},{\"@type\":\"ListItem\",\"position\":3,\"name\":\"Swisch tailliert\"}]},{\"@type\":\"WebSite\",\"@id\":\"https:\\\/\\\/prodemo.com\\\/de\\\/#website\",\"url\":\"https:\\\/\\\/prodemo.com\\\/de\\\/\",\"name\":\"Prodemo SA\",\"description\":\"Au service de votre cuisine depuis 1974\",\"potentialAction\":[{\"@type\":\"SearchAction\",\"target\":{\"@type\":\"EntryPoint\",\"urlTemplate\":\"https:\\\/\\\/prodemo.com\\\/de\\\/?s={search_term_string}\"},\"query-input\":{\"@type\":\"PropertyValueSpecification\",\"valueRequired\":true,\"valueName\":\"search_term_string\"}}],\"inLanguage\":\"de\"}]}<\/script>\n<!-- \/ Yoast SEO plugin. -->","yoast_head_json":{"title":"Swisch tailliert - Prodemo","robots":{"index":"index","follow":"follow","max-snippet":"max-snippet:-1","max-image-preview":"max-image-preview:large","max-video-preview":"max-video-preview:-1"},"canonical":"https:\/\/prodemo.com\/de\/produit\/swisch-tailliert\/","og_locale":"de_DE","og_type":"article","og_title":"Swisch tailliert - Prodemo","og_description":"Sp\u00fclschwamm, Fusselb\u00fcrste und Topflappen in einem. Tausende weiche Silikon-Noppen sorgen f\u00fcr einmalige Sauberkeit in K\u00fcche, Bad, WC und dem ganzen Haushalt.","og_url":"https:\/\/prodemo.com\/de\/produit\/swisch-tailliert\/","og_site_name":"Prodemo","article_modified_time":"2025-11-23T14:46:36+00:00","og_image":[{"width":2409,"height":2409,"url":"https:\/\/prodemo.com\/wp-content\/uploads\/2023\/10\/22949.10_Swisch_Tailliert_1_anthrazit-2.png","type":"image\/png"}],"twitter_card":"summary_large_image","schema":{"@context":"https:\/\/schema.org","@graph":[{"@type":"WebPage","@id":"https:\/\/prodemo.com\/de\/produit\/swisch-tailliert\/","url":"https:\/\/prodemo.com\/de\/produit\/swisch-tailliert\/","name":"Swisch tailliert - Prodemo","isPartOf":{"@id":"https:\/\/prodemo.com\/de\/#website"},"primaryImageOfPage":{"@id":"https:\/\/prodemo.com\/de\/produit\/swisch-tailliert\/#primaryimage"},"image":{"@id":"https:\/\/prodemo.com\/de\/produit\/swisch-tailliert\/#primaryimage"},"thumbnailUrl":"https:\/\/prodemo.com\/wp-content\/uploads\/2023\/10\/22949.10_Swisch_Tailliert_1_anthrazit-2.png","datePublished":"2023-09-12T11:24:17+00:00","dateModified":"2025-11-23T14:46:36+00:00","breadcrumb":{"@id":"https:\/\/prodemo.com\/de\/produit\/swisch-tailliert\/#breadcrumb"},"inLanguage":"de","potentialAction":[{"@type":"ReadAction","target":["https:\/\/prodemo.com\/de\/produit\/swisch-tailliert\/"]}]},{"@type":"ImageObject","inLanguage":"de","@id":"https:\/\/prodemo.com\/de\/produit\/swisch-tailliert\/#primaryimage","url":"https:\/\/prodemo.com\/wp-content\/uploads\/2023\/10\/22949.10_Swisch_Tailliert_1_anthrazit-2.png","contentUrl":"https:\/\/prodemo.com\/wp-content\/uploads\/2023\/10\/22949.10_Swisch_Tailliert_1_anthrazit-2.png","width":2409,"height":2409},{"@type":"BreadcrumbList","@id":"https:\/\/prodemo.com\/de\/produit\/swisch-tailliert\/#breadcrumb","itemListElement":[{"@type":"ListItem","position":1,"name":"Accueil","item":"https:\/\/prodemo.com\/de\/home\/"},{"@type":"ListItem","position":2,"name":"Shop","item":"https:\/\/prodemo.com\/de\/shop\/"},{"@type":"ListItem","position":3,"name":"Swisch tailliert"}]},{"@type":"WebSite","@id":"https:\/\/prodemo.com\/de\/#website","url":"https:\/\/prodemo.com\/de\/","name":"Prodemo SA","description":"Au service de votre cuisine depuis 1974","potentialAction":[{"@type":"SearchAction","target":{"@type":"EntryPoint","urlTemplate":"https:\/\/prodemo.com\/de\/?s={search_term_string}"},"query-input":{"@type":"PropertyValueSpecification","valueRequired":true,"valueName":"search_term_string"}}],"inLanguage":"de"}]}},"jetpack_sharing_enabled":true,"_links":{"self":[{"href":"https:\/\/prodemo.com\/de\/wp-json\/wp\/v2\/product\/11511","targetHints":{"allow":["GET"]}}],"collection":[{"href":"https:\/\/prodemo.com\/de\/wp-json\/wp\/v2\/product"}],"about":[{"href":"https:\/\/prodemo.com\/de\/wp-json\/wp\/v2\/types\/product"}],"wp:featuredmedia":[{"embeddable":true,"href":"https:\/\/prodemo.com\/de\/wp-json\/wp\/v2\/media\/16873"}],"wp:attachment":[{"href":"https:\/\/prodemo.com\/de\/wp-json\/wp\/v2\/media?parent=11511"}],"wp:term":[{"taxonomy":"product_cat","embeddable":true,"href":"https:\/\/prodemo.com\/de\/wp-json\/wp\/v2\/product_cat?post=11511"},{"taxonomy":"product_tag","embeddable":true,"href":"https:\/\/prodemo.com\/de\/wp-json\/wp\/v2\/product_tag?post=11511"},{"taxonomy":"product_label","embeddable":true,"href":"https:\/\/prodemo.com\/de\/wp-json\/wp\/v2\/product_label?post=11511"},{"taxonomy":"brand","embeddable":true,"href":"https:\/\/prodemo.com\/de\/wp-json\/wp\/v2\/brand?post=11511"}],"curies":[{"name":"wp","href":"https:\/\/api.w.org\/{rel}","templated":true}]}}