{"id":11437,"date":"2023-07-03T08:18:53","date_gmt":"2023-07-03T06:18:53","guid":{"rendered":"https:\/\/prodemo.lemon.ch\/produit\/eierformen\/"},"modified":"2025-11-23T15:44:10","modified_gmt":"2025-11-23T14:44:10","slug":"emporte-pieces-pour-oeufs","status":"publish","type":"product","link":"https:\/\/prodemo.com\/de\/produit\/emporte-pieces-pour-oeufs\/","title":{"rendered":"Eierformen"},"content":{"rendered":"<p>Mit unserer Eiform kannst Du beim Sonntagsfr\u00fchst\u00fcck kleine Botschaften \u00fcbermitteln \u2013 gro\u00dfe Worte werden hier nicht ben\u00f6tigt. Das Sonntagsei f\u00fcr Dein Herzblatt wird mit diesem Tool schon in der Pfanne zur liebevollen Nachricht und zaubert selbst dem gr\u00f6\u00dften Morgenmuffel ein L\u00e4cheln ins Gesicht. Liebe geht ja bekanntlich durch den Magen .<\/p>\n","protected":false},"excerpt":{"rendered":"<p>Mit unserer Eiform kannst Du beim Sonntagsfr\u00fchst\u00fcck kleine Botschaften \u00fcbermitteln \u2013 gro\u00dfe Worte werden hier nicht ben\u00f6tigt. Das Sonntagsei f\u00fcr Dein Herzblatt wird mit diesem Tool schon in der Pfanne zur liebevollen Nachricht und zaubert selbst dem gr\u00f6\u00dften Morgenmuffel ein L\u00e4cheln ins Gesicht. Liebe geht ja bekanntlich durch den Magen .<\/p>\n","protected":false},"featured_media":16214,"template":"","meta":{"_acf_changed":false,"_relevanssi_hide_post":"","_relevanssi_hide_content":"","_relevanssi_pin_for_all":"","_relevanssi_pin_keywords":"","_relevanssi_unpin_keywords":"","_relevanssi_related_keywords":"","_relevanssi_related_include_ids":"","_relevanssi_related_exclude_ids":"","_relevanssi_related_no_append":"","_relevanssi_related_not_related":"","_relevanssi_related_posts":"","_relevanssi_noindex_reason":"","inline_featured_image":false},"product_cat":[786,795],"product_tag":[],"product_label":[],"brand":[1373],"class_list":{"0":"post-11437","1":"product","2":"type-product","3":"status-publish","4":"has-post-thumbnail","6":"product_cat-gute-angebote-sets","7":"product_cat-kochblume-zubehoer","8":"brand-kochblume-de","10":"first","11":"instock","12":"taxable","13":"shipping-taxable","14":"purchasable","15":"product-type-variable","16":"has-default-attributes"},"acf":[],"yoast_head":"<!-- This site is optimized with the Yoast SEO plugin v27.3 - https:\/\/yoast.com\/product\/yoast-seo-wordpress\/ -->\n<title>Eierformen - Prodemo<\/title>\n<meta name=\"robots\" content=\"index, follow, max-snippet:-1, max-image-preview:large, max-video-preview:-1\" \/>\n<link rel=\"canonical\" href=\"https:\/\/prodemo.com\/de\/produit\/emporte-pieces-pour-oeufs\/\" \/>\n<meta property=\"og:locale\" content=\"de_DE\" \/>\n<meta property=\"og:type\" content=\"article\" \/>\n<meta property=\"og:title\" content=\"Eierformen - Prodemo\" \/>\n<meta property=\"og:description\" content=\"Mit unserer Eiform kannst Du beim Sonntagsfr\u00fchst\u00fcck kleine Botschaften \u00fcbermitteln \u2013 gro\u00dfe Worte werden hier nicht ben\u00f6tigt. Das Sonntagsei f\u00fcr Dein Herzblatt wird mit diesem Tool schon in der Pfanne zur liebevollen Nachricht und zaubert selbst dem gr\u00f6\u00dften Morgenmuffel ein L\u00e4cheln ins Gesicht. Liebe geht ja bekanntlich durch den Magen .\" \/>\n<meta property=\"og:url\" content=\"https:\/\/prodemo.com\/de\/produit\/emporte-pieces-pour-oeufs\/\" \/>\n<meta property=\"og:site_name\" content=\"Prodemo\" \/>\n<meta property=\"article:modified_time\" content=\"2025-11-23T14:44:10+00:00\" \/>\n<meta property=\"og:image\" content=\"https:\/\/prodemo.com\/wp-content\/uploads\/2023\/10\/71996_Eierformen_Herz_2-1.png\" \/>\n\t<meta property=\"og:image:width\" content=\"2948\" \/>\n\t<meta property=\"og:image:height\" content=\"2948\" \/>\n\t<meta property=\"og:image:type\" content=\"image\/png\" \/>\n<meta name=\"twitter:card\" content=\"summary_large_image\" \/>\n<meta name=\"twitter:label1\" content=\"Gesch\u00e4tzte Lesezeit\" \/>\n\t<meta name=\"twitter:data1\" content=\"1\u00a0Minute\" \/>\n<script type=\"application\/ld+json\" class=\"yoast-schema-graph\">{\"@context\":\"https:\\\/\\\/schema.org\",\"@graph\":[{\"@type\":\"WebPage\",\"@id\":\"https:\\\/\\\/prodemo.com\\\/de\\\/produit\\\/emporte-pieces-pour-oeufs\\\/\",\"url\":\"https:\\\/\\\/prodemo.com\\\/de\\\/produit\\\/emporte-pieces-pour-oeufs\\\/\",\"name\":\"Eierformen - Prodemo\",\"isPartOf\":{\"@id\":\"https:\\\/\\\/prodemo.com\\\/de\\\/#website\"},\"primaryImageOfPage\":{\"@id\":\"https:\\\/\\\/prodemo.com\\\/de\\\/produit\\\/emporte-pieces-pour-oeufs\\\/#primaryimage\"},\"image\":{\"@id\":\"https:\\\/\\\/prodemo.com\\\/de\\\/produit\\\/emporte-pieces-pour-oeufs\\\/#primaryimage\"},\"thumbnailUrl\":\"https:\\\/\\\/prodemo.com\\\/wp-content\\\/uploads\\\/2023\\\/10\\\/71996_Eierformen_Herz_2-1.png\",\"datePublished\":\"2023-07-03T06:18:53+00:00\",\"dateModified\":\"2025-11-23T14:44:10+00:00\",\"breadcrumb\":{\"@id\":\"https:\\\/\\\/prodemo.com\\\/de\\\/produit\\\/emporte-pieces-pour-oeufs\\\/#breadcrumb\"},\"inLanguage\":\"de\",\"potentialAction\":[{\"@type\":\"ReadAction\",\"target\":[\"https:\\\/\\\/prodemo.com\\\/de\\\/produit\\\/emporte-pieces-pour-oeufs\\\/\"]}]},{\"@type\":\"ImageObject\",\"inLanguage\":\"de\",\"@id\":\"https:\\\/\\\/prodemo.com\\\/de\\\/produit\\\/emporte-pieces-pour-oeufs\\\/#primaryimage\",\"url\":\"https:\\\/\\\/prodemo.com\\\/wp-content\\\/uploads\\\/2023\\\/10\\\/71996_Eierformen_Herz_2-1.png\",\"contentUrl\":\"https:\\\/\\\/prodemo.com\\\/wp-content\\\/uploads\\\/2023\\\/10\\\/71996_Eierformen_Herz_2-1.png\",\"width\":2948,\"height\":2948},{\"@type\":\"BreadcrumbList\",\"@id\":\"https:\\\/\\\/prodemo.com\\\/de\\\/produit\\\/emporte-pieces-pour-oeufs\\\/#breadcrumb\",\"itemListElement\":[{\"@type\":\"ListItem\",\"position\":1,\"name\":\"Accueil\",\"item\":\"https:\\\/\\\/prodemo.com\\\/de\\\/home\\\/\"},{\"@type\":\"ListItem\",\"position\":2,\"name\":\"Shop\",\"item\":\"https:\\\/\\\/prodemo.com\\\/de\\\/shop\\\/\"},{\"@type\":\"ListItem\",\"position\":3,\"name\":\"Eierformen\"}]},{\"@type\":\"WebSite\",\"@id\":\"https:\\\/\\\/prodemo.com\\\/de\\\/#website\",\"url\":\"https:\\\/\\\/prodemo.com\\\/de\\\/\",\"name\":\"Prodemo SA\",\"description\":\"Au service de votre cuisine depuis 1974\",\"potentialAction\":[{\"@type\":\"SearchAction\",\"target\":{\"@type\":\"EntryPoint\",\"urlTemplate\":\"https:\\\/\\\/prodemo.com\\\/de\\\/?s={search_term_string}\"},\"query-input\":{\"@type\":\"PropertyValueSpecification\",\"valueRequired\":true,\"valueName\":\"search_term_string\"}}],\"inLanguage\":\"de\"}]}<\/script>\n<!-- \/ Yoast SEO plugin. -->","yoast_head_json":{"title":"Eierformen - Prodemo","robots":{"index":"index","follow":"follow","max-snippet":"max-snippet:-1","max-image-preview":"max-image-preview:large","max-video-preview":"max-video-preview:-1"},"canonical":"https:\/\/prodemo.com\/de\/produit\/emporte-pieces-pour-oeufs\/","og_locale":"de_DE","og_type":"article","og_title":"Eierformen - Prodemo","og_description":"Mit unserer Eiform kannst Du beim Sonntagsfr\u00fchst\u00fcck kleine Botschaften \u00fcbermitteln \u2013 gro\u00dfe Worte werden hier nicht ben\u00f6tigt. Das Sonntagsei f\u00fcr Dein Herzblatt wird mit diesem Tool schon in der Pfanne zur liebevollen Nachricht und zaubert selbst dem gr\u00f6\u00dften Morgenmuffel ein L\u00e4cheln ins Gesicht. Liebe geht ja bekanntlich durch den Magen .","og_url":"https:\/\/prodemo.com\/de\/produit\/emporte-pieces-pour-oeufs\/","og_site_name":"Prodemo","article_modified_time":"2025-11-23T14:44:10+00:00","og_image":[{"width":2948,"height":2948,"url":"https:\/\/prodemo.com\/wp-content\/uploads\/2023\/10\/71996_Eierformen_Herz_2-1.png","type":"image\/png"}],"twitter_card":"summary_large_image","twitter_misc":{"Gesch\u00e4tzte Lesezeit":"1\u00a0Minute"},"schema":{"@context":"https:\/\/schema.org","@graph":[{"@type":"WebPage","@id":"https:\/\/prodemo.com\/de\/produit\/emporte-pieces-pour-oeufs\/","url":"https:\/\/prodemo.com\/de\/produit\/emporte-pieces-pour-oeufs\/","name":"Eierformen - Prodemo","isPartOf":{"@id":"https:\/\/prodemo.com\/de\/#website"},"primaryImageOfPage":{"@id":"https:\/\/prodemo.com\/de\/produit\/emporte-pieces-pour-oeufs\/#primaryimage"},"image":{"@id":"https:\/\/prodemo.com\/de\/produit\/emporte-pieces-pour-oeufs\/#primaryimage"},"thumbnailUrl":"https:\/\/prodemo.com\/wp-content\/uploads\/2023\/10\/71996_Eierformen_Herz_2-1.png","datePublished":"2023-07-03T06:18:53+00:00","dateModified":"2025-11-23T14:44:10+00:00","breadcrumb":{"@id":"https:\/\/prodemo.com\/de\/produit\/emporte-pieces-pour-oeufs\/#breadcrumb"},"inLanguage":"de","potentialAction":[{"@type":"ReadAction","target":["https:\/\/prodemo.com\/de\/produit\/emporte-pieces-pour-oeufs\/"]}]},{"@type":"ImageObject","inLanguage":"de","@id":"https:\/\/prodemo.com\/de\/produit\/emporte-pieces-pour-oeufs\/#primaryimage","url":"https:\/\/prodemo.com\/wp-content\/uploads\/2023\/10\/71996_Eierformen_Herz_2-1.png","contentUrl":"https:\/\/prodemo.com\/wp-content\/uploads\/2023\/10\/71996_Eierformen_Herz_2-1.png","width":2948,"height":2948},{"@type":"BreadcrumbList","@id":"https:\/\/prodemo.com\/de\/produit\/emporte-pieces-pour-oeufs\/#breadcrumb","itemListElement":[{"@type":"ListItem","position":1,"name":"Accueil","item":"https:\/\/prodemo.com\/de\/home\/"},{"@type":"ListItem","position":2,"name":"Shop","item":"https:\/\/prodemo.com\/de\/shop\/"},{"@type":"ListItem","position":3,"name":"Eierformen"}]},{"@type":"WebSite","@id":"https:\/\/prodemo.com\/de\/#website","url":"https:\/\/prodemo.com\/de\/","name":"Prodemo SA","description":"Au service de votre cuisine depuis 1974","potentialAction":[{"@type":"SearchAction","target":{"@type":"EntryPoint","urlTemplate":"https:\/\/prodemo.com\/de\/?s={search_term_string}"},"query-input":{"@type":"PropertyValueSpecification","valueRequired":true,"valueName":"search_term_string"}}],"inLanguage":"de"}]}},"jetpack_sharing_enabled":true,"_links":{"self":[{"href":"https:\/\/prodemo.com\/de\/wp-json\/wp\/v2\/product\/11437","targetHints":{"allow":["GET"]}}],"collection":[{"href":"https:\/\/prodemo.com\/de\/wp-json\/wp\/v2\/product"}],"about":[{"href":"https:\/\/prodemo.com\/de\/wp-json\/wp\/v2\/types\/product"}],"wp:featuredmedia":[{"embeddable":true,"href":"https:\/\/prodemo.com\/de\/wp-json\/wp\/v2\/media\/16214"}],"wp:attachment":[{"href":"https:\/\/prodemo.com\/de\/wp-json\/wp\/v2\/media?parent=11437"}],"wp:term":[{"taxonomy":"product_cat","embeddable":true,"href":"https:\/\/prodemo.com\/de\/wp-json\/wp\/v2\/product_cat?post=11437"},{"taxonomy":"product_tag","embeddable":true,"href":"https:\/\/prodemo.com\/de\/wp-json\/wp\/v2\/product_tag?post=11437"},{"taxonomy":"product_label","embeddable":true,"href":"https:\/\/prodemo.com\/de\/wp-json\/wp\/v2\/product_label?post=11437"},{"taxonomy":"brand","embeddable":true,"href":"https:\/\/prodemo.com\/de\/wp-json\/wp\/v2\/brand?post=11437"}],"curies":[{"name":"wp","href":"https:\/\/api.w.org\/{rel}","templated":true}]}}