{"id":11124,"date":"2023-04-19T11:49:23","date_gmt":"2023-04-19T09:49:23","guid":{"rendered":"https:\/\/prodemo.lemon.ch\/produit\/resteloeffel\/"},"modified":"2025-11-23T15:42:11","modified_gmt":"2025-11-23T14:42:11","slug":"resteloffel","status":"publish","type":"product","link":"https:\/\/prodemo.com\/de\/produit\/resteloffel\/","title":{"rendered":"Restel\u00f6ffel"},"content":{"rendered":"<p>Mit unseren Restel\u00f6ffeln erreichst Du selbst die verstecktesten Ecken in deinen Gef\u00e4\u00dfen. Mit seinen flexiblen Silikon\u00f6hrchen schmiegt sich der L\u00f6ffel in jede Form und ist die optimale L\u00f6sung, um Gl\u00e4ser, Becher, Flaschen und alle anderen Beh\u00e4ltnisse restlos zu entleeren.<\/p>\n<p>&nbsp;<\/p>\n","protected":false},"excerpt":{"rendered":"<p>Mit unseren Restel\u00f6ffeln erreichst Du selbst die verstecktesten Ecken in deinen Gef\u00e4\u00dfen. Mit seinen flexiblen Silikon\u00f6hrchen schmiegt sich der L\u00f6ffel in jede Form und ist die optimale L\u00f6sung, um Gl\u00e4ser, Becher, Flaschen und alle anderen Beh\u00e4ltnisse restlos zu entleeren. &nbsp;<\/p>\n","protected":false},"featured_media":14680,"template":"","meta":{"_acf_changed":false,"_relevanssi_hide_post":"","_relevanssi_hide_content":"","_relevanssi_pin_for_all":"","_relevanssi_pin_keywords":"","_relevanssi_unpin_keywords":"","_relevanssi_related_keywords":"","_relevanssi_related_include_ids":"","_relevanssi_related_exclude_ids":"","_relevanssi_related_no_append":"","_relevanssi_related_not_related":"","_relevanssi_related_posts":"","_relevanssi_noindex_reason":"","inline_featured_image":false},"product_cat":[786,930],"product_tag":[],"product_label":[],"brand":[1373],"class_list":{"0":"post-11124","1":"product","2":"type-product","3":"status-publish","4":"has-post-thumbnail","6":"product_cat-gute-angebote-sets","7":"product_cat-kochblume-kuechenhelfer","8":"brand-kochblume-de","10":"first","11":"instock","12":"taxable","13":"shipping-taxable","14":"purchasable","15":"product-type-variable"},"acf":[],"yoast_head":"<!-- This site is optimized with the Yoast SEO plugin v27.3 - https:\/\/yoast.com\/product\/yoast-seo-wordpress\/ -->\n<title>Restel\u00f6ffel - Prodemo<\/title>\n<meta name=\"robots\" content=\"index, follow, max-snippet:-1, max-image-preview:large, max-video-preview:-1\" \/>\n<link rel=\"canonical\" href=\"https:\/\/prodemo.com\/de\/produit\/resteloffel\/\" \/>\n<meta property=\"og:locale\" content=\"de_DE\" \/>\n<meta property=\"og:type\" content=\"article\" \/>\n<meta property=\"og:title\" content=\"Restel\u00f6ffel - Prodemo\" \/>\n<meta property=\"og:description\" content=\"Mit unseren Restel\u00f6ffeln erreichst Du selbst die verstecktesten Ecken in deinen Gef\u00e4\u00dfen. Mit seinen flexiblen Silikon\u00f6hrchen schmiegt sich der L\u00f6ffel in jede Form und ist die optimale L\u00f6sung, um Gl\u00e4ser, Becher, Flaschen und alle anderen Beh\u00e4ltnisse restlos zu entleeren. &nbsp;\" \/>\n<meta property=\"og:url\" content=\"https:\/\/prodemo.com\/de\/produit\/resteloffel\/\" \/>\n<meta property=\"og:site_name\" content=\"Prodemo\" \/>\n<meta property=\"article:modified_time\" content=\"2025-11-23T14:42:11+00:00\" \/>\n<meta property=\"og:image\" content=\"https:\/\/prodemo.com\/wp-content\/uploads\/2023\/10\/Resteliffel-L_1-2.png\" \/>\n\t<meta property=\"og:image:width\" content=\"2693\" \/>\n\t<meta property=\"og:image:height\" content=\"2693\" \/>\n\t<meta property=\"og:image:type\" content=\"image\/png\" \/>\n<meta name=\"twitter:card\" content=\"summary_large_image\" \/>\n<meta name=\"twitter:label1\" content=\"Gesch\u00e4tzte Lesezeit\" \/>\n\t<meta name=\"twitter:data1\" content=\"1\u00a0Minute\" \/>\n<script type=\"application\/ld+json\" class=\"yoast-schema-graph\">{\"@context\":\"https:\\\/\\\/schema.org\",\"@graph\":[{\"@type\":\"WebPage\",\"@id\":\"https:\\\/\\\/prodemo.com\\\/de\\\/produit\\\/resteloffel\\\/\",\"url\":\"https:\\\/\\\/prodemo.com\\\/de\\\/produit\\\/resteloffel\\\/\",\"name\":\"Restel\u00f6ffel - Prodemo\",\"isPartOf\":{\"@id\":\"https:\\\/\\\/prodemo.com\\\/de\\\/#website\"},\"primaryImageOfPage\":{\"@id\":\"https:\\\/\\\/prodemo.com\\\/de\\\/produit\\\/resteloffel\\\/#primaryimage\"},\"image\":{\"@id\":\"https:\\\/\\\/prodemo.com\\\/de\\\/produit\\\/resteloffel\\\/#primaryimage\"},\"thumbnailUrl\":\"https:\\\/\\\/prodemo.com\\\/wp-content\\\/uploads\\\/2023\\\/10\\\/Resteliffel-L_1-2.png\",\"datePublished\":\"2023-04-19T09:49:23+00:00\",\"dateModified\":\"2025-11-23T14:42:11+00:00\",\"breadcrumb\":{\"@id\":\"https:\\\/\\\/prodemo.com\\\/de\\\/produit\\\/resteloffel\\\/#breadcrumb\"},\"inLanguage\":\"de\",\"potentialAction\":[{\"@type\":\"ReadAction\",\"target\":[\"https:\\\/\\\/prodemo.com\\\/de\\\/produit\\\/resteloffel\\\/\"]}]},{\"@type\":\"ImageObject\",\"inLanguage\":\"de\",\"@id\":\"https:\\\/\\\/prodemo.com\\\/de\\\/produit\\\/resteloffel\\\/#primaryimage\",\"url\":\"https:\\\/\\\/prodemo.com\\\/wp-content\\\/uploads\\\/2023\\\/10\\\/Resteliffel-L_1-2.png\",\"contentUrl\":\"https:\\\/\\\/prodemo.com\\\/wp-content\\\/uploads\\\/2023\\\/10\\\/Resteliffel-L_1-2.png\",\"width\":2693,\"height\":2693},{\"@type\":\"BreadcrumbList\",\"@id\":\"https:\\\/\\\/prodemo.com\\\/de\\\/produit\\\/resteloffel\\\/#breadcrumb\",\"itemListElement\":[{\"@type\":\"ListItem\",\"position\":1,\"name\":\"Accueil\",\"item\":\"https:\\\/\\\/prodemo.com\\\/de\\\/home\\\/\"},{\"@type\":\"ListItem\",\"position\":2,\"name\":\"Shop\",\"item\":\"https:\\\/\\\/prodemo.com\\\/de\\\/shop\\\/\"},{\"@type\":\"ListItem\",\"position\":3,\"name\":\"Restel\u00f6ffel\"}]},{\"@type\":\"WebSite\",\"@id\":\"https:\\\/\\\/prodemo.com\\\/de\\\/#website\",\"url\":\"https:\\\/\\\/prodemo.com\\\/de\\\/\",\"name\":\"Prodemo SA\",\"description\":\"Au service de votre cuisine depuis 1974\",\"potentialAction\":[{\"@type\":\"SearchAction\",\"target\":{\"@type\":\"EntryPoint\",\"urlTemplate\":\"https:\\\/\\\/prodemo.com\\\/de\\\/?s={search_term_string}\"},\"query-input\":{\"@type\":\"PropertyValueSpecification\",\"valueRequired\":true,\"valueName\":\"search_term_string\"}}],\"inLanguage\":\"de\"}]}<\/script>\n<!-- \/ Yoast SEO plugin. -->","yoast_head_json":{"title":"Restel\u00f6ffel - Prodemo","robots":{"index":"index","follow":"follow","max-snippet":"max-snippet:-1","max-image-preview":"max-image-preview:large","max-video-preview":"max-video-preview:-1"},"canonical":"https:\/\/prodemo.com\/de\/produit\/resteloffel\/","og_locale":"de_DE","og_type":"article","og_title":"Restel\u00f6ffel - Prodemo","og_description":"Mit unseren Restel\u00f6ffeln erreichst Du selbst die verstecktesten Ecken in deinen Gef\u00e4\u00dfen. Mit seinen flexiblen Silikon\u00f6hrchen schmiegt sich der L\u00f6ffel in jede Form und ist die optimale L\u00f6sung, um Gl\u00e4ser, Becher, Flaschen und alle anderen Beh\u00e4ltnisse restlos zu entleeren. &nbsp;","og_url":"https:\/\/prodemo.com\/de\/produit\/resteloffel\/","og_site_name":"Prodemo","article_modified_time":"2025-11-23T14:42:11+00:00","og_image":[{"width":2693,"height":2693,"url":"https:\/\/prodemo.com\/wp-content\/uploads\/2023\/10\/Resteliffel-L_1-2.png","type":"image\/png"}],"twitter_card":"summary_large_image","twitter_misc":{"Gesch\u00e4tzte Lesezeit":"1\u00a0Minute"},"schema":{"@context":"https:\/\/schema.org","@graph":[{"@type":"WebPage","@id":"https:\/\/prodemo.com\/de\/produit\/resteloffel\/","url":"https:\/\/prodemo.com\/de\/produit\/resteloffel\/","name":"Restel\u00f6ffel - Prodemo","isPartOf":{"@id":"https:\/\/prodemo.com\/de\/#website"},"primaryImageOfPage":{"@id":"https:\/\/prodemo.com\/de\/produit\/resteloffel\/#primaryimage"},"image":{"@id":"https:\/\/prodemo.com\/de\/produit\/resteloffel\/#primaryimage"},"thumbnailUrl":"https:\/\/prodemo.com\/wp-content\/uploads\/2023\/10\/Resteliffel-L_1-2.png","datePublished":"2023-04-19T09:49:23+00:00","dateModified":"2025-11-23T14:42:11+00:00","breadcrumb":{"@id":"https:\/\/prodemo.com\/de\/produit\/resteloffel\/#breadcrumb"},"inLanguage":"de","potentialAction":[{"@type":"ReadAction","target":["https:\/\/prodemo.com\/de\/produit\/resteloffel\/"]}]},{"@type":"ImageObject","inLanguage":"de","@id":"https:\/\/prodemo.com\/de\/produit\/resteloffel\/#primaryimage","url":"https:\/\/prodemo.com\/wp-content\/uploads\/2023\/10\/Resteliffel-L_1-2.png","contentUrl":"https:\/\/prodemo.com\/wp-content\/uploads\/2023\/10\/Resteliffel-L_1-2.png","width":2693,"height":2693},{"@type":"BreadcrumbList","@id":"https:\/\/prodemo.com\/de\/produit\/resteloffel\/#breadcrumb","itemListElement":[{"@type":"ListItem","position":1,"name":"Accueil","item":"https:\/\/prodemo.com\/de\/home\/"},{"@type":"ListItem","position":2,"name":"Shop","item":"https:\/\/prodemo.com\/de\/shop\/"},{"@type":"ListItem","position":3,"name":"Restel\u00f6ffel"}]},{"@type":"WebSite","@id":"https:\/\/prodemo.com\/de\/#website","url":"https:\/\/prodemo.com\/de\/","name":"Prodemo SA","description":"Au service de votre cuisine depuis 1974","potentialAction":[{"@type":"SearchAction","target":{"@type":"EntryPoint","urlTemplate":"https:\/\/prodemo.com\/de\/?s={search_term_string}"},"query-input":{"@type":"PropertyValueSpecification","valueRequired":true,"valueName":"search_term_string"}}],"inLanguage":"de"}]}},"jetpack_sharing_enabled":true,"_links":{"self":[{"href":"https:\/\/prodemo.com\/de\/wp-json\/wp\/v2\/product\/11124","targetHints":{"allow":["GET"]}}],"collection":[{"href":"https:\/\/prodemo.com\/de\/wp-json\/wp\/v2\/product"}],"about":[{"href":"https:\/\/prodemo.com\/de\/wp-json\/wp\/v2\/types\/product"}],"wp:featuredmedia":[{"embeddable":true,"href":"https:\/\/prodemo.com\/de\/wp-json\/wp\/v2\/media\/14680"}],"wp:attachment":[{"href":"https:\/\/prodemo.com\/de\/wp-json\/wp\/v2\/media?parent=11124"}],"wp:term":[{"taxonomy":"product_cat","embeddable":true,"href":"https:\/\/prodemo.com\/de\/wp-json\/wp\/v2\/product_cat?post=11124"},{"taxonomy":"product_tag","embeddable":true,"href":"https:\/\/prodemo.com\/de\/wp-json\/wp\/v2\/product_tag?post=11124"},{"taxonomy":"product_label","embeddable":true,"href":"https:\/\/prodemo.com\/de\/wp-json\/wp\/v2\/product_label?post=11124"},{"taxonomy":"brand","embeddable":true,"href":"https:\/\/prodemo.com\/de\/wp-json\/wp\/v2\/brand?post=11124"}],"curies":[{"name":"wp","href":"https:\/\/api.w.org\/{rel}","templated":true}]}}