{"id":11066,"date":"2023-04-13T16:53:37","date_gmt":"2023-04-13T14:53:37","guid":{"rendered":"https:\/\/prodemo.lemon.ch\/produit\/pastaloeffel\/"},"modified":"2025-11-23T15:42:09","modified_gmt":"2025-11-23T14:42:09","slug":"pastaloffel","status":"publish","type":"product","link":"https:\/\/prodemo.com\/de\/produit\/pastaloffel\/","title":{"rendered":"Pastal\u00f6ffel"},"content":{"rendered":"<p>Mit unserem Pastal\u00f6ffel hast Du selbst bei gro\u00dfem Hunger noch das richtige Ma\u00df zur Hand! Die \u00d6ffnung in der Mitte des L\u00f6ffels ist daf\u00fcr da, die richtige Menge Spaghetti f\u00fcr eine Person abzumessen, und ist zuverl\u00e4ssiger als Dein Augenma\u00df. Durch die breiten Zinken greift der L\u00f6ffel Deine Nudeln sicher auf und sorgt daf\u00fcr, dass auch die letzte Nudel auf Deinem Teller landet.<\/p>\n","protected":false},"excerpt":{"rendered":"<p>Gr\u00f6sse: 32cm<\/p>\n","protected":false},"featured_media":14661,"template":"","meta":{"_acf_changed":false,"_relevanssi_hide_post":"","_relevanssi_hide_content":"","_relevanssi_pin_for_all":"","_relevanssi_pin_keywords":"","_relevanssi_unpin_keywords":"","_relevanssi_related_keywords":"","_relevanssi_related_include_ids":"","_relevanssi_related_exclude_ids":"","_relevanssi_related_no_append":"","_relevanssi_related_not_related":"","_relevanssi_related_posts":"","_relevanssi_noindex_reason":"","inline_featured_image":false},"product_cat":[786,930],"product_tag":[],"product_label":[],"brand":[1373],"class_list":{"0":"post-11066","1":"product","2":"type-product","3":"status-publish","4":"has-post-thumbnail","6":"product_cat-gute-angebote-sets","7":"product_cat-kochblume-kuechenhelfer","8":"brand-kochblume-de","10":"first","11":"instock","12":"taxable","13":"shipping-taxable","14":"purchasable","15":"product-type-variable","16":"has-default-attributes"},"acf":[],"yoast_head":"<!-- This site is optimized with the Yoast SEO plugin v27.3 - https:\/\/yoast.com\/product\/yoast-seo-wordpress\/ -->\n<title>Pastal\u00f6ffel - Prodemo<\/title>\n<meta name=\"robots\" content=\"index, follow, max-snippet:-1, max-image-preview:large, max-video-preview:-1\" \/>\n<link rel=\"canonical\" href=\"https:\/\/prodemo.com\/de\/produit\/pastaloffel\/\" \/>\n<meta property=\"og:locale\" content=\"de_DE\" \/>\n<meta property=\"og:type\" content=\"article\" \/>\n<meta property=\"og:title\" content=\"Pastal\u00f6ffel - Prodemo\" \/>\n<meta property=\"og:description\" content=\"Gr\u00f6sse: 32cm\" \/>\n<meta property=\"og:url\" content=\"https:\/\/prodemo.com\/de\/produit\/pastaloffel\/\" \/>\n<meta property=\"og:site_name\" content=\"Prodemo\" \/>\n<meta property=\"article:modified_time\" content=\"2025-11-23T14:42:09+00:00\" \/>\n<meta property=\"og:image\" content=\"https:\/\/prodemo.com\/wp-content\/uploads\/2023\/10\/22048.10_Pastaliffel_anthrazit_1.png\" \/>\n\t<meta property=\"og:image:width\" content=\"2183\" \/>\n\t<meta property=\"og:image:height\" content=\"2183\" \/>\n\t<meta property=\"og:image:type\" content=\"image\/png\" \/>\n<meta name=\"twitter:card\" content=\"summary_large_image\" \/>\n<meta name=\"twitter:label1\" content=\"Gesch\u00e4tzte Lesezeit\" \/>\n\t<meta name=\"twitter:data1\" content=\"1\u00a0Minute\" \/>\n<script type=\"application\/ld+json\" class=\"yoast-schema-graph\">{\"@context\":\"https:\\\/\\\/schema.org\",\"@graph\":[{\"@type\":\"WebPage\",\"@id\":\"https:\\\/\\\/prodemo.com\\\/de\\\/produit\\\/pastaloffel\\\/\",\"url\":\"https:\\\/\\\/prodemo.com\\\/de\\\/produit\\\/pastaloffel\\\/\",\"name\":\"Pastal\u00f6ffel - Prodemo\",\"isPartOf\":{\"@id\":\"https:\\\/\\\/prodemo.com\\\/de\\\/#website\"},\"primaryImageOfPage\":{\"@id\":\"https:\\\/\\\/prodemo.com\\\/de\\\/produit\\\/pastaloffel\\\/#primaryimage\"},\"image\":{\"@id\":\"https:\\\/\\\/prodemo.com\\\/de\\\/produit\\\/pastaloffel\\\/#primaryimage\"},\"thumbnailUrl\":\"https:\\\/\\\/prodemo.com\\\/wp-content\\\/uploads\\\/2023\\\/10\\\/22048.10_Pastaliffel_anthrazit_1.png\",\"datePublished\":\"2023-04-13T14:53:37+00:00\",\"dateModified\":\"2025-11-23T14:42:09+00:00\",\"breadcrumb\":{\"@id\":\"https:\\\/\\\/prodemo.com\\\/de\\\/produit\\\/pastaloffel\\\/#breadcrumb\"},\"inLanguage\":\"de\",\"potentialAction\":[{\"@type\":\"ReadAction\",\"target\":[\"https:\\\/\\\/prodemo.com\\\/de\\\/produit\\\/pastaloffel\\\/\"]}]},{\"@type\":\"ImageObject\",\"inLanguage\":\"de\",\"@id\":\"https:\\\/\\\/prodemo.com\\\/de\\\/produit\\\/pastaloffel\\\/#primaryimage\",\"url\":\"https:\\\/\\\/prodemo.com\\\/wp-content\\\/uploads\\\/2023\\\/10\\\/22048.10_Pastaliffel_anthrazit_1.png\",\"contentUrl\":\"https:\\\/\\\/prodemo.com\\\/wp-content\\\/uploads\\\/2023\\\/10\\\/22048.10_Pastaliffel_anthrazit_1.png\",\"width\":2183,\"height\":2183},{\"@type\":\"BreadcrumbList\",\"@id\":\"https:\\\/\\\/prodemo.com\\\/de\\\/produit\\\/pastaloffel\\\/#breadcrumb\",\"itemListElement\":[{\"@type\":\"ListItem\",\"position\":1,\"name\":\"Accueil\",\"item\":\"https:\\\/\\\/prodemo.com\\\/de\\\/home\\\/\"},{\"@type\":\"ListItem\",\"position\":2,\"name\":\"Shop\",\"item\":\"https:\\\/\\\/prodemo.com\\\/de\\\/shop\\\/\"},{\"@type\":\"ListItem\",\"position\":3,\"name\":\"Pastal\u00f6ffel\"}]},{\"@type\":\"WebSite\",\"@id\":\"https:\\\/\\\/prodemo.com\\\/de\\\/#website\",\"url\":\"https:\\\/\\\/prodemo.com\\\/de\\\/\",\"name\":\"Prodemo SA\",\"description\":\"Au service de votre cuisine depuis 1974\",\"potentialAction\":[{\"@type\":\"SearchAction\",\"target\":{\"@type\":\"EntryPoint\",\"urlTemplate\":\"https:\\\/\\\/prodemo.com\\\/de\\\/?s={search_term_string}\"},\"query-input\":{\"@type\":\"PropertyValueSpecification\",\"valueRequired\":true,\"valueName\":\"search_term_string\"}}],\"inLanguage\":\"de\"}]}<\/script>\n<!-- \/ Yoast SEO plugin. -->","yoast_head_json":{"title":"Pastal\u00f6ffel - Prodemo","robots":{"index":"index","follow":"follow","max-snippet":"max-snippet:-1","max-image-preview":"max-image-preview:large","max-video-preview":"max-video-preview:-1"},"canonical":"https:\/\/prodemo.com\/de\/produit\/pastaloffel\/","og_locale":"de_DE","og_type":"article","og_title":"Pastal\u00f6ffel - Prodemo","og_description":"Gr\u00f6sse: 32cm","og_url":"https:\/\/prodemo.com\/de\/produit\/pastaloffel\/","og_site_name":"Prodemo","article_modified_time":"2025-11-23T14:42:09+00:00","og_image":[{"width":2183,"height":2183,"url":"https:\/\/prodemo.com\/wp-content\/uploads\/2023\/10\/22048.10_Pastaliffel_anthrazit_1.png","type":"image\/png"}],"twitter_card":"summary_large_image","twitter_misc":{"Gesch\u00e4tzte Lesezeit":"1\u00a0Minute"},"schema":{"@context":"https:\/\/schema.org","@graph":[{"@type":"WebPage","@id":"https:\/\/prodemo.com\/de\/produit\/pastaloffel\/","url":"https:\/\/prodemo.com\/de\/produit\/pastaloffel\/","name":"Pastal\u00f6ffel - Prodemo","isPartOf":{"@id":"https:\/\/prodemo.com\/de\/#website"},"primaryImageOfPage":{"@id":"https:\/\/prodemo.com\/de\/produit\/pastaloffel\/#primaryimage"},"image":{"@id":"https:\/\/prodemo.com\/de\/produit\/pastaloffel\/#primaryimage"},"thumbnailUrl":"https:\/\/prodemo.com\/wp-content\/uploads\/2023\/10\/22048.10_Pastaliffel_anthrazit_1.png","datePublished":"2023-04-13T14:53:37+00:00","dateModified":"2025-11-23T14:42:09+00:00","breadcrumb":{"@id":"https:\/\/prodemo.com\/de\/produit\/pastaloffel\/#breadcrumb"},"inLanguage":"de","potentialAction":[{"@type":"ReadAction","target":["https:\/\/prodemo.com\/de\/produit\/pastaloffel\/"]}]},{"@type":"ImageObject","inLanguage":"de","@id":"https:\/\/prodemo.com\/de\/produit\/pastaloffel\/#primaryimage","url":"https:\/\/prodemo.com\/wp-content\/uploads\/2023\/10\/22048.10_Pastaliffel_anthrazit_1.png","contentUrl":"https:\/\/prodemo.com\/wp-content\/uploads\/2023\/10\/22048.10_Pastaliffel_anthrazit_1.png","width":2183,"height":2183},{"@type":"BreadcrumbList","@id":"https:\/\/prodemo.com\/de\/produit\/pastaloffel\/#breadcrumb","itemListElement":[{"@type":"ListItem","position":1,"name":"Accueil","item":"https:\/\/prodemo.com\/de\/home\/"},{"@type":"ListItem","position":2,"name":"Shop","item":"https:\/\/prodemo.com\/de\/shop\/"},{"@type":"ListItem","position":3,"name":"Pastal\u00f6ffel"}]},{"@type":"WebSite","@id":"https:\/\/prodemo.com\/de\/#website","url":"https:\/\/prodemo.com\/de\/","name":"Prodemo SA","description":"Au service de votre cuisine depuis 1974","potentialAction":[{"@type":"SearchAction","target":{"@type":"EntryPoint","urlTemplate":"https:\/\/prodemo.com\/de\/?s={search_term_string}"},"query-input":{"@type":"PropertyValueSpecification","valueRequired":true,"valueName":"search_term_string"}}],"inLanguage":"de"}]}},"jetpack_sharing_enabled":true,"_links":{"self":[{"href":"https:\/\/prodemo.com\/de\/wp-json\/wp\/v2\/product\/11066","targetHints":{"allow":["GET"]}}],"collection":[{"href":"https:\/\/prodemo.com\/de\/wp-json\/wp\/v2\/product"}],"about":[{"href":"https:\/\/prodemo.com\/de\/wp-json\/wp\/v2\/types\/product"}],"wp:featuredmedia":[{"embeddable":true,"href":"https:\/\/prodemo.com\/de\/wp-json\/wp\/v2\/media\/14661"}],"wp:attachment":[{"href":"https:\/\/prodemo.com\/de\/wp-json\/wp\/v2\/media?parent=11066"}],"wp:term":[{"taxonomy":"product_cat","embeddable":true,"href":"https:\/\/prodemo.com\/de\/wp-json\/wp\/v2\/product_cat?post=11066"},{"taxonomy":"product_tag","embeddable":true,"href":"https:\/\/prodemo.com\/de\/wp-json\/wp\/v2\/product_tag?post=11066"},{"taxonomy":"product_label","embeddable":true,"href":"https:\/\/prodemo.com\/de\/wp-json\/wp\/v2\/product_label?post=11066"},{"taxonomy":"brand","embeddable":true,"href":"https:\/\/prodemo.com\/de\/wp-json\/wp\/v2\/brand?post=11066"}],"curies":[{"name":"wp","href":"https:\/\/api.w.org\/{rel}","templated":true}]}}