{"id":11007,"date":"2023-04-04T17:20:02","date_gmt":"2023-04-04T15:20:02","guid":{"rendered":"https:\/\/prodemo.lemon.ch\/produit\/gewuerzmuehle\/"},"modified":"2025-11-25T11:54:16","modified_gmt":"2025-11-25T10:54:16","slug":"gewurzmuhle","status":"publish","type":"product","link":"https:\/\/prodemo.com\/de\/produit\/gewurzmuhle\/","title":{"rendered":"Gew\u00fcrzm\u00fchle"},"content":{"rendered":"<p>In der K\u00fcrze liegt die W\u00fcrze<br \/>\nHochwertiges Keramikmahlwerk mit f\u00fcnf Mahlstufen vereint mit einem ergonomischen Hebelgriff. Verfeinere Deine Gerichte mit Hilfe unserer handlichen Gew\u00fcrzm\u00fchlen. Gemahlen wird durch einfaches Hebeln des Griffs. Der Drehmechanismus herk\u00f6mmlicher M\u00fchlen hat bei uns l\u00e4ngst ausgedient. Das leistungsstarke Keramikwerk zermahlt getrocknete Gew\u00fcrze oder Kr\u00e4uter genau so, wie Du sie m\u00f6chtest \u2013 von fein bis grobk\u00f6rnig. Eine kleine F\u00fcllklappe an der Seite der Gew\u00fcrzm\u00fchle erleichtert das Bef\u00fcllen, sodass selbst kleinste Pfefferk\u00f6rnchen beim Auff\u00fcllen nicht mehr \u00fcber die Arbeitsfl\u00e4che kullern.<\/p>\n","protected":false},"excerpt":{"rendered":"<p>&nbsp;<\/p>\n<p>Hochleistungsm\u00fchle aus Keramik F\u00fcnf Mahlstufen<\/p>\n<p>Einem ergonomischen Hebelgriff<\/p>\n<p>dimensions: 6x 17 cm<\/p>\n","protected":false},"featured_media":15700,"template":"","meta":{"_acf_changed":false,"_relevanssi_hide_post":"","_relevanssi_hide_content":"","_relevanssi_pin_for_all":"","_relevanssi_pin_keywords":"","_relevanssi_unpin_keywords":"","_relevanssi_related_keywords":"","_relevanssi_related_include_ids":"","_relevanssi_related_exclude_ids":"","_relevanssi_related_no_append":"","_relevanssi_related_not_related":"","_relevanssi_related_posts":"","_relevanssi_noindex_reason":"","inline_featured_image":false},"product_cat":[786,795],"product_tag":[],"product_label":[],"brand":[1373],"class_list":{"0":"post-11007","1":"product","2":"type-product","3":"status-publish","4":"has-post-thumbnail","6":"product_cat-gute-angebote-sets","7":"product_cat-kochblume-zubehoer","8":"brand-kochblume-de","10":"first","11":"instock","12":"taxable","13":"shipping-taxable","14":"purchasable","15":"product-type-variable","16":"has-default-attributes"},"acf":[],"yoast_head":"<!-- This site is optimized with the Yoast SEO plugin v27.5 - https:\/\/yoast.com\/product\/yoast-seo-wordpress\/ -->\n<title>Gew\u00fcrzm\u00fchle - Prodemo<\/title>\n<meta name=\"robots\" content=\"index, follow, max-snippet:-1, max-image-preview:large, max-video-preview:-1\" \/>\n<link rel=\"canonical\" href=\"https:\/\/prodemo.com\/de\/produit\/gewurzmuhle\/\" \/>\n<meta property=\"og:locale\" content=\"de_DE\" \/>\n<meta property=\"og:type\" content=\"article\" \/>\n<meta property=\"og:title\" content=\"Gew\u00fcrzm\u00fchle - Prodemo\" \/>\n<meta property=\"og:description\" content=\"&nbsp;  Hochleistungsm\u00fchle aus Keramik F\u00fcnf Mahlstufen  Einem ergonomischen Hebelgriff  dimensions: 6x 17 cm\" \/>\n<meta property=\"og:url\" content=\"https:\/\/prodemo.com\/de\/produit\/gewurzmuhle\/\" \/>\n<meta property=\"og:site_name\" content=\"Prodemo\" \/>\n<meta property=\"article:modified_time\" content=\"2025-11-25T10:54:16+00:00\" \/>\n<meta property=\"og:image\" content=\"https:\/\/prodemo.com\/wp-content\/uploads\/2023\/10\/22054.52_GewArzmAhle_black-1-1024x1024.png\" \/>\n\t<meta property=\"og:image:width\" content=\"1024\" \/>\n\t<meta property=\"og:image:height\" content=\"1024\" \/>\n\t<meta property=\"og:image:type\" content=\"image\/png\" \/>\n<meta name=\"twitter:card\" content=\"summary_large_image\" \/>\n<meta name=\"twitter:label1\" content=\"Gesch\u00e4tzte Lesezeit\" \/>\n\t<meta name=\"twitter:data1\" content=\"1\u00a0Minute\" \/>\n<script type=\"application\/ld+json\" class=\"yoast-schema-graph\">{\"@context\":\"https:\\\/\\\/schema.org\",\"@graph\":[{\"@type\":\"WebPage\",\"@id\":\"https:\\\/\\\/prodemo.com\\\/de\\\/produit\\\/gewurzmuhle\\\/\",\"url\":\"https:\\\/\\\/prodemo.com\\\/de\\\/produit\\\/gewurzmuhle\\\/\",\"name\":\"Gew\u00fcrzm\u00fchle - Prodemo\",\"isPartOf\":{\"@id\":\"https:\\\/\\\/prodemo.com\\\/de\\\/#website\"},\"primaryImageOfPage\":{\"@id\":\"https:\\\/\\\/prodemo.com\\\/de\\\/produit\\\/gewurzmuhle\\\/#primaryimage\"},\"image\":{\"@id\":\"https:\\\/\\\/prodemo.com\\\/de\\\/produit\\\/gewurzmuhle\\\/#primaryimage\"},\"thumbnailUrl\":\"https:\\\/\\\/prodemo.com\\\/wp-content\\\/uploads\\\/2023\\\/10\\\/22054.52_GewArzmAhle_black-1.png\",\"datePublished\":\"2023-04-04T15:20:02+00:00\",\"dateModified\":\"2025-11-25T10:54:16+00:00\",\"breadcrumb\":{\"@id\":\"https:\\\/\\\/prodemo.com\\\/de\\\/produit\\\/gewurzmuhle\\\/#breadcrumb\"},\"inLanguage\":\"de\",\"potentialAction\":[{\"@type\":\"ReadAction\",\"target\":[\"https:\\\/\\\/prodemo.com\\\/de\\\/produit\\\/gewurzmuhle\\\/\"]}]},{\"@type\":\"ImageObject\",\"inLanguage\":\"de\",\"@id\":\"https:\\\/\\\/prodemo.com\\\/de\\\/produit\\\/gewurzmuhle\\\/#primaryimage\",\"url\":\"https:\\\/\\\/prodemo.com\\\/wp-content\\\/uploads\\\/2023\\\/10\\\/22054.52_GewArzmAhle_black-1.png\",\"contentUrl\":\"https:\\\/\\\/prodemo.com\\\/wp-content\\\/uploads\\\/2023\\\/10\\\/22054.52_GewArzmAhle_black-1.png\",\"width\":5315,\"height\":5315},{\"@type\":\"BreadcrumbList\",\"@id\":\"https:\\\/\\\/prodemo.com\\\/de\\\/produit\\\/gewurzmuhle\\\/#breadcrumb\",\"itemListElement\":[{\"@type\":\"ListItem\",\"position\":1,\"name\":\"Accueil\",\"item\":\"https:\\\/\\\/prodemo.com\\\/de\\\/home\\\/\"},{\"@type\":\"ListItem\",\"position\":2,\"name\":\"Shop\",\"item\":\"https:\\\/\\\/prodemo.com\\\/de\\\/shop\\\/\"},{\"@type\":\"ListItem\",\"position\":3,\"name\":\"Gew\u00fcrzm\u00fchle\"}]},{\"@type\":\"WebSite\",\"@id\":\"https:\\\/\\\/prodemo.com\\\/de\\\/#website\",\"url\":\"https:\\\/\\\/prodemo.com\\\/de\\\/\",\"name\":\"Prodemo SA\",\"description\":\"Au service de votre cuisine depuis 1974\",\"potentialAction\":[{\"@type\":\"SearchAction\",\"target\":{\"@type\":\"EntryPoint\",\"urlTemplate\":\"https:\\\/\\\/prodemo.com\\\/de\\\/?s={search_term_string}\"},\"query-input\":{\"@type\":\"PropertyValueSpecification\",\"valueRequired\":true,\"valueName\":\"search_term_string\"}}],\"inLanguage\":\"de\"}]}<\/script>\n<!-- \/ Yoast SEO plugin. -->","yoast_head_json":{"title":"Gew\u00fcrzm\u00fchle - Prodemo","robots":{"index":"index","follow":"follow","max-snippet":"max-snippet:-1","max-image-preview":"max-image-preview:large","max-video-preview":"max-video-preview:-1"},"canonical":"https:\/\/prodemo.com\/de\/produit\/gewurzmuhle\/","og_locale":"de_DE","og_type":"article","og_title":"Gew\u00fcrzm\u00fchle - Prodemo","og_description":"&nbsp;  Hochleistungsm\u00fchle aus Keramik F\u00fcnf Mahlstufen  Einem ergonomischen Hebelgriff  dimensions: 6x 17 cm","og_url":"https:\/\/prodemo.com\/de\/produit\/gewurzmuhle\/","og_site_name":"Prodemo","article_modified_time":"2025-11-25T10:54:16+00:00","og_image":[{"width":1024,"height":1024,"url":"https:\/\/prodemo.com\/wp-content\/uploads\/2023\/10\/22054.52_GewArzmAhle_black-1-1024x1024.png","type":"image\/png"}],"twitter_card":"summary_large_image","twitter_misc":{"Gesch\u00e4tzte Lesezeit":"1\u00a0Minute"},"schema":{"@context":"https:\/\/schema.org","@graph":[{"@type":"WebPage","@id":"https:\/\/prodemo.com\/de\/produit\/gewurzmuhle\/","url":"https:\/\/prodemo.com\/de\/produit\/gewurzmuhle\/","name":"Gew\u00fcrzm\u00fchle - Prodemo","isPartOf":{"@id":"https:\/\/prodemo.com\/de\/#website"},"primaryImageOfPage":{"@id":"https:\/\/prodemo.com\/de\/produit\/gewurzmuhle\/#primaryimage"},"image":{"@id":"https:\/\/prodemo.com\/de\/produit\/gewurzmuhle\/#primaryimage"},"thumbnailUrl":"https:\/\/prodemo.com\/wp-content\/uploads\/2023\/10\/22054.52_GewArzmAhle_black-1.png","datePublished":"2023-04-04T15:20:02+00:00","dateModified":"2025-11-25T10:54:16+00:00","breadcrumb":{"@id":"https:\/\/prodemo.com\/de\/produit\/gewurzmuhle\/#breadcrumb"},"inLanguage":"de","potentialAction":[{"@type":"ReadAction","target":["https:\/\/prodemo.com\/de\/produit\/gewurzmuhle\/"]}]},{"@type":"ImageObject","inLanguage":"de","@id":"https:\/\/prodemo.com\/de\/produit\/gewurzmuhle\/#primaryimage","url":"https:\/\/prodemo.com\/wp-content\/uploads\/2023\/10\/22054.52_GewArzmAhle_black-1.png","contentUrl":"https:\/\/prodemo.com\/wp-content\/uploads\/2023\/10\/22054.52_GewArzmAhle_black-1.png","width":5315,"height":5315},{"@type":"BreadcrumbList","@id":"https:\/\/prodemo.com\/de\/produit\/gewurzmuhle\/#breadcrumb","itemListElement":[{"@type":"ListItem","position":1,"name":"Accueil","item":"https:\/\/prodemo.com\/de\/home\/"},{"@type":"ListItem","position":2,"name":"Shop","item":"https:\/\/prodemo.com\/de\/shop\/"},{"@type":"ListItem","position":3,"name":"Gew\u00fcrzm\u00fchle"}]},{"@type":"WebSite","@id":"https:\/\/prodemo.com\/de\/#website","url":"https:\/\/prodemo.com\/de\/","name":"Prodemo SA","description":"Au service de votre cuisine depuis 1974","potentialAction":[{"@type":"SearchAction","target":{"@type":"EntryPoint","urlTemplate":"https:\/\/prodemo.com\/de\/?s={search_term_string}"},"query-input":{"@type":"PropertyValueSpecification","valueRequired":true,"valueName":"search_term_string"}}],"inLanguage":"de"}]}},"jetpack_sharing_enabled":true,"_links":{"self":[{"href":"https:\/\/prodemo.com\/de\/wp-json\/wp\/v2\/product\/11007","targetHints":{"allow":["GET"]}}],"collection":[{"href":"https:\/\/prodemo.com\/de\/wp-json\/wp\/v2\/product"}],"about":[{"href":"https:\/\/prodemo.com\/de\/wp-json\/wp\/v2\/types\/product"}],"wp:featuredmedia":[{"embeddable":true,"href":"https:\/\/prodemo.com\/de\/wp-json\/wp\/v2\/media\/15700"}],"wp:attachment":[{"href":"https:\/\/prodemo.com\/de\/wp-json\/wp\/v2\/media?parent=11007"}],"wp:term":[{"taxonomy":"product_cat","embeddable":true,"href":"https:\/\/prodemo.com\/de\/wp-json\/wp\/v2\/product_cat?post=11007"},{"taxonomy":"product_tag","embeddable":true,"href":"https:\/\/prodemo.com\/de\/wp-json\/wp\/v2\/product_tag?post=11007"},{"taxonomy":"product_label","embeddable":true,"href":"https:\/\/prodemo.com\/de\/wp-json\/wp\/v2\/product_label?post=11007"},{"taxonomy":"brand","embeddable":true,"href":"https:\/\/prodemo.com\/de\/wp-json\/wp\/v2\/brand?post=11007"}],"curies":[{"name":"wp","href":"https:\/\/api.w.org\/{rel}","templated":true}]}}