{"id":10992,"date":"2023-04-04T16:18:38","date_gmt":"2023-04-04T14:18:38","guid":{"rendered":"https:\/\/prodemo.lemon.ch\/produit\/bratdeckel\/"},"modified":"2025-11-23T15:43:57","modified_gmt":"2025-11-23T14:43:57","slug":"idealer-spritzschutz-fur-pfannen","status":"publish","type":"product","link":"https:\/\/prodemo.com\/de\/produit\/idealer-spritzschutz-fur-pfannen\/","title":{"rendered":"Bratdeckel"},"content":{"rendered":"<p>Einfach mal Dampf ablassen !<br \/>\nUnser Multitalent: Kochen, D\u00fcnsten, Braten, D\u00e4mpfen und zugleich Energie und Zeit sparen, denn die Hitze bleibt in der Pfanne. Das Automatikventil l\u00e4sst unerw\u00fcnschtes Kondenswasser beim Braten entweichen und sorgt somit f\u00fcr saftige, zarte und knusprige Bratergebnisse. Unser universeller Bratdeckel erm\u00f6glicht stressfreies Braten in 22-28 cm gro\u00dfen Pfannen jedes Herstellers ohne l\u00e4stige \u00d6l- und Fettspritzer in der K\u00fcche. Au\u00dferdem kann er auch als normaler Topfdeckel verwendet werden \u2013 und dank hitzebest\u00e4ndigem Glas ist er sogar backofenfest. Nach Gebrauch kannst Du ihn einfach in der Sp\u00fclmaschine reinigen.<\/p>\n","protected":false},"excerpt":{"rendered":"<p>\u00d8 : 31.5cm<\/p>\n","protected":false},"featured_media":15950,"template":"","meta":{"_acf_changed":false,"_relevanssi_hide_post":"","_relevanssi_hide_content":"","_relevanssi_pin_for_all":"","_relevanssi_pin_keywords":"","_relevanssi_unpin_keywords":"","_relevanssi_related_keywords":"","_relevanssi_related_include_ids":"","_relevanssi_related_exclude_ids":"","_relevanssi_related_no_append":"","_relevanssi_related_not_related":"","_relevanssi_related_posts":"","_relevanssi_noindex_reason":"","inline_featured_image":false},"product_cat":[786,881,795],"product_tag":[],"product_label":[],"brand":[1373],"class_list":{"0":"post-10992","1":"product","2":"type-product","3":"status-publish","4":"has-post-thumbnail","6":"product_cat-gute-angebote-sets","7":"product_cat-deckel","8":"product_cat-kochblume-zubehoer","9":"brand-kochblume-de","11":"first","12":"instock","13":"taxable","14":"shipping-taxable","15":"purchasable","16":"product-type-variable","17":"has-default-attributes"},"acf":[],"yoast_head":"<!-- This site is optimized with the Yoast SEO plugin v27.5 - https:\/\/yoast.com\/product\/yoast-seo-wordpress\/ -->\n<title>Bratdeckel - Prodemo<\/title>\n<meta name=\"robots\" content=\"index, follow, max-snippet:-1, max-image-preview:large, max-video-preview:-1\" \/>\n<link rel=\"canonical\" href=\"https:\/\/prodemo.com\/de\/produit\/idealer-spritzschutz-fur-pfannen\/\" \/>\n<meta property=\"og:locale\" content=\"de_DE\" \/>\n<meta property=\"og:type\" content=\"article\" \/>\n<meta property=\"og:title\" content=\"Bratdeckel - Prodemo\" \/>\n<meta property=\"og:description\" content=\"\u00d8 : 31.5cm\" \/>\n<meta property=\"og:url\" content=\"https:\/\/prodemo.com\/de\/produit\/idealer-spritzschutz-fur-pfannen\/\" \/>\n<meta property=\"og:site_name\" content=\"Prodemo\" \/>\n<meta property=\"article:modified_time\" content=\"2025-11-23T14:43:57+00:00\" \/>\n<meta property=\"og:image\" content=\"https:\/\/prodemo.com\/wp-content\/uploads\/2023\/10\/72002.51_Bratdeckel_altrosa_2-1.png\" \/>\n\t<meta property=\"og:image:width\" content=\"2693\" \/>\n\t<meta property=\"og:image:height\" content=\"2693\" \/>\n\t<meta property=\"og:image:type\" content=\"image\/png\" \/>\n<meta name=\"twitter:card\" content=\"summary_large_image\" \/>\n<meta name=\"twitter:label1\" content=\"Gesch\u00e4tzte Lesezeit\" \/>\n\t<meta name=\"twitter:data1\" content=\"1\u00a0Minute\" \/>\n<script type=\"application\/ld+json\" class=\"yoast-schema-graph\">{\"@context\":\"https:\\\/\\\/schema.org\",\"@graph\":[{\"@type\":\"WebPage\",\"@id\":\"https:\\\/\\\/prodemo.com\\\/de\\\/produit\\\/idealer-spritzschutz-fur-pfannen\\\/\",\"url\":\"https:\\\/\\\/prodemo.com\\\/de\\\/produit\\\/idealer-spritzschutz-fur-pfannen\\\/\",\"name\":\"Bratdeckel - Prodemo\",\"isPartOf\":{\"@id\":\"https:\\\/\\\/prodemo.com\\\/de\\\/#website\"},\"primaryImageOfPage\":{\"@id\":\"https:\\\/\\\/prodemo.com\\\/de\\\/produit\\\/idealer-spritzschutz-fur-pfannen\\\/#primaryimage\"},\"image\":{\"@id\":\"https:\\\/\\\/prodemo.com\\\/de\\\/produit\\\/idealer-spritzschutz-fur-pfannen\\\/#primaryimage\"},\"thumbnailUrl\":\"https:\\\/\\\/prodemo.com\\\/wp-content\\\/uploads\\\/2023\\\/10\\\/72002.51_Bratdeckel_altrosa_2-1.png\",\"datePublished\":\"2023-04-04T14:18:38+00:00\",\"dateModified\":\"2025-11-23T14:43:57+00:00\",\"breadcrumb\":{\"@id\":\"https:\\\/\\\/prodemo.com\\\/de\\\/produit\\\/idealer-spritzschutz-fur-pfannen\\\/#breadcrumb\"},\"inLanguage\":\"de\",\"potentialAction\":[{\"@type\":\"ReadAction\",\"target\":[\"https:\\\/\\\/prodemo.com\\\/de\\\/produit\\\/idealer-spritzschutz-fur-pfannen\\\/\"]}]},{\"@type\":\"ImageObject\",\"inLanguage\":\"de\",\"@id\":\"https:\\\/\\\/prodemo.com\\\/de\\\/produit\\\/idealer-spritzschutz-fur-pfannen\\\/#primaryimage\",\"url\":\"https:\\\/\\\/prodemo.com\\\/wp-content\\\/uploads\\\/2023\\\/10\\\/72002.51_Bratdeckel_altrosa_2-1.png\",\"contentUrl\":\"https:\\\/\\\/prodemo.com\\\/wp-content\\\/uploads\\\/2023\\\/10\\\/72002.51_Bratdeckel_altrosa_2-1.png\",\"width\":2693,\"height\":2693},{\"@type\":\"BreadcrumbList\",\"@id\":\"https:\\\/\\\/prodemo.com\\\/de\\\/produit\\\/idealer-spritzschutz-fur-pfannen\\\/#breadcrumb\",\"itemListElement\":[{\"@type\":\"ListItem\",\"position\":1,\"name\":\"Accueil\",\"item\":\"https:\\\/\\\/prodemo.com\\\/de\\\/home\\\/\"},{\"@type\":\"ListItem\",\"position\":2,\"name\":\"Shop\",\"item\":\"https:\\\/\\\/prodemo.com\\\/de\\\/shop\\\/\"},{\"@type\":\"ListItem\",\"position\":3,\"name\":\"Bratdeckel\"}]},{\"@type\":\"WebSite\",\"@id\":\"https:\\\/\\\/prodemo.com\\\/de\\\/#website\",\"url\":\"https:\\\/\\\/prodemo.com\\\/de\\\/\",\"name\":\"Prodemo SA\",\"description\":\"Au service de votre cuisine depuis 1974\",\"potentialAction\":[{\"@type\":\"SearchAction\",\"target\":{\"@type\":\"EntryPoint\",\"urlTemplate\":\"https:\\\/\\\/prodemo.com\\\/de\\\/?s={search_term_string}\"},\"query-input\":{\"@type\":\"PropertyValueSpecification\",\"valueRequired\":true,\"valueName\":\"search_term_string\"}}],\"inLanguage\":\"de\"}]}<\/script>\n<!-- \/ Yoast SEO plugin. -->","yoast_head_json":{"title":"Bratdeckel - Prodemo","robots":{"index":"index","follow":"follow","max-snippet":"max-snippet:-1","max-image-preview":"max-image-preview:large","max-video-preview":"max-video-preview:-1"},"canonical":"https:\/\/prodemo.com\/de\/produit\/idealer-spritzschutz-fur-pfannen\/","og_locale":"de_DE","og_type":"article","og_title":"Bratdeckel - Prodemo","og_description":"\u00d8 : 31.5cm","og_url":"https:\/\/prodemo.com\/de\/produit\/idealer-spritzschutz-fur-pfannen\/","og_site_name":"Prodemo","article_modified_time":"2025-11-23T14:43:57+00:00","og_image":[{"width":2693,"height":2693,"url":"https:\/\/prodemo.com\/wp-content\/uploads\/2023\/10\/72002.51_Bratdeckel_altrosa_2-1.png","type":"image\/png"}],"twitter_card":"summary_large_image","twitter_misc":{"Gesch\u00e4tzte Lesezeit":"1\u00a0Minute"},"schema":{"@context":"https:\/\/schema.org","@graph":[{"@type":"WebPage","@id":"https:\/\/prodemo.com\/de\/produit\/idealer-spritzschutz-fur-pfannen\/","url":"https:\/\/prodemo.com\/de\/produit\/idealer-spritzschutz-fur-pfannen\/","name":"Bratdeckel - Prodemo","isPartOf":{"@id":"https:\/\/prodemo.com\/de\/#website"},"primaryImageOfPage":{"@id":"https:\/\/prodemo.com\/de\/produit\/idealer-spritzschutz-fur-pfannen\/#primaryimage"},"image":{"@id":"https:\/\/prodemo.com\/de\/produit\/idealer-spritzschutz-fur-pfannen\/#primaryimage"},"thumbnailUrl":"https:\/\/prodemo.com\/wp-content\/uploads\/2023\/10\/72002.51_Bratdeckel_altrosa_2-1.png","datePublished":"2023-04-04T14:18:38+00:00","dateModified":"2025-11-23T14:43:57+00:00","breadcrumb":{"@id":"https:\/\/prodemo.com\/de\/produit\/idealer-spritzschutz-fur-pfannen\/#breadcrumb"},"inLanguage":"de","potentialAction":[{"@type":"ReadAction","target":["https:\/\/prodemo.com\/de\/produit\/idealer-spritzschutz-fur-pfannen\/"]}]},{"@type":"ImageObject","inLanguage":"de","@id":"https:\/\/prodemo.com\/de\/produit\/idealer-spritzschutz-fur-pfannen\/#primaryimage","url":"https:\/\/prodemo.com\/wp-content\/uploads\/2023\/10\/72002.51_Bratdeckel_altrosa_2-1.png","contentUrl":"https:\/\/prodemo.com\/wp-content\/uploads\/2023\/10\/72002.51_Bratdeckel_altrosa_2-1.png","width":2693,"height":2693},{"@type":"BreadcrumbList","@id":"https:\/\/prodemo.com\/de\/produit\/idealer-spritzschutz-fur-pfannen\/#breadcrumb","itemListElement":[{"@type":"ListItem","position":1,"name":"Accueil","item":"https:\/\/prodemo.com\/de\/home\/"},{"@type":"ListItem","position":2,"name":"Shop","item":"https:\/\/prodemo.com\/de\/shop\/"},{"@type":"ListItem","position":3,"name":"Bratdeckel"}]},{"@type":"WebSite","@id":"https:\/\/prodemo.com\/de\/#website","url":"https:\/\/prodemo.com\/de\/","name":"Prodemo SA","description":"Au service de votre cuisine depuis 1974","potentialAction":[{"@type":"SearchAction","target":{"@type":"EntryPoint","urlTemplate":"https:\/\/prodemo.com\/de\/?s={search_term_string}"},"query-input":{"@type":"PropertyValueSpecification","valueRequired":true,"valueName":"search_term_string"}}],"inLanguage":"de"}]}},"jetpack_sharing_enabled":true,"_links":{"self":[{"href":"https:\/\/prodemo.com\/de\/wp-json\/wp\/v2\/product\/10992","targetHints":{"allow":["GET"]}}],"collection":[{"href":"https:\/\/prodemo.com\/de\/wp-json\/wp\/v2\/product"}],"about":[{"href":"https:\/\/prodemo.com\/de\/wp-json\/wp\/v2\/types\/product"}],"wp:featuredmedia":[{"embeddable":true,"href":"https:\/\/prodemo.com\/de\/wp-json\/wp\/v2\/media\/15950"}],"wp:attachment":[{"href":"https:\/\/prodemo.com\/de\/wp-json\/wp\/v2\/media?parent=10992"}],"wp:term":[{"taxonomy":"product_cat","embeddable":true,"href":"https:\/\/prodemo.com\/de\/wp-json\/wp\/v2\/product_cat?post=10992"},{"taxonomy":"product_tag","embeddable":true,"href":"https:\/\/prodemo.com\/de\/wp-json\/wp\/v2\/product_tag?post=10992"},{"taxonomy":"product_label","embeddable":true,"href":"https:\/\/prodemo.com\/de\/wp-json\/wp\/v2\/product_label?post=10992"},{"taxonomy":"brand","embeddable":true,"href":"https:\/\/prodemo.com\/de\/wp-json\/wp\/v2\/brand?post=10992"}],"curies":[{"name":"wp","href":"https:\/\/api.w.org\/{rel}","templated":true}]}}