{"id":10496,"date":"2023-08-28T07:33:13","date_gmt":"2023-08-28T05:33:13","guid":{"rendered":"https:\/\/prodemo.lemon.ch\/produit\/bratpfannenset\/"},"modified":"2026-02-25T10:34:18","modified_gmt":"2026-02-25T09:34:18","slug":"bratpfannenset","status":"publish","type":"product","link":"https:\/\/prodemo.com\/de\/produit\/bratpfannenset\/","title":{"rendered":"Angebot &#8211; GASTROLUX Entdeckungsset"},"content":{"rendered":"<p>Fleisch und\/oder Gem\u00fcse mit Biotan\u00ae Plus antihaftbeschichteter Bratpfanne perfekt braten, um intensiven, authentischen Geschmack, wertvolle Vitamine und Mineralien zu bewahren.  <\/p>\n<p>&nbsp;<\/p>\n","protected":false},"excerpt":{"rendered":"<p>M\u00f6chten Sie Gastrolux testen ? Das ist die perfekte Gelegenheit! <\/p>\n<p>1x \u00d820cm Bratpfanne mit abnehmbarem Stiel<\/p>\n<p>1 x \u00d828cm Bratpfanne mit abnehmbarem Stiel<\/p>\n<p>F\u00fcr alle Herdarten geeignet, auch f\u00fcr Induktion.<\/p>\n","protected":false},"featured_media":20653,"template":"","meta":{"_acf_changed":false,"_relevanssi_hide_post":"","_relevanssi_hide_content":"","_relevanssi_pin_for_all":"","_relevanssi_pin_keywords":"","_relevanssi_unpin_keywords":"","_relevanssi_related_keywords":"","_relevanssi_related_include_ids":"","_relevanssi_related_exclude_ids":"","_relevanssi_related_no_append":"","_relevanssi_related_not_related":"","_relevanssi_related_posts":"","_relevanssi_noindex_reason":"","inline_featured_image":false},"product_cat":[786,879,891],"product_tag":[],"product_label":[],"brand":[1375],"class_list":{"0":"post-10496","1":"product","2":"type-product","3":"status-publish","4":"has-post-thumbnail","6":"product_cat-gute-angebote-sets","7":"product_cat-pfannen-hochrandpfannen","8":"product_cat-spezialpfannen-wok-braeter","9":"brand-gastrolux-de","11":"first","12":"instock","13":"sale","14":"taxable","15":"shipping-taxable","16":"purchasable","17":"product-type-simple"},"acf":[],"yoast_head":"<!-- This site is optimized with the Yoast SEO plugin v27.5 - https:\/\/yoast.com\/product\/yoast-seo-wordpress\/ -->\n<title>Angebot - GASTROLUX Entdeckungsset - Prodemo<\/title>\n<meta name=\"robots\" content=\"index, follow, max-snippet:-1, max-image-preview:large, max-video-preview:-1\" \/>\n<link rel=\"canonical\" href=\"https:\/\/prodemo.com\/de\/produit\/bratpfannenset\/\" \/>\n<meta property=\"og:locale\" content=\"de_DE\" \/>\n<meta property=\"og:type\" content=\"article\" \/>\n<meta property=\"og:title\" content=\"Angebot - GASTROLUX Entdeckungsset - Prodemo\" \/>\n<meta property=\"og:description\" content=\"M\u00f6chten Sie Gastrolux testen ? Das ist die perfekte Gelegenheit!  1x \u00d820cm Bratpfanne mit abnehmbarem Stiel 1 x \u00d828cm Bratpfanne mit abnehmbarem Stiel F\u00fcr alle Herdarten geeignet, auch f\u00fcr Induktion.\" \/>\n<meta property=\"og:url\" content=\"https:\/\/prodemo.com\/de\/produit\/bratpfannenset\/\" \/>\n<meta property=\"og:site_name\" content=\"Prodemo\" \/>\n<meta property=\"article:modified_time\" content=\"2026-02-25T09:34:18+00:00\" \/>\n<meta property=\"og:image\" content=\"https:\/\/prodemo.com\/wp-content\/uploads\/2023\/08\/Set-decouverte.jpeg\" \/>\n\t<meta property=\"og:image:width\" content=\"1080\" \/>\n\t<meta property=\"og:image:height\" content=\"1080\" \/>\n\t<meta property=\"og:image:type\" content=\"image\/jpeg\" \/>\n<meta name=\"twitter:card\" content=\"summary_large_image\" \/>\n<meta name=\"twitter:label1\" content=\"Gesch\u00e4tzte Lesezeit\" \/>\n\t<meta name=\"twitter:data1\" content=\"1\u00a0Minute\" \/>\n<script type=\"application\/ld+json\" class=\"yoast-schema-graph\">{\"@context\":\"https:\\\/\\\/schema.org\",\"@graph\":[{\"@type\":\"WebPage\",\"@id\":\"https:\\\/\\\/prodemo.com\\\/de\\\/produit\\\/bratpfannenset\\\/\",\"url\":\"https:\\\/\\\/prodemo.com\\\/de\\\/produit\\\/bratpfannenset\\\/\",\"name\":\"Angebot - GASTROLUX Entdeckungsset - Prodemo\",\"isPartOf\":{\"@id\":\"https:\\\/\\\/prodemo.com\\\/de\\\/#website\"},\"primaryImageOfPage\":{\"@id\":\"https:\\\/\\\/prodemo.com\\\/de\\\/produit\\\/bratpfannenset\\\/#primaryimage\"},\"image\":{\"@id\":\"https:\\\/\\\/prodemo.com\\\/de\\\/produit\\\/bratpfannenset\\\/#primaryimage\"},\"thumbnailUrl\":\"https:\\\/\\\/prodemo.com\\\/wp-content\\\/uploads\\\/2023\\\/08\\\/Set-decouverte.jpeg\",\"datePublished\":\"2023-08-28T05:33:13+00:00\",\"dateModified\":\"2026-02-25T09:34:18+00:00\",\"breadcrumb\":{\"@id\":\"https:\\\/\\\/prodemo.com\\\/de\\\/produit\\\/bratpfannenset\\\/#breadcrumb\"},\"inLanguage\":\"de\",\"potentialAction\":[{\"@type\":\"ReadAction\",\"target\":[\"https:\\\/\\\/prodemo.com\\\/de\\\/produit\\\/bratpfannenset\\\/\"]}]},{\"@type\":\"ImageObject\",\"inLanguage\":\"de\",\"@id\":\"https:\\\/\\\/prodemo.com\\\/de\\\/produit\\\/bratpfannenset\\\/#primaryimage\",\"url\":\"https:\\\/\\\/prodemo.com\\\/wp-content\\\/uploads\\\/2023\\\/08\\\/Set-decouverte.jpeg\",\"contentUrl\":\"https:\\\/\\\/prodemo.com\\\/wp-content\\\/uploads\\\/2023\\\/08\\\/Set-decouverte.jpeg\",\"width\":1080,\"height\":1080},{\"@type\":\"BreadcrumbList\",\"@id\":\"https:\\\/\\\/prodemo.com\\\/de\\\/produit\\\/bratpfannenset\\\/#breadcrumb\",\"itemListElement\":[{\"@type\":\"ListItem\",\"position\":1,\"name\":\"Accueil\",\"item\":\"https:\\\/\\\/prodemo.com\\\/de\\\/home\\\/\"},{\"@type\":\"ListItem\",\"position\":2,\"name\":\"Shop\",\"item\":\"https:\\\/\\\/prodemo.com\\\/de\\\/shop\\\/\"},{\"@type\":\"ListItem\",\"position\":3,\"name\":\"Angebot &#8211; GASTROLUX Entdeckungsset\"}]},{\"@type\":\"WebSite\",\"@id\":\"https:\\\/\\\/prodemo.com\\\/de\\\/#website\",\"url\":\"https:\\\/\\\/prodemo.com\\\/de\\\/\",\"name\":\"Prodemo SA\",\"description\":\"Au service de votre cuisine depuis 1974\",\"potentialAction\":[{\"@type\":\"SearchAction\",\"target\":{\"@type\":\"EntryPoint\",\"urlTemplate\":\"https:\\\/\\\/prodemo.com\\\/de\\\/?s={search_term_string}\"},\"query-input\":{\"@type\":\"PropertyValueSpecification\",\"valueRequired\":true,\"valueName\":\"search_term_string\"}}],\"inLanguage\":\"de\"}]}<\/script>\n<!-- \/ Yoast SEO plugin. -->","yoast_head_json":{"title":"Angebot - GASTROLUX Entdeckungsset - Prodemo","robots":{"index":"index","follow":"follow","max-snippet":"max-snippet:-1","max-image-preview":"max-image-preview:large","max-video-preview":"max-video-preview:-1"},"canonical":"https:\/\/prodemo.com\/de\/produit\/bratpfannenset\/","og_locale":"de_DE","og_type":"article","og_title":"Angebot - GASTROLUX Entdeckungsset - Prodemo","og_description":"M\u00f6chten Sie Gastrolux testen ? Das ist die perfekte Gelegenheit!  1x \u00d820cm Bratpfanne mit abnehmbarem Stiel 1 x \u00d828cm Bratpfanne mit abnehmbarem Stiel F\u00fcr alle Herdarten geeignet, auch f\u00fcr Induktion.","og_url":"https:\/\/prodemo.com\/de\/produit\/bratpfannenset\/","og_site_name":"Prodemo","article_modified_time":"2026-02-25T09:34:18+00:00","og_image":[{"width":1080,"height":1080,"url":"https:\/\/prodemo.com\/wp-content\/uploads\/2023\/08\/Set-decouverte.jpeg","type":"image\/jpeg"}],"twitter_card":"summary_large_image","twitter_misc":{"Gesch\u00e4tzte Lesezeit":"1\u00a0Minute"},"schema":{"@context":"https:\/\/schema.org","@graph":[{"@type":"WebPage","@id":"https:\/\/prodemo.com\/de\/produit\/bratpfannenset\/","url":"https:\/\/prodemo.com\/de\/produit\/bratpfannenset\/","name":"Angebot - GASTROLUX Entdeckungsset - Prodemo","isPartOf":{"@id":"https:\/\/prodemo.com\/de\/#website"},"primaryImageOfPage":{"@id":"https:\/\/prodemo.com\/de\/produit\/bratpfannenset\/#primaryimage"},"image":{"@id":"https:\/\/prodemo.com\/de\/produit\/bratpfannenset\/#primaryimage"},"thumbnailUrl":"https:\/\/prodemo.com\/wp-content\/uploads\/2023\/08\/Set-decouverte.jpeg","datePublished":"2023-08-28T05:33:13+00:00","dateModified":"2026-02-25T09:34:18+00:00","breadcrumb":{"@id":"https:\/\/prodemo.com\/de\/produit\/bratpfannenset\/#breadcrumb"},"inLanguage":"de","potentialAction":[{"@type":"ReadAction","target":["https:\/\/prodemo.com\/de\/produit\/bratpfannenset\/"]}]},{"@type":"ImageObject","inLanguage":"de","@id":"https:\/\/prodemo.com\/de\/produit\/bratpfannenset\/#primaryimage","url":"https:\/\/prodemo.com\/wp-content\/uploads\/2023\/08\/Set-decouverte.jpeg","contentUrl":"https:\/\/prodemo.com\/wp-content\/uploads\/2023\/08\/Set-decouverte.jpeg","width":1080,"height":1080},{"@type":"BreadcrumbList","@id":"https:\/\/prodemo.com\/de\/produit\/bratpfannenset\/#breadcrumb","itemListElement":[{"@type":"ListItem","position":1,"name":"Accueil","item":"https:\/\/prodemo.com\/de\/home\/"},{"@type":"ListItem","position":2,"name":"Shop","item":"https:\/\/prodemo.com\/de\/shop\/"},{"@type":"ListItem","position":3,"name":"Angebot &#8211; GASTROLUX Entdeckungsset"}]},{"@type":"WebSite","@id":"https:\/\/prodemo.com\/de\/#website","url":"https:\/\/prodemo.com\/de\/","name":"Prodemo SA","description":"Au service de votre cuisine depuis 1974","potentialAction":[{"@type":"SearchAction","target":{"@type":"EntryPoint","urlTemplate":"https:\/\/prodemo.com\/de\/?s={search_term_string}"},"query-input":{"@type":"PropertyValueSpecification","valueRequired":true,"valueName":"search_term_string"}}],"inLanguage":"de"}]}},"jetpack_sharing_enabled":true,"_links":{"self":[{"href":"https:\/\/prodemo.com\/de\/wp-json\/wp\/v2\/product\/10496","targetHints":{"allow":["GET"]}}],"collection":[{"href":"https:\/\/prodemo.com\/de\/wp-json\/wp\/v2\/product"}],"about":[{"href":"https:\/\/prodemo.com\/de\/wp-json\/wp\/v2\/types\/product"}],"wp:featuredmedia":[{"embeddable":true,"href":"https:\/\/prodemo.com\/de\/wp-json\/wp\/v2\/media\/20653"}],"wp:attachment":[{"href":"https:\/\/prodemo.com\/de\/wp-json\/wp\/v2\/media?parent=10496"}],"wp:term":[{"taxonomy":"product_cat","embeddable":true,"href":"https:\/\/prodemo.com\/de\/wp-json\/wp\/v2\/product_cat?post=10496"},{"taxonomy":"product_tag","embeddable":true,"href":"https:\/\/prodemo.com\/de\/wp-json\/wp\/v2\/product_tag?post=10496"},{"taxonomy":"product_label","embeddable":true,"href":"https:\/\/prodemo.com\/de\/wp-json\/wp\/v2\/product_label?post=10496"},{"taxonomy":"brand","embeddable":true,"href":"https:\/\/prodemo.com\/de\/wp-json\/wp\/v2\/brand?post=10496"}],"curies":[{"name":"wp","href":"https:\/\/api.w.org\/{rel}","templated":true}]}}