{"id":10132,"date":"2023-08-18T15:31:22","date_gmt":"2023-08-24T09:17:09","guid":{"rendered":"https:\/\/prodemo.lemon.ch\/produit\/hochrandpfanne\/"},"modified":"2024-08-20T15:11:46","modified_gmt":"2024-08-20T13:11:46","slug":"hochrandpfanne","status":"publish","type":"product","link":"https:\/\/prodemo.com\/de\/produit\/hochrandpfanne\/","title":{"rendered":"Hochrandpfanne"},"content":{"rendered":"<p>Herzhaftes Fleisch bereiten Sie mit der Gastrolux Bratpfanne so unkompliziert zu wie frisches Gem\u00fcse, das dabei nat\u00fcrlich seine knackige Konsistenz beh\u00e4lt. Wenn Sie m\u00f6gen, braten Sie verschiedene Zutaten in dieser Pfanne auch in Kombination. Als Hochrandpfanne eignet sie sich insbesondere f\u00fcr So\u00dfengerichte wie feuriges Gulasch, traditionelle Rouladen und deftiges Ragout.<\/p>\n","protected":false},"excerpt":{"rendered":"<p>Herzhaftes Fleisch bereiten Sie mit der Gastrolux Bratpfanne so unkompliziert zu wie frisches Gem\u00fcse, das dabei nat\u00fcrlich seine knackige Konsistenz beh\u00e4lt. Wenn Sie m\u00f6gen, braten Sie verschiedene Zutaten in dieser Pfanne auch in Kombination. Als Hochrandpfanne eignet sie sich insbesondere f\u00fcr So\u00dfengerichte wie feuriges Gulasch, traditionelle Rouladen und deftiges Ragout.<\/p>\n","protected":false},"featured_media":12774,"template":"","meta":{"_acf_changed":false,"_relevanssi_hide_post":"","_relevanssi_hide_content":"","_relevanssi_pin_for_all":"","_relevanssi_pin_keywords":"","_relevanssi_unpin_keywords":"","_relevanssi_related_keywords":"","_relevanssi_related_include_ids":"","_relevanssi_related_exclude_ids":"","_relevanssi_related_no_append":"","_relevanssi_related_not_related":"","_relevanssi_related_posts":"","_relevanssi_noindex_reason":"","inline_featured_image":false},"product_cat":[879],"product_tag":[1330],"product_label":[],"brand":[1375],"class_list":{"0":"post-10132","1":"product","2":"type-product","3":"status-publish","4":"has-post-thumbnail","6":"product_cat-pfannen-hochrandpfannen","7":"product_tag-gastrolux-de","8":"brand-gastrolux-de","10":"first","11":"instock","12":"taxable","13":"shipping-taxable","14":"purchasable","15":"product-type-variable","16":"has-default-attributes"},"acf":[],"yoast_head":"<!-- This site is optimized with the Yoast SEO plugin v27.3 - https:\/\/yoast.com\/product\/yoast-seo-wordpress\/ -->\n<title>Hochrandpfanne - Prodemo<\/title>\n<meta name=\"robots\" content=\"index, follow, max-snippet:-1, max-image-preview:large, max-video-preview:-1\" \/>\n<link rel=\"canonical\" href=\"https:\/\/prodemo.com\/de\/produit\/hochrandpfanne\/\" \/>\n<meta property=\"og:locale\" content=\"de_DE\" \/>\n<meta property=\"og:type\" content=\"article\" \/>\n<meta property=\"og:title\" content=\"Hochrandpfanne - Prodemo\" \/>\n<meta property=\"og:description\" content=\"Herzhaftes Fleisch bereiten Sie mit der Gastrolux Bratpfanne so unkompliziert zu wie frisches Gem\u00fcse, das dabei nat\u00fcrlich seine knackige Konsistenz beh\u00e4lt. Wenn Sie m\u00f6gen, braten Sie verschiedene Zutaten in dieser Pfanne auch in Kombination. Als Hochrandpfanne eignet sie sich insbesondere f\u00fcr So\u00dfengerichte wie feuriges Gulasch, traditionelle Rouladen und deftiges Ragout.\" \/>\n<meta property=\"og:url\" content=\"https:\/\/prodemo.com\/de\/produit\/hochrandpfanne\/\" \/>\n<meta property=\"og:site_name\" content=\"Prodemo\" \/>\n<meta property=\"article:modified_time\" content=\"2024-08-20T13:11:46+00:00\" \/>\n<meta property=\"og:image\" content=\"https:\/\/prodemo.com\/wp-content\/uploads\/2023\/09\/172032_34_2020-scaled.jpg\" \/>\n\t<meta property=\"og:image:width\" content=\"2048\" \/>\n\t<meta property=\"og:image:height\" content=\"2048\" \/>\n\t<meta property=\"og:image:type\" content=\"image\/jpeg\" \/>\n<meta name=\"twitter:card\" content=\"summary_large_image\" \/>\n<meta name=\"twitter:label1\" content=\"Gesch\u00e4tzte Lesezeit\" \/>\n\t<meta name=\"twitter:data1\" content=\"1\u00a0Minute\" \/>\n<script type=\"application\/ld+json\" class=\"yoast-schema-graph\">{\"@context\":\"https:\\\/\\\/schema.org\",\"@graph\":[{\"@type\":\"WebPage\",\"@id\":\"https:\\\/\\\/prodemo.com\\\/de\\\/produit\\\/hochrandpfanne\\\/\",\"url\":\"https:\\\/\\\/prodemo.com\\\/de\\\/produit\\\/hochrandpfanne\\\/\",\"name\":\"Hochrandpfanne - Prodemo\",\"isPartOf\":{\"@id\":\"https:\\\/\\\/prodemo.com\\\/de\\\/#website\"},\"primaryImageOfPage\":{\"@id\":\"https:\\\/\\\/prodemo.com\\\/de\\\/produit\\\/hochrandpfanne\\\/#primaryimage\"},\"image\":{\"@id\":\"https:\\\/\\\/prodemo.com\\\/de\\\/produit\\\/hochrandpfanne\\\/#primaryimage\"},\"thumbnailUrl\":\"https:\\\/\\\/prodemo.com\\\/wp-content\\\/uploads\\\/2023\\\/09\\\/172032_34_2020-scaled.jpg\",\"datePublished\":\"2023-08-24T09:17:09+00:00\",\"dateModified\":\"2024-08-20T13:11:46+00:00\",\"breadcrumb\":{\"@id\":\"https:\\\/\\\/prodemo.com\\\/de\\\/produit\\\/hochrandpfanne\\\/#breadcrumb\"},\"inLanguage\":\"de\",\"potentialAction\":[{\"@type\":\"ReadAction\",\"target\":[\"https:\\\/\\\/prodemo.com\\\/de\\\/produit\\\/hochrandpfanne\\\/\"]}]},{\"@type\":\"ImageObject\",\"inLanguage\":\"de\",\"@id\":\"https:\\\/\\\/prodemo.com\\\/de\\\/produit\\\/hochrandpfanne\\\/#primaryimage\",\"url\":\"https:\\\/\\\/prodemo.com\\\/wp-content\\\/uploads\\\/2023\\\/09\\\/172032_34_2020-scaled.jpg\",\"contentUrl\":\"https:\\\/\\\/prodemo.com\\\/wp-content\\\/uploads\\\/2023\\\/09\\\/172032_34_2020-scaled.jpg\",\"width\":2048,\"height\":2048},{\"@type\":\"BreadcrumbList\",\"@id\":\"https:\\\/\\\/prodemo.com\\\/de\\\/produit\\\/hochrandpfanne\\\/#breadcrumb\",\"itemListElement\":[{\"@type\":\"ListItem\",\"position\":1,\"name\":\"Accueil\",\"item\":\"https:\\\/\\\/prodemo.com\\\/de\\\/home\\\/\"},{\"@type\":\"ListItem\",\"position\":2,\"name\":\"Shop\",\"item\":\"https:\\\/\\\/prodemo.com\\\/de\\\/shop\\\/\"},{\"@type\":\"ListItem\",\"position\":3,\"name\":\"Hochrandpfanne\"}]},{\"@type\":\"WebSite\",\"@id\":\"https:\\\/\\\/prodemo.com\\\/de\\\/#website\",\"url\":\"https:\\\/\\\/prodemo.com\\\/de\\\/\",\"name\":\"Prodemo SA\",\"description\":\"Au service de votre cuisine depuis 1974\",\"potentialAction\":[{\"@type\":\"SearchAction\",\"target\":{\"@type\":\"EntryPoint\",\"urlTemplate\":\"https:\\\/\\\/prodemo.com\\\/de\\\/?s={search_term_string}\"},\"query-input\":{\"@type\":\"PropertyValueSpecification\",\"valueRequired\":true,\"valueName\":\"search_term_string\"}}],\"inLanguage\":\"de\"}]}<\/script>\n<!-- \/ Yoast SEO plugin. -->","yoast_head_json":{"title":"Hochrandpfanne - Prodemo","robots":{"index":"index","follow":"follow","max-snippet":"max-snippet:-1","max-image-preview":"max-image-preview:large","max-video-preview":"max-video-preview:-1"},"canonical":"https:\/\/prodemo.com\/de\/produit\/hochrandpfanne\/","og_locale":"de_DE","og_type":"article","og_title":"Hochrandpfanne - Prodemo","og_description":"Herzhaftes Fleisch bereiten Sie mit der Gastrolux Bratpfanne so unkompliziert zu wie frisches Gem\u00fcse, das dabei nat\u00fcrlich seine knackige Konsistenz beh\u00e4lt. Wenn Sie m\u00f6gen, braten Sie verschiedene Zutaten in dieser Pfanne auch in Kombination. Als Hochrandpfanne eignet sie sich insbesondere f\u00fcr So\u00dfengerichte wie feuriges Gulasch, traditionelle Rouladen und deftiges Ragout.","og_url":"https:\/\/prodemo.com\/de\/produit\/hochrandpfanne\/","og_site_name":"Prodemo","article_modified_time":"2024-08-20T13:11:46+00:00","og_image":[{"width":2048,"height":2048,"url":"https:\/\/prodemo.com\/wp-content\/uploads\/2023\/09\/172032_34_2020-scaled.jpg","type":"image\/jpeg"}],"twitter_card":"summary_large_image","twitter_misc":{"Gesch\u00e4tzte Lesezeit":"1\u00a0Minute"},"schema":{"@context":"https:\/\/schema.org","@graph":[{"@type":"WebPage","@id":"https:\/\/prodemo.com\/de\/produit\/hochrandpfanne\/","url":"https:\/\/prodemo.com\/de\/produit\/hochrandpfanne\/","name":"Hochrandpfanne - Prodemo","isPartOf":{"@id":"https:\/\/prodemo.com\/de\/#website"},"primaryImageOfPage":{"@id":"https:\/\/prodemo.com\/de\/produit\/hochrandpfanne\/#primaryimage"},"image":{"@id":"https:\/\/prodemo.com\/de\/produit\/hochrandpfanne\/#primaryimage"},"thumbnailUrl":"https:\/\/prodemo.com\/wp-content\/uploads\/2023\/09\/172032_34_2020-scaled.jpg","datePublished":"2023-08-24T09:17:09+00:00","dateModified":"2024-08-20T13:11:46+00:00","breadcrumb":{"@id":"https:\/\/prodemo.com\/de\/produit\/hochrandpfanne\/#breadcrumb"},"inLanguage":"de","potentialAction":[{"@type":"ReadAction","target":["https:\/\/prodemo.com\/de\/produit\/hochrandpfanne\/"]}]},{"@type":"ImageObject","inLanguage":"de","@id":"https:\/\/prodemo.com\/de\/produit\/hochrandpfanne\/#primaryimage","url":"https:\/\/prodemo.com\/wp-content\/uploads\/2023\/09\/172032_34_2020-scaled.jpg","contentUrl":"https:\/\/prodemo.com\/wp-content\/uploads\/2023\/09\/172032_34_2020-scaled.jpg","width":2048,"height":2048},{"@type":"BreadcrumbList","@id":"https:\/\/prodemo.com\/de\/produit\/hochrandpfanne\/#breadcrumb","itemListElement":[{"@type":"ListItem","position":1,"name":"Accueil","item":"https:\/\/prodemo.com\/de\/home\/"},{"@type":"ListItem","position":2,"name":"Shop","item":"https:\/\/prodemo.com\/de\/shop\/"},{"@type":"ListItem","position":3,"name":"Hochrandpfanne"}]},{"@type":"WebSite","@id":"https:\/\/prodemo.com\/de\/#website","url":"https:\/\/prodemo.com\/de\/","name":"Prodemo SA","description":"Au service de votre cuisine depuis 1974","potentialAction":[{"@type":"SearchAction","target":{"@type":"EntryPoint","urlTemplate":"https:\/\/prodemo.com\/de\/?s={search_term_string}"},"query-input":{"@type":"PropertyValueSpecification","valueRequired":true,"valueName":"search_term_string"}}],"inLanguage":"de"}]}},"jetpack_sharing_enabled":true,"_links":{"self":[{"href":"https:\/\/prodemo.com\/de\/wp-json\/wp\/v2\/product\/10132","targetHints":{"allow":["GET"]}}],"collection":[{"href":"https:\/\/prodemo.com\/de\/wp-json\/wp\/v2\/product"}],"about":[{"href":"https:\/\/prodemo.com\/de\/wp-json\/wp\/v2\/types\/product"}],"wp:featuredmedia":[{"embeddable":true,"href":"https:\/\/prodemo.com\/de\/wp-json\/wp\/v2\/media\/12774"}],"wp:attachment":[{"href":"https:\/\/prodemo.com\/de\/wp-json\/wp\/v2\/media?parent=10132"}],"wp:term":[{"taxonomy":"product_cat","embeddable":true,"href":"https:\/\/prodemo.com\/de\/wp-json\/wp\/v2\/product_cat?post=10132"},{"taxonomy":"product_tag","embeddable":true,"href":"https:\/\/prodemo.com\/de\/wp-json\/wp\/v2\/product_tag?post=10132"},{"taxonomy":"product_label","embeddable":true,"href":"https:\/\/prodemo.com\/de\/wp-json\/wp\/v2\/product_label?post=10132"},{"taxonomy":"brand","embeddable":true,"href":"https:\/\/prodemo.com\/de\/wp-json\/wp\/v2\/brand?post=10132"}],"curies":[{"name":"wp","href":"https:\/\/api.w.org\/{rel}","templated":true}]}}