{"id":19574,"date":"2024-01-09T16:05:04","date_gmt":"2024-01-09T15:05:04","guid":{"rendered":"https:\/\/dvhobrjcm.preview.infomaniak.website\/lieferung\/"},"modified":"2024-04-19T19:12:08","modified_gmt":"2024-04-19T17:12:08","slug":"lieferung","status":"publish","type":"page","link":"https:\/\/prodemo.com\/de\/lieferung\/","title":{"rendered":"Lieferung"},"content":{"rendered":"\n<p><strong>Versand- und Verpackungskosten <\/strong><\/p>\n\n\n\n<p>Ab einem Rechnungsbetrag von CHF 80.00 entfallen diese Kosten. Pauschalbetrag bei Rechnungswert unter CHF 30.00 ist CHF 6.00 Pauschalbetrag bei Rechnungswert unter CHF 80.00 ist CHF 10.00 Wir versenden alle Packete per PostPac Economy mit der Schweizer Post. Die Kosten werden vor Abschluss der Bestellung im Warenkorb aufgef\u00fchrt. Alle unsere Pakete werden mit der Schweizerischen Post versendet.   <\/p>\n\n\n\n<p><strong>Auslandlieferungen<\/strong><\/p>\n\n\n\n<p>Wir liefern nur in der Schweiz und nach Liechtenstein. F\u00fcr Oskar\u00ae- und Choppy\u00ae-Bestellungen in der Europ\u00e4ischen Union bitten wir Sie, Ihre Bestellung \u00fcber den Shop <a href=\"http:\/\/www.oskar-the-best.de\">www.oskar-the-best.de<\/a> aufzugeben. <\/p>\n\n\n\n<p><strong>Transportschaden<\/strong><\/p>\n\n\n\n<p>Wenn ein Paket bei Empfang besch\u00e4digt ist, bitte umgehend beim Postangestellten oder am Postschalter einen Vorbehalt anbringen.<\/p>\n\n\n\n<p><strong>Lieferfristen <\/strong><\/p>\n\n\n\n<p>Bestellungen werden innerhalb von 2 bis 3 Werktagen nach Eingang Ihrer Bestellung versandt.<\/p>\n\n\n\n<p><strong>Geld Zur\u00fcck Garantie \u2013 30 Tage R\u00fcckgaberecht bei Gastrolux\u00ae und Squality\u00ae.<\/strong><\/p>\n\n\n\n<p>Wenn Sie Ihr Produkt direkt bei Prodemo SA gekauft haben, k\u00f6nnen Sie es innerhalb von 30 Tagen nach dem Kauf ohne Angabe von Gr\u00fcnden zur\u00fcckgeben. Dazu m\u00fcssen Sie das Formular \u201e<em><a href=\"https:\/\/dvhobrjcm.preview.infomaniak.website\/wp-content\/uploads\/2024\/04\/RUECKGABERECHT_FORMULAR.pdf\">RUECKGABERECHT_FORMULAR<\/a><\/em>\u201c herunterladen, ausf\u00fcllen und zusammen mit Ihrem Produkt und der Kaufquittung zur\u00fccksenden. Die Versandkosten f\u00fcr die R\u00fccksendung gehen zu Ihren Lasten. Ihre Rechnung wird storniert oder zur\u00fcckerstattet, falls diese bereits bezahlt wurde.<\/p>\n","protected":false},"excerpt":{"rendered":"<p>Versand- und Verpackungskosten Ab einem Rechnungsbetrag von CHF 80.00 entfallen diese Kosten. Pauschalbetrag bei Rechnungswert unter CHF 30.00 ist CHF 6.00 Pauschalbetrag bei Rechnungswert unter CHF 80.00 ist CHF 10.00 Wir versenden alle Packete per PostPac Economy mit der Schweizer Post. Die Kosten werden vor Abschluss der Bestellung im Warenkorb aufgef\u00fchrt. Alle unsere Pakete werden [&hellip;]<\/p>\n","protected":false},"author":1,"featured_media":0,"parent":0,"menu_order":0,"comment_status":"closed","ping_status":"closed","template":"","meta":{"_acf_changed":false,"_relevanssi_hide_post":"","_relevanssi_hide_content":"","_relevanssi_pin_for_all":"","_relevanssi_pin_keywords":"","_relevanssi_unpin_keywords":"","_relevanssi_related_keywords":"","_relevanssi_related_include_ids":"","_relevanssi_related_exclude_ids":"","_relevanssi_related_no_append":"","_relevanssi_related_not_related":"","_relevanssi_related_posts":"12224,12226","_relevanssi_noindex_reason":"","inline_featured_image":false,"footnotes":""},"categories":[],"class_list":["post-19574","page","type-page","status-publish","hentry"],"acf":[],"yoast_head":"<!-- This site is optimized with the Yoast SEO plugin v27.3 - https:\/\/yoast.com\/product\/yoast-seo-wordpress\/ -->\n<title>Lieferung - Prodemo<\/title>\n<meta name=\"robots\" content=\"index, follow, max-snippet:-1, max-image-preview:large, max-video-preview:-1\" \/>\n<link rel=\"canonical\" href=\"https:\/\/prodemo.com\/de\/lieferung\/\" \/>\n<meta property=\"og:locale\" content=\"de_DE\" \/>\n<meta property=\"og:type\" content=\"article\" \/>\n<meta property=\"og:title\" content=\"Lieferung - Prodemo\" \/>\n<meta property=\"og:description\" content=\"Versand- und Verpackungskosten Ab einem Rechnungsbetrag von CHF 80.00 entfallen diese Kosten. Pauschalbetrag bei Rechnungswert unter CHF 30.00 ist CHF 6.00 Pauschalbetrag bei Rechnungswert unter CHF 80.00 ist CHF 10.00 Wir versenden alle Packete per PostPac Economy mit der Schweizer Post. Die Kosten werden vor Abschluss der Bestellung im Warenkorb aufgef\u00fchrt. Alle unsere Pakete werden [&hellip;]\" \/>\n<meta property=\"og:url\" content=\"https:\/\/prodemo.com\/de\/lieferung\/\" \/>\n<meta property=\"og:site_name\" content=\"Prodemo\" \/>\n<meta property=\"article:modified_time\" content=\"2024-04-19T17:12:08+00:00\" \/>\n<meta name=\"twitter:card\" content=\"summary_large_image\" \/>\n<meta name=\"twitter:label1\" content=\"Gesch\u00e4tzte Lesezeit\" \/>\n\t<meta name=\"twitter:data1\" content=\"1\u00a0Minute\" \/>\n<script type=\"application\/ld+json\" class=\"yoast-schema-graph\">{\"@context\":\"https:\\\/\\\/schema.org\",\"@graph\":[{\"@type\":\"WebPage\",\"@id\":\"https:\\\/\\\/prodemo.com\\\/de\\\/lieferung\\\/\",\"url\":\"https:\\\/\\\/prodemo.com\\\/de\\\/lieferung\\\/\",\"name\":\"Lieferung - Prodemo\",\"isPartOf\":{\"@id\":\"https:\\\/\\\/prodemo.com\\\/de\\\/#website\"},\"datePublished\":\"2024-01-09T15:05:04+00:00\",\"dateModified\":\"2024-04-19T17:12:08+00:00\",\"breadcrumb\":{\"@id\":\"https:\\\/\\\/prodemo.com\\\/de\\\/lieferung\\\/#breadcrumb\"},\"inLanguage\":\"de\",\"potentialAction\":[{\"@type\":\"ReadAction\",\"target\":[\"https:\\\/\\\/prodemo.com\\\/de\\\/lieferung\\\/\"]}]},{\"@type\":\"BreadcrumbList\",\"@id\":\"https:\\\/\\\/prodemo.com\\\/de\\\/lieferung\\\/#breadcrumb\",\"itemListElement\":[{\"@type\":\"ListItem\",\"position\":1,\"name\":\"Accueil\",\"item\":\"https:\\\/\\\/prodemo.com\\\/de\\\/home\\\/\"},{\"@type\":\"ListItem\",\"position\":2,\"name\":\"Lieferung\"}]},{\"@type\":\"WebSite\",\"@id\":\"https:\\\/\\\/prodemo.com\\\/de\\\/#website\",\"url\":\"https:\\\/\\\/prodemo.com\\\/de\\\/\",\"name\":\"Prodemo SA\",\"description\":\"Au service de votre cuisine depuis 1974\",\"potentialAction\":[{\"@type\":\"SearchAction\",\"target\":{\"@type\":\"EntryPoint\",\"urlTemplate\":\"https:\\\/\\\/prodemo.com\\\/de\\\/?s={search_term_string}\"},\"query-input\":{\"@type\":\"PropertyValueSpecification\",\"valueRequired\":true,\"valueName\":\"search_term_string\"}}],\"inLanguage\":\"de\"}]}<\/script>\n<!-- \/ Yoast SEO plugin. -->","yoast_head_json":{"title":"Lieferung - Prodemo","robots":{"index":"index","follow":"follow","max-snippet":"max-snippet:-1","max-image-preview":"max-image-preview:large","max-video-preview":"max-video-preview:-1"},"canonical":"https:\/\/prodemo.com\/de\/lieferung\/","og_locale":"de_DE","og_type":"article","og_title":"Lieferung - Prodemo","og_description":"Versand- und Verpackungskosten Ab einem Rechnungsbetrag von CHF 80.00 entfallen diese Kosten. Pauschalbetrag bei Rechnungswert unter CHF 30.00 ist CHF 6.00 Pauschalbetrag bei Rechnungswert unter CHF 80.00 ist CHF 10.00 Wir versenden alle Packete per PostPac Economy mit der Schweizer Post. Die Kosten werden vor Abschluss der Bestellung im Warenkorb aufgef\u00fchrt. Alle unsere Pakete werden [&hellip;]","og_url":"https:\/\/prodemo.com\/de\/lieferung\/","og_site_name":"Prodemo","article_modified_time":"2024-04-19T17:12:08+00:00","twitter_card":"summary_large_image","twitter_misc":{"Gesch\u00e4tzte Lesezeit":"1\u00a0Minute"},"schema":{"@context":"https:\/\/schema.org","@graph":[{"@type":"WebPage","@id":"https:\/\/prodemo.com\/de\/lieferung\/","url":"https:\/\/prodemo.com\/de\/lieferung\/","name":"Lieferung - Prodemo","isPartOf":{"@id":"https:\/\/prodemo.com\/de\/#website"},"datePublished":"2024-01-09T15:05:04+00:00","dateModified":"2024-04-19T17:12:08+00:00","breadcrumb":{"@id":"https:\/\/prodemo.com\/de\/lieferung\/#breadcrumb"},"inLanguage":"de","potentialAction":[{"@type":"ReadAction","target":["https:\/\/prodemo.com\/de\/lieferung\/"]}]},{"@type":"BreadcrumbList","@id":"https:\/\/prodemo.com\/de\/lieferung\/#breadcrumb","itemListElement":[{"@type":"ListItem","position":1,"name":"Accueil","item":"https:\/\/prodemo.com\/de\/home\/"},{"@type":"ListItem","position":2,"name":"Lieferung"}]},{"@type":"WebSite","@id":"https:\/\/prodemo.com\/de\/#website","url":"https:\/\/prodemo.com\/de\/","name":"Prodemo SA","description":"Au service de votre cuisine depuis 1974","potentialAction":[{"@type":"SearchAction","target":{"@type":"EntryPoint","urlTemplate":"https:\/\/prodemo.com\/de\/?s={search_term_string}"},"query-input":{"@type":"PropertyValueSpecification","valueRequired":true,"valueName":"search_term_string"}}],"inLanguage":"de"}]}},"jetpack_sharing_enabled":true,"_links":{"self":[{"href":"https:\/\/prodemo.com\/de\/wp-json\/wp\/v2\/pages\/19574","targetHints":{"allow":["GET"]}}],"collection":[{"href":"https:\/\/prodemo.com\/de\/wp-json\/wp\/v2\/pages"}],"about":[{"href":"https:\/\/prodemo.com\/de\/wp-json\/wp\/v2\/types\/page"}],"author":[{"embeddable":true,"href":"https:\/\/prodemo.com\/de\/wp-json\/wp\/v2\/users\/1"}],"replies":[{"embeddable":true,"href":"https:\/\/prodemo.com\/de\/wp-json\/wp\/v2\/comments?post=19574"}],"version-history":[{"count":5,"href":"https:\/\/prodemo.com\/de\/wp-json\/wp\/v2\/pages\/19574\/revisions"}],"predecessor-version":[{"id":21809,"href":"https:\/\/prodemo.com\/de\/wp-json\/wp\/v2\/pages\/19574\/revisions\/21809"}],"wp:attachment":[{"href":"https:\/\/prodemo.com\/de\/wp-json\/wp\/v2\/media?parent=19574"}],"wp:term":[{"taxonomy":"category","embeddable":true,"href":"https:\/\/prodemo.com\/de\/wp-json\/wp\/v2\/categories?post=19574"}],"curies":[{"name":"wp","href":"https:\/\/api.w.org\/{rel}","templated":true}]}}