{"id":17100,"date":"2023-11-09T07:35:13","date_gmt":"2023-11-09T06:35:13","guid":{"rendered":"https:\/\/prodemo.lemon.ch\/die-bestellten-artikel-werden-ihnen-per-post-mit-einer-rechnung-geliefert-prodemo-sa-behaelt-sich-das-recht-vor-die-bonitaet-jedes-kunden-beim-betreibungsamt-oder-bei-einem-externen-inkasso-institut\/"},"modified":"2024-04-18T07:46:13","modified_gmt":"2024-04-18T05:46:13","slug":"die-bestellten-artikel-werden-ihnen-per-post-mit-einer-rechnung-geliefert-prodemo-sa-behaelt-sich-das-recht-vor-die-bonitaet-jedes-kunden-beim-betreibungsamt-oder-bei-einem-externen-inkasso-institut","status":"publish","type":"page","link":"https:\/\/prodemo.com\/de\/die-bestellten-artikel-werden-ihnen-per-post-mit-einer-rechnung-geliefert-prodemo-sa-behaelt-sich-das-recht-vor-die-bonitaet-jedes-kunden-beim-betreibungsamt-oder-bei-einem-externen-inkasso-institut\/","title":{"rendered":"Allgemeine Gesch\u00e4ftsbedingungen"},"content":{"rendered":"\n<p><strong>1. Einleitung<\/strong><\/p>\n\n\n\n<p>Willkommen auf der Website von Prodemo SA. Durch den Zugriff auf diese Website oder deren Nutzung erkl\u00e4ren Sie sich mit den vorliegenden Allgemeinen Verkaufsbedingungen einverstanden. Wenn Sie diese Allgemeinen Verkaufsbedingungen ablehnen, bitte diese Website nicht nutzen.  <\/p>\n\n\n\n<p>2. <strong>\u00c4nderungen<\/strong> <strong>der<\/strong> <strong>Verkaufsbedingungen<\/strong><\/p>\n\n\n\n<p>Wir k\u00f6nnen die vorliegenden Verkaufsbedingungen jederzeit \u00e4ndern. Die \u00c4nderungen werden auf dieser Website ver\u00f6ffentlicht und treten sofort in Kraft. Wenn Sie diese Website nach der Ver\u00f6ffentlichung von \u00c4nderungen weiterhin nutzen, erkl\u00e4ren Sie sich mit den \u00c4nderungen einverstanden.  <\/p>\n\n\n\n<p><strong>3. Zugriff auf die Website<\/strong><\/p>\n\n\n\n<p>Wir bem\u00fchen uns, diese Website Rund um die Uhr verf\u00fcgbar zu halten. Es kann jedoch keine Garantie gew\u00e4hrleistet werden, dass die Website jederzeit zur Verf\u00fcgung steht oder fehlerfrei ist. Der Zugang zur Website kann aufgrund von Wartungs- oder Aktualisierungsarbeiten oder aus Gr\u00fcnden, die sich unserer Kontrolle entziehen, wie zum Beispiel Stromausf\u00e4lle oder Hackerangriffe, verwehrt sein.  <\/p>\n\n\n\n<p><strong>4. Inhalt der Website<\/strong><strong><\/strong><\/p>\n\n\n\n<p>Der Inhalt dieser Website ist Eigentum der Prodemo SA oder ihrer Lizenzgeber. Ohne schriftliche Genehmigung von Prodemo SA darf er weder kopiert, verteilt, publiziert, ver\u00f6ffentlicht, reproduziert, \u00fcbertragen noch ge\u00e4ndert werden. <\/p>\n\n\n\n<p><strong>5. Links zu anderen Websites<\/strong><\/p>\n\n\n\n<p>Diese Website kann Links zu anderen Websites enthalten. Der Inhalt dieser anderen Websites entzieht sich unserer Kontrolle. Wir \u00fcbernehmen daf\u00fcr keine Verantwortung. <s><\/s><\/p>\n\n\n\n<p><strong>6. Beschr\u00e4nkte Haftung<\/strong><\/p>\n\n\n\n<p>Soweit gesetzlich zul\u00e4ssig, haftet Prodemo SA nicht f\u00fcr indirekte Sch\u00e4den, Folgesch\u00e4den, Sonder- oder Nebensch\u00e4den, einschlie\u00dflich, aber nicht beschr\u00e4nkt, f\u00fcr entgangene Einnahmen, Gewinne, Nutzung und Datenverluste oder sonstige immaterielle Verluste, die sich aus Ihrer Nutzung dieser Website ergeben.<\/p>\n\n\n\n<p><strong>7. Anwendbares Recht<\/strong><\/p>\n\n\n\n<p>Diese Allgemeinen Verkaufsbedingungen unterliegen dem Schweizer Recht. Sie erkl\u00e4ren sich einverstanden dass, im Streitfall, resultierend aus den vorliegenden Verkaufsbedingungen, ausschliesslich ein Gericht mit Sitz in der Schweiz zust\u00e4ndig ist. <\/p>\n\n\n\n<p><strong>8. Verzicht<\/strong><\/p>\n\n\n\n<p>Wenn Prodemo SA ein Recht oder eine Bestimmung dieser Nutzungsbedingungen nicht geltend macht, stellt dies keinen Verzicht auf dieses Recht oder diese Bestimmung dar.<s><\/s><\/p>\n\n\n\n<p><strong>9. Vollst\u00e4ndigkeit<\/strong><\/p>\n\n\n\n<p>Die vorliegenden Allgemeinen Verkaufsbedingungen stellen die gesamte Vereinbarung zwischen Ihnen und Prodemo SA in Bezug auf Ihre Nutzung dieser Website dar und ersetzen alle vorherigen oder gleichzeitigen m\u00fcndlichen oder schriftlichen Vereinbarungen.<\/p>\n\n\n\n<p><strong>10. Verkaufspreise<\/strong><\/p>\n\n\n\n<p>Alle unsere Preise sind in Schweizer Franken (CHF) inklusive Mehrwertsteuer.<\/p>\n\n\n\n<p><strong>11. Recht auf Widerruf<\/strong><\/p>\n\n\n\n<p>11.1 Bei Bestellungen \u00fcber den Internet Shop, per Telefon, Fax oder Postantwortkarte k\u00f6nnen die ungenutzten Artikel in der Originalverpackung innerhalb von 7 Tagen zur\u00fcckgesandt werden. Die Kosten f\u00fcr die R\u00fccksendung gehen zu Lasten des Kunden.<\/p>\n\n\n\n<p>11.2 <strong>30 Tage R\u00fcckgaberech<\/strong>t auf alle Produkte den Marken<strong>Gastrolux und Squality<\/strong> nur, wenn diese bei Prodemo SA gekauft wurden. Wenn Ihnen eines dieser Produkte nicht gef\u00e4llt, k\u00f6nnen Sie es, auch in gebrauchtem Zustand, zur R\u00fcckerstattung oder Stornierung der Rechnung mittels des Formulars &#8222;R\u00fcckgaberecht&#8220; zusammen mit Ihrer Rechnung oder Kaufbeleg an uns zur\u00fccksenden. Die Versandkosten gehen zu Lasten des Kunden.<\/p>\n\n\n\n<p><a href=\"https:\/\/dvhobrjcm.preview.infomaniak.website\/wp-content\/uploads\/2024\/04\/RUECKGABERECHT_FORMULAR.pdf\">R\u00fccksendeformular <\/a><\/p>\n\n\n\n<p><strong>12. Zahlung auf Rechnung<\/strong><\/p>\n\n\n\n<p>Die bestellten Artikel werden Ihnen per Post mit einer Rechnung geliefert. Prodemo SA beh\u00e4lt sich das Recht vor, die Bonit\u00e4t jedes Kunden beim Betreibungsamt oder bei einem externen Inkasso-Institut wie Intrum AG abzufragen. Die Option &#8222;Kauf auf Rechnung&#8220; kann in einigen F\u00e4llen nicht verf\u00fcgbar sein.  <\/p>\n\n\n\n<p><strong>13. Versand- und Verpackungskosten<\/strong><\/p>\n\n\n\n<p>Versand- und Verpackungskosten werden je nach Wert, Gr\u00f6\u00dfe oder Gewicht der Sendung berechnet. Sie finden dar\u00fcber mehr Informationen in der Rubrik \u201eLieferungen\u201c. <\/p>\n\n\n\n<p><strong>14<\/strong>. <strong>Garantie<\/strong><strong><\/strong><\/p>\n\n\n\n<p>Eine zweij\u00e4hrige Garantie deckt alle Material- und Fabrikationsfehler ab. Sch\u00e4den, die durch normale Abnutzung oder unsachgem\u00e4ssen Gebrauch des Gegenstands entstehen, sind von der Garantie ausgeschlossen. F\u00fcr einige Artikel gilt eine l\u00e4ngere Garantie. Hinweise daf\u00fcr finden Sie in unserem Internet Shop sowie beim Anklicken der Produkte.    Bei einer Gewerblicher Nutzung unserer K\u00fcchenutensilien, Pfannen, T\u00f6pfe, Br\u00e4ter, Mixer usw. deckt die Garantie einen eventuellen Herstellungsfehler ab, schlie\u00dft aber eine Abnutzung durch intensive Nutzung aus.<\/p>\n\n\n\n<p>Um einen Garantieanspruch geltend zu machen, muss das defekte Produkt gut gesch\u00fctzt und mit der Kaufquittung versehen an Prodemo SA zur\u00fcckgesandt werden.<\/p>\n\n\n\n<p><strong>15. Fehler im Katalog, in der Preisliste, im Internet.<\/strong> <\/p>\n\n\n\n<p>Wir behalten uns das Recht vor, eventuelle Fehler in den Texten und Bilder, falsche Preisangaben in unseren Katalogen und Preislisten zu berichtigen. Unsere Angebote sind g\u00fcltig, solange der Vorrat reicht. Beim Ausfall eines Produktes werden wir uns bem\u00fchen, Ihnen einen gleichwertigen Ersatzartikel zu liefern. Unsere Preise sind bis zum Erscheinen eines neuen Katalogs g\u00fcltig.   <\/p>\n","protected":false},"excerpt":{"rendered":"<p>1. Einleitung Willkommen auf der Website von Prodemo SA. Durch den Zugriff auf diese Website oder deren Nutzung erkl\u00e4ren Sie sich mit den vorliegenden Allgemeinen Verkaufsbedingungen einverstanden. Wenn Sie diese Allgemeinen Verkaufsbedingungen ablehnen, bitte diese Website nicht nutzen. 2. \u00c4nderungen der Verkaufsbedingungen Wir k\u00f6nnen die vorliegenden Verkaufsbedingungen jederzeit \u00e4ndern. Die \u00c4nderungen werden auf dieser Website [&hellip;]<\/p>\n","protected":false},"author":1,"featured_media":0,"parent":0,"menu_order":0,"comment_status":"closed","ping_status":"closed","template":"","meta":{"_acf_changed":false,"_relevanssi_hide_post":"","_relevanssi_hide_content":"","_relevanssi_pin_for_all":"","_relevanssi_pin_keywords":"","_relevanssi_unpin_keywords":"","_relevanssi_related_keywords":"","_relevanssi_related_include_ids":"","_relevanssi_related_exclude_ids":"","_relevanssi_related_no_append":"","_relevanssi_related_not_related":"","_relevanssi_related_posts":"12226,12224","_relevanssi_noindex_reason":"","inline_featured_image":false,"footnotes":""},"categories":[],"class_list":["post-17100","page","type-page","status-publish","hentry"],"acf":[],"yoast_head":"<!-- This site is optimized with the Yoast SEO plugin v27.3 - https:\/\/yoast.com\/product\/yoast-seo-wordpress\/ -->\n<title>Allgemeine Gesch\u00e4ftsbedingungen - Prodemo<\/title>\n<meta name=\"robots\" content=\"index, follow, max-snippet:-1, max-image-preview:large, max-video-preview:-1\" \/>\n<link rel=\"canonical\" href=\"https:\/\/prodemo.com\/de\/die-bestellten-artikel-werden-ihnen-per-post-mit-einer-rechnung-geliefert-prodemo-sa-behaelt-sich-das-recht-vor-die-bonitaet-jedes-kunden-beim-betreibungsamt-oder-bei-einem-externen-inkasso-institut\/\" \/>\n<meta property=\"og:locale\" content=\"de_DE\" \/>\n<meta property=\"og:type\" content=\"article\" \/>\n<meta property=\"og:title\" content=\"Allgemeine Gesch\u00e4ftsbedingungen - Prodemo\" \/>\n<meta property=\"og:description\" content=\"1. Einleitung Willkommen auf der Website von Prodemo SA. Durch den Zugriff auf diese Website oder deren Nutzung erkl\u00e4ren Sie sich mit den vorliegenden Allgemeinen Verkaufsbedingungen einverstanden. Wenn Sie diese Allgemeinen Verkaufsbedingungen ablehnen, bitte diese Website nicht nutzen. 2. \u00c4nderungen der Verkaufsbedingungen Wir k\u00f6nnen die vorliegenden Verkaufsbedingungen jederzeit \u00e4ndern. Die \u00c4nderungen werden auf dieser Website [&hellip;]\" \/>\n<meta property=\"og:url\" content=\"https:\/\/prodemo.com\/de\/die-bestellten-artikel-werden-ihnen-per-post-mit-einer-rechnung-geliefert-prodemo-sa-behaelt-sich-das-recht-vor-die-bonitaet-jedes-kunden-beim-betreibungsamt-oder-bei-einem-externen-inkasso-institut\/\" \/>\n<meta property=\"og:site_name\" content=\"Prodemo\" \/>\n<meta property=\"article:modified_time\" content=\"2024-04-18T05:46:13+00:00\" \/>\n<meta name=\"twitter:card\" content=\"summary_large_image\" \/>\n<meta name=\"twitter:label1\" content=\"Gesch\u00e4tzte Lesezeit\" \/>\n\t<meta name=\"twitter:data1\" content=\"4\u00a0Minuten\" \/>\n<script type=\"application\/ld+json\" class=\"yoast-schema-graph\">{\"@context\":\"https:\\\/\\\/schema.org\",\"@graph\":[{\"@type\":\"WebPage\",\"@id\":\"https:\\\/\\\/prodemo.com\\\/de\\\/die-bestellten-artikel-werden-ihnen-per-post-mit-einer-rechnung-geliefert-prodemo-sa-behaelt-sich-das-recht-vor-die-bonitaet-jedes-kunden-beim-betreibungsamt-oder-bei-einem-externen-inkasso-institut\\\/\",\"url\":\"https:\\\/\\\/prodemo.com\\\/de\\\/die-bestellten-artikel-werden-ihnen-per-post-mit-einer-rechnung-geliefert-prodemo-sa-behaelt-sich-das-recht-vor-die-bonitaet-jedes-kunden-beim-betreibungsamt-oder-bei-einem-externen-inkasso-institut\\\/\",\"name\":\"Allgemeine Gesch\u00e4ftsbedingungen - Prodemo\",\"isPartOf\":{\"@id\":\"https:\\\/\\\/prodemo.com\\\/de\\\/#website\"},\"datePublished\":\"2023-11-09T06:35:13+00:00\",\"dateModified\":\"2024-04-18T05:46:13+00:00\",\"breadcrumb\":{\"@id\":\"https:\\\/\\\/prodemo.com\\\/de\\\/die-bestellten-artikel-werden-ihnen-per-post-mit-einer-rechnung-geliefert-prodemo-sa-behaelt-sich-das-recht-vor-die-bonitaet-jedes-kunden-beim-betreibungsamt-oder-bei-einem-externen-inkasso-institut\\\/#breadcrumb\"},\"inLanguage\":\"de\",\"potentialAction\":[{\"@type\":\"ReadAction\",\"target\":[\"https:\\\/\\\/prodemo.com\\\/de\\\/die-bestellten-artikel-werden-ihnen-per-post-mit-einer-rechnung-geliefert-prodemo-sa-behaelt-sich-das-recht-vor-die-bonitaet-jedes-kunden-beim-betreibungsamt-oder-bei-einem-externen-inkasso-institut\\\/\"]}]},{\"@type\":\"BreadcrumbList\",\"@id\":\"https:\\\/\\\/prodemo.com\\\/de\\\/die-bestellten-artikel-werden-ihnen-per-post-mit-einer-rechnung-geliefert-prodemo-sa-behaelt-sich-das-recht-vor-die-bonitaet-jedes-kunden-beim-betreibungsamt-oder-bei-einem-externen-inkasso-institut\\\/#breadcrumb\",\"itemListElement\":[{\"@type\":\"ListItem\",\"position\":1,\"name\":\"Accueil\",\"item\":\"https:\\\/\\\/prodemo.com\\\/de\\\/home\\\/\"},{\"@type\":\"ListItem\",\"position\":2,\"name\":\"Allgemeine Gesch\u00e4ftsbedingungen\"}]},{\"@type\":\"WebSite\",\"@id\":\"https:\\\/\\\/prodemo.com\\\/de\\\/#website\",\"url\":\"https:\\\/\\\/prodemo.com\\\/de\\\/\",\"name\":\"Prodemo SA\",\"description\":\"Au service de votre cuisine depuis 1974\",\"potentialAction\":[{\"@type\":\"SearchAction\",\"target\":{\"@type\":\"EntryPoint\",\"urlTemplate\":\"https:\\\/\\\/prodemo.com\\\/de\\\/?s={search_term_string}\"},\"query-input\":{\"@type\":\"PropertyValueSpecification\",\"valueRequired\":true,\"valueName\":\"search_term_string\"}}],\"inLanguage\":\"de\"}]}<\/script>\n<!-- \/ Yoast SEO plugin. -->","yoast_head_json":{"title":"Allgemeine Gesch\u00e4ftsbedingungen - Prodemo","robots":{"index":"index","follow":"follow","max-snippet":"max-snippet:-1","max-image-preview":"max-image-preview:large","max-video-preview":"max-video-preview:-1"},"canonical":"https:\/\/prodemo.com\/de\/die-bestellten-artikel-werden-ihnen-per-post-mit-einer-rechnung-geliefert-prodemo-sa-behaelt-sich-das-recht-vor-die-bonitaet-jedes-kunden-beim-betreibungsamt-oder-bei-einem-externen-inkasso-institut\/","og_locale":"de_DE","og_type":"article","og_title":"Allgemeine Gesch\u00e4ftsbedingungen - Prodemo","og_description":"1. Einleitung Willkommen auf der Website von Prodemo SA. Durch den Zugriff auf diese Website oder deren Nutzung erkl\u00e4ren Sie sich mit den vorliegenden Allgemeinen Verkaufsbedingungen einverstanden. Wenn Sie diese Allgemeinen Verkaufsbedingungen ablehnen, bitte diese Website nicht nutzen. 2. \u00c4nderungen der Verkaufsbedingungen Wir k\u00f6nnen die vorliegenden Verkaufsbedingungen jederzeit \u00e4ndern. Die \u00c4nderungen werden auf dieser Website [&hellip;]","og_url":"https:\/\/prodemo.com\/de\/die-bestellten-artikel-werden-ihnen-per-post-mit-einer-rechnung-geliefert-prodemo-sa-behaelt-sich-das-recht-vor-die-bonitaet-jedes-kunden-beim-betreibungsamt-oder-bei-einem-externen-inkasso-institut\/","og_site_name":"Prodemo","article_modified_time":"2024-04-18T05:46:13+00:00","twitter_card":"summary_large_image","twitter_misc":{"Gesch\u00e4tzte Lesezeit":"4\u00a0Minuten"},"schema":{"@context":"https:\/\/schema.org","@graph":[{"@type":"WebPage","@id":"https:\/\/prodemo.com\/de\/die-bestellten-artikel-werden-ihnen-per-post-mit-einer-rechnung-geliefert-prodemo-sa-behaelt-sich-das-recht-vor-die-bonitaet-jedes-kunden-beim-betreibungsamt-oder-bei-einem-externen-inkasso-institut\/","url":"https:\/\/prodemo.com\/de\/die-bestellten-artikel-werden-ihnen-per-post-mit-einer-rechnung-geliefert-prodemo-sa-behaelt-sich-das-recht-vor-die-bonitaet-jedes-kunden-beim-betreibungsamt-oder-bei-einem-externen-inkasso-institut\/","name":"Allgemeine Gesch\u00e4ftsbedingungen - Prodemo","isPartOf":{"@id":"https:\/\/prodemo.com\/de\/#website"},"datePublished":"2023-11-09T06:35:13+00:00","dateModified":"2024-04-18T05:46:13+00:00","breadcrumb":{"@id":"https:\/\/prodemo.com\/de\/die-bestellten-artikel-werden-ihnen-per-post-mit-einer-rechnung-geliefert-prodemo-sa-behaelt-sich-das-recht-vor-die-bonitaet-jedes-kunden-beim-betreibungsamt-oder-bei-einem-externen-inkasso-institut\/#breadcrumb"},"inLanguage":"de","potentialAction":[{"@type":"ReadAction","target":["https:\/\/prodemo.com\/de\/die-bestellten-artikel-werden-ihnen-per-post-mit-einer-rechnung-geliefert-prodemo-sa-behaelt-sich-das-recht-vor-die-bonitaet-jedes-kunden-beim-betreibungsamt-oder-bei-einem-externen-inkasso-institut\/"]}]},{"@type":"BreadcrumbList","@id":"https:\/\/prodemo.com\/de\/die-bestellten-artikel-werden-ihnen-per-post-mit-einer-rechnung-geliefert-prodemo-sa-behaelt-sich-das-recht-vor-die-bonitaet-jedes-kunden-beim-betreibungsamt-oder-bei-einem-externen-inkasso-institut\/#breadcrumb","itemListElement":[{"@type":"ListItem","position":1,"name":"Accueil","item":"https:\/\/prodemo.com\/de\/home\/"},{"@type":"ListItem","position":2,"name":"Allgemeine Gesch\u00e4ftsbedingungen"}]},{"@type":"WebSite","@id":"https:\/\/prodemo.com\/de\/#website","url":"https:\/\/prodemo.com\/de\/","name":"Prodemo SA","description":"Au service de votre cuisine depuis 1974","potentialAction":[{"@type":"SearchAction","target":{"@type":"EntryPoint","urlTemplate":"https:\/\/prodemo.com\/de\/?s={search_term_string}"},"query-input":{"@type":"PropertyValueSpecification","valueRequired":true,"valueName":"search_term_string"}}],"inLanguage":"de"}]}},"jetpack_sharing_enabled":true,"_links":{"self":[{"href":"https:\/\/prodemo.com\/de\/wp-json\/wp\/v2\/pages\/17100","targetHints":{"allow":["GET"]}}],"collection":[{"href":"https:\/\/prodemo.com\/de\/wp-json\/wp\/v2\/pages"}],"about":[{"href":"https:\/\/prodemo.com\/de\/wp-json\/wp\/v2\/types\/page"}],"author":[{"embeddable":true,"href":"https:\/\/prodemo.com\/de\/wp-json\/wp\/v2\/users\/1"}],"replies":[{"embeddable":true,"href":"https:\/\/prodemo.com\/de\/wp-json\/wp\/v2\/comments?post=17100"}],"version-history":[{"count":15,"href":"https:\/\/prodemo.com\/de\/wp-json\/wp\/v2\/pages\/17100\/revisions"}],"predecessor-version":[{"id":21787,"href":"https:\/\/prodemo.com\/de\/wp-json\/wp\/v2\/pages\/17100\/revisions\/21787"}],"wp:attachment":[{"href":"https:\/\/prodemo.com\/de\/wp-json\/wp\/v2\/media?parent=17100"}],"wp:term":[{"taxonomy":"category","embeddable":true,"href":"https:\/\/prodemo.com\/de\/wp-json\/wp\/v2\/categories?post=17100"}],"curies":[{"name":"wp","href":"https:\/\/api.w.org\/{rel}","templated":true}]}}